{"id":770,"date":"2024-01-30T10:36:58","date_gmt":"2024-01-30T14:36:58","guid":{"rendered":"https:\/\/rss-nmr.info\/?page_id=770"},"modified":"2025-09-16T11:40:16","modified_gmt":"2025-09-16T15:40:16","slug":"turc","status":"publish","type":"page","link":"https:\/\/rss-nmr.info\/index.php\/turc\/","title":{"rendered":"Turc"},"content":{"rendered":"\n<figure class=\"wp-block-image aligncenter size-full\"><img decoding=\"async\" width=\"147\" height=\"107\" src=\"https:\/\/rss-nmr.info\/wp-content\/uploads\/2024\/01\/turc.jpg\" alt=\"\" class=\"wp-image-1020\"\/><\/figure>\n\n\n\n<h1 class=\"wp-block-heading has-text-align-center\">T\u00fcrk\u00e7e k\u00fct\u00fcphane (google \u00e7eviri)<\/h1>\n\n\n\n<div data-wp-interactive=\"core\/file\" class=\"wp-block-file aligncenter\"><object data-wp-bind--hidden=\"!state.hasPdfPreview\" hidden class=\"wp-block-file__embed\" data=\"https:\/\/rss-nmr.info\/wp-content\/uploads\/2024\/02\/turc-2024-02-03-description-rss-nmr-tecnico-scientifique-presentation-rev-01.pdf\" type=\"application\/pdf\" style=\"width:100%;height:600px\" aria-label=\"Contenu embarqu\u00e9 turc-2024-02-03-description-rss-nmr-tecnico-scientifique-presentation-rev-01.\"><\/object><a id=\"wp-block-file--media-4acb180a-5213-4983-8a90-0f121482cc5e\" href=\"https:\/\/rss-nmr.info\/wp-content\/uploads\/2024\/02\/turc-2024-02-03-description-rss-nmr-tecnico-scientifique-presentation-rev-01.pdf\">turc-2024-02-03-description-rss-nmr-tecnico-scientifique-presentation-rev-01<\/a><a href=\"https:\/\/rss-nmr.info\/wp-content\/uploads\/2024\/02\/turc-2024-02-03-description-rss-nmr-tecnico-scientifique-presentation-rev-01.pdf\" class=\"wp-block-file__button wp-element-button\" download aria-describedby=\"wp-block-file--media-4acb180a-5213-4983-8a90-0f121482cc5e\">T\u00e9l\u00e9charger<\/a><\/div>\n\n\n\n<div data-wp-interactive=\"core\/file\" class=\"wp-block-file aligncenter\"><object data-wp-bind--hidden=\"!state.hasPdfPreview\" hidden class=\"wp-block-file__embed\" data=\"https:\/\/rss-nmr.info\/wp-content\/uploads\/2024\/01\/TURK-Poisk-Group-LLC-MINERAL-EXPLORATION-INNOVATIVE-AND-EFFICIENT-SOLUTIONS-PDF.pdf\" type=\"application\/pdf\" style=\"width:100%;height:600px\" aria-label=\"Contenu embarqu\u00e9 TURK-Poisk-Group-LLC-MINERAL-EXPLORATION-INNOVATIVE-AND-EFFICIENT-SOLUTIONS-PDF.\"><\/object><a id=\"wp-block-file--media-eee2a8c7-3ac1-43ab-8a7a-eb2dee586dae\" href=\"https:\/\/rss-nmr.info\/wp-content\/uploads\/2024\/01\/TURK-Poisk-Group-LLC-MINERAL-EXPLORATION-INNOVATIVE-AND-EFFICIENT-SOLUTIONS-PDF.pdf\">TURK-Poisk-Group-LLC-MINERAL-EXPLORATION-INNOVATIVE-AND-EFFICIENT-SOLUTIONS-PDF<\/a><a href=\"https:\/\/rss-nmr.info\/wp-content\/uploads\/2024\/01\/TURK-Poisk-Group-LLC-MINERAL-EXPLORATION-INNOVATIVE-AND-EFFICIENT-SOLUTIONS-PDF.pdf\" class=\"wp-block-file__button wp-element-button\" download aria-describedby=\"wp-block-file--media-eee2a8c7-3ac1-43ab-8a7a-eb2dee586dae\">T\u00e9l\u00e9charger<\/a><\/div>\n\n\n\n<div data-wp-interactive=\"core\/file\" class=\"wp-block-file aligncenter\"><object data-wp-bind--hidden=\"!state.hasPdfPreview\" hidden class=\"wp-block-file__embed\" data=\"https:\/\/rss-nmr.info\/wp-content\/uploads\/2024\/01\/turk-Kovalev-Pukhliy-Soldatova-ABOUT-THE-MECHANISM-FOR-FORMATION-OF-VOLUME-EXPLOSIONS-AND-DETONATION-OF-HYDROCARBON-GAS-IN-COAL-MINE-SUDC-550-837.3-Published-Ufa-2014-1-1.pdf\" type=\"application\/pdf\" style=\"width:100%;height:600px\" aria-label=\"Contenu embarqu\u00e9 turk-Kovalev-Pukhliy-Soldatova-ABOUT-THE-MECHANISM-FOR-FORMATION-OF-VOLUME-EXPLOSIONS-AND-DETONATION-OF-HYDROCARBON-GAS-IN-COAL-MINE-SUDC-550-837.3-Published-Ufa-2014-1-1.\"><\/object><a id=\"wp-block-file--media-df91b247-d354-46e5-9b87-da97af68e8c5\" href=\"https:\/\/rss-nmr.info\/wp-content\/uploads\/2024\/01\/turk-Kovalev-Pukhliy-Soldatova-ABOUT-THE-MECHANISM-FOR-FORMATION-OF-VOLUME-EXPLOSIONS-AND-DETONATION-OF-HYDROCARBON-GAS-IN-COAL-MINE-SUDC-550-837.3-Published-Ufa-2014-1-1.pdf\">turk-Kovalev-Pukhliy-Soldatova-ABOUT-THE-MECHANISM-FOR-FORMATION-OF-VOLUME-EXPLOSIONS-AND-DETONATION-OF-HYDROCARBON-GAS-IN-COAL-MINE-SUDC-550-837.3-Published-Ufa-2014-1-1<\/a><a href=\"https:\/\/rss-nmr.info\/wp-content\/uploads\/2024\/01\/turk-Kovalev-Pukhliy-Soldatova-ABOUT-THE-MECHANISM-FOR-FORMATION-OF-VOLUME-EXPLOSIONS-AND-DETONATION-OF-HYDROCARBON-GAS-IN-COAL-MINE-SUDC-550-837.3-Published-Ufa-2014-1-1.pdf\" class=\"wp-block-file__button wp-element-button\" download aria-describedby=\"wp-block-file--media-df91b247-d354-46e5-9b87-da97af68e8c5\">T\u00e9l\u00e9charger<\/a><\/div>\n\n\n\n<div data-wp-interactive=\"core\/file\" class=\"wp-block-file aligncenter\"><object data-wp-bind--hidden=\"!state.hasPdfPreview\" hidden class=\"wp-block-file__embed\" data=\"https:\/\/rss-nmr.info\/wp-content\/uploads\/2024\/01\/turk-Kovalev-Belyavsky-EXPERIENCE-OF-FORECASTING-GEOLOGICAL-xRESEARCH-OF-HYDROCARBON-ANOMALIES-\u0423\u0414\u041a-550.837.3-2015Institute-of-Nuclear-Energy-and-Industry-1.pdf\" type=\"application\/pdf\" style=\"width:100%;height:600px\" aria-label=\"Contenu embarqu\u00e9 turk-Kovalev-Belyavsky-EXPERIENCE-OF-FORECASTING-GEOLOGICAL-xRESEARCH-OF-HYDROCARBON-ANOMALIES-\u0423\u0414\u041a-550.837.3-2015Institute-of-Nuclear-Energy-and-Industry-1.\"><\/object><a id=\"wp-block-file--media-9a61e4fe-0ff6-4324-8d55-a0f891eef72e\" href=\"https:\/\/rss-nmr.info\/wp-content\/uploads\/2024\/01\/turk-Kovalev-Belyavsky-EXPERIENCE-OF-FORECASTING-GEOLOGICAL-xRESEARCH-OF-HYDROCARBON-ANOMALIES-\u0423\u0414\u041a-550.837.3-2015Institute-of-Nuclear-Energy-and-Industry-1.pdf\">turk-Kovalev-Belyavsky-EXPERIENCE-OF-FORECASTING-GEOLOGICAL-xRESEARCH-OF-HYDROCARBON-ANOMALIES-\u0423\u0414\u041a-550.837.3-2015Institute-of-Nuclear-Energy-and-Industry-1<\/a><a href=\"https:\/\/rss-nmr.info\/wp-content\/uploads\/2024\/01\/turk-Kovalev-Belyavsky-EXPERIENCE-OF-FORECASTING-GEOLOGICAL-xRESEARCH-OF-HYDROCARBON-ANOMALIES-\u0423\u0414\u041a-550.837.3-2015Institute-of-Nuclear-Energy-and-Industry-1.pdf\" class=\"wp-block-file__button wp-element-button\" download aria-describedby=\"wp-block-file--media-9a61e4fe-0ff6-4324-8d55-a0f891eef72e\">T\u00e9l\u00e9charger<\/a><\/div>\n\n\n\n<div data-wp-interactive=\"core\/file\" class=\"wp-block-file aligncenter\"><object data-wp-bind--hidden=\"!state.hasPdfPreview\" hidden class=\"wp-block-file__embed\" data=\"https:\/\/rss-nmr.info\/wp-content\/uploads\/2024\/01\/turc-Poisk-Group-EARTH-REMOTE-SENSING-ERS-AND-NUCLEAR-MAGNETIC-RESONANCE-NMR-IN-EXPLORATION-OF-HYDROCARBONS-MINERALS-AND-WATER-RESOURCES-PDF-1.pdf\" type=\"application\/pdf\" style=\"width:100%;height:600px\" aria-label=\"Contenu embarqu\u00e9 turc-Poisk-Group-EARTH-REMOTE-SENSING-ERS-AND-NUCLEAR-MAGNETIC-RESONANCE-NMR-IN-EXPLORATION-OF-HYDROCARBONS-MINERALS-AND-WATER-RESOURCES-PDF-1.\"><\/object><a id=\"wp-block-file--media-c827f13d-dca4-4a83-a5bb-30a485fdac7f\" href=\"https:\/\/rss-nmr.info\/wp-content\/uploads\/2024\/01\/turc-Poisk-Group-EARTH-REMOTE-SENSING-ERS-AND-NUCLEAR-MAGNETIC-RESONANCE-NMR-IN-EXPLORATION-OF-HYDROCARBONS-MINERALS-AND-WATER-RESOURCES-PDF-1.pdf\">turc-Poisk-Group-EARTH-REMOTE-SENSING-ERS-AND-NUCLEAR-MAGNETIC-RESONANCE-NMR-IN-EXPLORATION-OF-HYDROCARBONS-MINERALS-AND-WATER-RESOURCES-PDF-1<\/a><a href=\"https:\/\/rss-nmr.info\/wp-content\/uploads\/2024\/01\/turc-Poisk-Group-EARTH-REMOTE-SENSING-ERS-AND-NUCLEAR-MAGNETIC-RESONANCE-NMR-IN-EXPLORATION-OF-HYDROCARBONS-MINERALS-AND-WATER-RESOURCES-PDF-1.pdf\" class=\"wp-block-file__button wp-element-button\" download aria-describedby=\"wp-block-file--media-c827f13d-dca4-4a83-a5bb-30a485fdac7f\">T\u00e9l\u00e9charger<\/a><\/div>\n\n\n\n<div data-wp-interactive=\"core\/file\" class=\"wp-block-file aligncenter\"><object data-wp-bind--hidden=\"!state.hasPdfPreview\" hidden class=\"wp-block-file__embed\" data=\"https:\/\/rss-nmr.info\/wp-content\/uploads\/2024\/01\/turc-Kovalev-ISSN-1684-2189-GEOINFORMATIKA-2010-4-1.pdf\" type=\"application\/pdf\" style=\"width:100%;height:600px\" aria-label=\"Contenu embarqu\u00e9 turc-Kovalev-ISSN-1684-2189-GEOINFORMATIKA-2010-4-1.\"><\/object><a id=\"wp-block-file--media-d1075fb8-8ca5-45f4-8adc-4f277dfb8f15\" href=\"https:\/\/rss-nmr.info\/wp-content\/uploads\/2024\/01\/turc-Kovalev-ISSN-1684-2189-GEOINFORMATIKA-2010-4-1.pdf\">turc-Kovalev-ISSN-1684-2189-GEOINFORMATIKA-2010-4-1<\/a><a href=\"https:\/\/rss-nmr.info\/wp-content\/uploads\/2024\/01\/turc-Kovalev-ISSN-1684-2189-GEOINFORMATIKA-2010-4-1.pdf\" class=\"wp-block-file__button wp-element-button\" download aria-describedby=\"wp-block-file--media-d1075fb8-8ca5-45f4-8adc-4f277dfb8f15\">T\u00e9l\u00e9charger<\/a><\/div>\n\n\n\n<div data-wp-interactive=\"core\/file\" class=\"wp-block-file aligncenter\"><object data-wp-bind--hidden=\"!state.hasPdfPreview\" hidden class=\"wp-block-file__embed\" data=\"https:\/\/rss-nmr.info\/wp-content\/uploads\/2024\/01\/TURC-FANDS-RSSNMR-comment-fonctionne-la-RSS-NMR-et-comparaison-avec-les-autre-s-techniques.pdf\" type=\"application\/pdf\" style=\"width:100%;height:600px\" aria-label=\"Contenu embarqu\u00e9 TURC-FANDS-RSSNMR-comment-fonctionne-la-RSS-NMR-et-comparaison-avec-les-autre-s-techniques.\"><\/object><a id=\"wp-block-file--media-148ce7a5-11ce-4b6b-a255-933aabd6000a\" href=\"https:\/\/rss-nmr.info\/wp-content\/uploads\/2024\/01\/TURC-FANDS-RSSNMR-comment-fonctionne-la-RSS-NMR-et-comparaison-avec-les-autre-s-techniques.pdf\">TURC-FANDS-RSSNMR-comment-fonctionne-la-RSS-NMR-et-comparaison-avec-les-autre-s-techniques<\/a><a href=\"https:\/\/rss-nmr.info\/wp-content\/uploads\/2024\/01\/TURC-FANDS-RSSNMR-comment-fonctionne-la-RSS-NMR-et-comparaison-avec-les-autre-s-techniques.pdf\" class=\"wp-block-file__button wp-element-button\" download aria-describedby=\"wp-block-file--media-148ce7a5-11ce-4b6b-a255-933aabd6000a\">T\u00e9l\u00e9charger<\/a><\/div>\n\n\n\n<div data-wp-interactive=\"core\/file\" class=\"wp-block-file aligncenter\"><object data-wp-bind--hidden=\"!state.hasPdfPreview\" hidden class=\"wp-block-file__embed\" data=\"https:\/\/rss-nmr.info\/wp-content\/uploads\/2024\/01\/TURC-FANDS-RSSNMR-Evolution-de-l-exploration.pdf\" type=\"application\/pdf\" style=\"width:100%;height:600px\" aria-label=\"Contenu embarqu\u00e9 TURC-FANDS-RSSNMR-Evolution-de-l-exploration.\"><\/object><a id=\"wp-block-file--media-2a43c374-27cd-420f-8b7c-704006e375d1\" href=\"https:\/\/rss-nmr.info\/wp-content\/uploads\/2024\/01\/TURC-FANDS-RSSNMR-Evolution-de-l-exploration.pdf\">TURC-FANDS-RSSNMR-Evolution-de-l-exploration<\/a><a href=\"https:\/\/rss-nmr.info\/wp-content\/uploads\/2024\/01\/TURC-FANDS-RSSNMR-Evolution-de-l-exploration.pdf\" class=\"wp-block-file__button wp-element-button\" download aria-describedby=\"wp-block-file--media-2a43c374-27cd-420f-8b7c-704006e375d1\">T\u00e9l\u00e9charger<\/a><\/div>\n\n\n\n<div data-wp-interactive=\"core\/file\" class=\"wp-block-file aligncenter\"><object data-wp-bind--hidden=\"!state.hasPdfPreview\" hidden class=\"wp-block-file__embed\" data=\"https:\/\/rss-nmr.info\/wp-content\/uploads\/2024\/01\/TURC-FANDS-RSSNMR-Que-es-la-RSS-NMR_Rev0.pdf\" type=\"application\/pdf\" style=\"width:100%;height:600px\" aria-label=\"Contenu embarqu\u00e9 TURC-FANDS-RSSNMR-Que-es-la-RSS-NMR_Rev0.\"><\/object><a id=\"wp-block-file--media-1da9410b-d393-43a3-96cf-1ffa2a4356c6\" href=\"https:\/\/rss-nmr.info\/wp-content\/uploads\/2024\/01\/TURC-FANDS-RSSNMR-Que-es-la-RSS-NMR_Rev0.pdf\">TURC-FANDS-RSSNMR-Que-es-la-RSS-NMR_Rev0<\/a><a href=\"https:\/\/rss-nmr.info\/wp-content\/uploads\/2024\/01\/TURC-FANDS-RSSNMR-Que-es-la-RSS-NMR_Rev0.pdf\" class=\"wp-block-file__button wp-element-button\" download aria-describedby=\"wp-block-file--media-1da9410b-d393-43a3-96cf-1ffa2a4356c6\">T\u00e9l\u00e9charger<\/a><\/div>\n\n\n\n<div data-wp-interactive=\"core\/file\" class=\"wp-block-file aligncenter\"><object data-wp-bind--hidden=\"!state.hasPdfPreview\" hidden class=\"wp-block-file__embed\" data=\"https:\/\/rss-nmr.info\/wp-content\/uploads\/2024\/01\/TURC-FANDS-RSSNMR-Re-exploration-champs-mature-avex-RSS-NMR-.pdf\" type=\"application\/pdf\" style=\"width:100%;height:600px\" aria-label=\"Contenu embarqu\u00e9 TURC-FANDS-RSSNMR-Re-exploration-champs-mature-avex-RSS-NMR-.\"><\/object><a id=\"wp-block-file--media-02014e44-32c2-446e-8bf8-9957224421d6\" href=\"https:\/\/rss-nmr.info\/wp-content\/uploads\/2024\/01\/TURC-FANDS-RSSNMR-Re-exploration-champs-mature-avex-RSS-NMR-.pdf\">TURC-FANDS-RSSNMR-Re-exploration-champs-mature-avex-RSS-NMR-<\/a><a href=\"https:\/\/rss-nmr.info\/wp-content\/uploads\/2024\/01\/TURC-FANDS-RSSNMR-Re-exploration-champs-mature-avex-RSS-NMR-.pdf\" class=\"wp-block-file__button wp-element-button\" download aria-describedby=\"wp-block-file--media-02014e44-32c2-446e-8bf8-9957224421d6\">T\u00e9l\u00e9charger<\/a><\/div>\n\n\n\n<figure class=\"wp-block-video aligncenter\"><video height=\"720\" style=\"aspect-ratio: 1280 \/ 720;\" width=\"1280\" controls src=\"https:\/\/rss-nmr.info\/wp-content\/uploads\/2025\/09\/rss-uk-fands-1.mp4\"><\/video><\/figure>\n\n\n\n<div data-wp-interactive=\"core\/file\" class=\"wp-block-file\"><object data-wp-bind--hidden=\"!state.hasPdfPreview\" hidden class=\"wp-block-file__embed\" data=\"https:\/\/rss-nmr.info\/wp-content\/uploads\/2024\/01\/TURC-FANDS-RSSNMR-strategie-d-utilisation-de-la-MNR.pdf\" type=\"application\/pdf\" style=\"width:100%;height:600px\" aria-label=\"Contenu embarqu\u00e9 TURC-FANDS-RSSNMR-strategie-d-utilisation-de-la-MNR.\"><\/object><a id=\"wp-block-file--media-ca5cc5ce-4556-4c54-ae17-7fb814820294\" href=\"https:\/\/rss-nmr.info\/wp-content\/uploads\/2024\/01\/TURC-FANDS-RSSNMR-strategie-d-utilisation-de-la-MNR.pdf\">TURC-FANDS-RSSNMR-strategie-d-utilisation-de-la-MNR<\/a><a href=\"https:\/\/rss-nmr.info\/wp-content\/uploads\/2024\/01\/TURC-FANDS-RSSNMR-strategie-d-utilisation-de-la-MNR.pdf\" class=\"wp-block-file__button wp-element-button\" download aria-describedby=\"wp-block-file--media-ca5cc5ce-4556-4c54-ae17-7fb814820294\">T\u00e9l\u00e9charger<\/a><\/div>\n\n\n\n<figure class=\"wp-block-video aligncenter\"><video height=\"1080\" style=\"aspect-ratio: 1528 \/ 1080;\" width=\"1528\" controls src=\"https:\/\/rss-nmr.info\/wp-content\/uploads\/2025\/09\/film-or-chine_musique-et-logo-fands.mp4\"><\/video><\/figure>\n\n\n\n<div data-wp-interactive=\"core\/file\" class=\"wp-block-file aligncenter\"><object data-wp-bind--hidden=\"!state.hasPdfPreview\" hidden class=\"wp-block-file__embed\" data=\"https:\/\/rss-nmr.info\/wp-content\/uploads\/2024\/01\/TURC-Les-compagnies-petrolieres-peuvent-sauver-des-quantites-astronomiques-d.pdf\" type=\"application\/pdf\" style=\"width:100%;height:600px\" aria-label=\"Contenu embarqu\u00e9 TURC-Les-compagnies-petrolieres-peuvent-sauver-des-quantites-astronomiques-d.\"><\/object><a id=\"wp-block-file--media-a544fa39-3980-4099-a8b5-17ad448b1895\" href=\"https:\/\/rss-nmr.info\/wp-content\/uploads\/2024\/01\/TURC-Les-compagnies-petrolieres-peuvent-sauver-des-quantites-astronomiques-d.pdf\">TURC-Les-compagnies-petrolieres-peuvent-sauver-des-quantites-astronomiques-d<\/a><a href=\"https:\/\/rss-nmr.info\/wp-content\/uploads\/2024\/01\/TURC-Les-compagnies-petrolieres-peuvent-sauver-des-quantites-astronomiques-d.pdf\" class=\"wp-block-file__button wp-element-button\" download aria-describedby=\"wp-block-file--media-a544fa39-3980-4099-a8b5-17ad448b1895\">T\u00e9l\u00e9charger<\/a><\/div>\n\n\n\n<figure class=\"wp-block-image aligncenter size-full\"><img fetchpriority=\"high\" decoding=\"async\" width=\"419\" height=\"362\" src=\"https:\/\/rss-nmr.info\/wp-content\/uploads\/2025\/09\/cartouche-pour-page-rssnmr.jpg\" alt=\"\" class=\"wp-image-2070\" srcset=\"https:\/\/rss-nmr.info\/wp-content\/uploads\/2025\/09\/cartouche-pour-page-rssnmr.jpg 419w, https:\/\/rss-nmr.info\/wp-content\/uploads\/2025\/09\/cartouche-pour-page-rssnmr-300x259.jpg 300w\" sizes=\"(max-width: 419px) 100vw, 419px\" \/><\/figure>\n","protected":false},"excerpt":{"rendered":"<p>T\u00fcrk\u00e7e k\u00fct\u00fcphane (google \u00e7eviri)<\/p>\n","protected":false},"author":1,"featured_media":0,"parent":0,"menu_order":0,"comment_status":"closed","ping_status":"closed","template":"","meta":{"two_page_speed":[],"footnotes":""},"class_list":["post-770","page","type-page","status-publish","hentry"],"_links":{"self":[{"href":"https:\/\/rss-nmr.info\/index.php\/wp-json\/wp\/v2\/pages\/770","targetHints":{"allow":["GET"]}}],"collection":[{"href":"https:\/\/rss-nmr.info\/index.php\/wp-json\/wp\/v2\/pages"}],"about":[{"href":"https:\/\/rss-nmr.info\/index.php\/wp-json\/wp\/v2\/types\/page"}],"author":[{"embeddable":true,"href":"https:\/\/rss-nmr.info\/index.php\/wp-json\/wp\/v2\/users\/1"}],"replies":[{"embeddable":true,"href":"https:\/\/rss-nmr.info\/index.php\/wp-json\/wp\/v2\/comments?post=770"}],"version-history":[{"count":7,"href":"https:\/\/rss-nmr.info\/index.php\/wp-json\/wp\/v2\/pages\/770\/revisions"}],"predecessor-version":[{"id":2140,"href":"https:\/\/rss-nmr.info\/index.php\/wp-json\/wp\/v2\/pages\/770\/revisions\/2140"}],"wp:attachment":[{"href":"https:\/\/rss-nmr.info\/index.php\/wp-json\/wp\/v2\/media?parent=770"}],"curies":[{"name":"wp","href":"https:\/\/api.w.org\/{rel}","templated":true}]}}