{"id":750,"date":"2024-01-30T10:22:28","date_gmt":"2024-01-30T14:22:28","guid":{"rendered":"https:\/\/rss-nmr.info\/?page_id=750"},"modified":"2026-04-01T15:43:55","modified_gmt":"2026-04-01T19:43:55","slug":"portugais","status":"publish","type":"page","link":"https:\/\/rss-nmr.info\/index.php\/portugais\/","title":{"rendered":"Br\u00e9silien-Portugais"},"content":{"rendered":"\n<!-- clock widget start -->\n<script type=\"text\/javascript\"> var css_file=document.createElement(\"link\"); css_file.setAttribute(\"rel\",\"stylesheet\"); css_file.setAttribute(\"type\",\"text\/css\"); css_file.setAttribute(\"href\",\"https:\/\/s.bookcdn.com\/\/css\/cl\/bw-cl-c22.css?v=0.0.1\"); document.getElementsByTagName(\"head\")[0].appendChild(css_file); <\/script> <div id=\"tw_22_114177258\"><div style=\"width:200px; height:px; margin: 0 auto;\"><a href=\"https:\/\/hotelmix.es\/time\/la-paz-13481\">La Paz<\/a><br\/><\/div><\/div> <script type=\"text\/javascript\"> function setWidgetData_114177258(data){ if(typeof(data) != 'undefined' && data.results.length > 0) { for(var i = 0; i < data.results.length; ++i) { var objMainBlock = ''; var params = data.results[i]; objMainBlock = document.getElementById('tw_'+params.widget_type+'_'+params.widget_id); if(objMainBlock !== null) objMainBlock.innerHTML = params.html_code; } } } var clock_timer_114177258 = -1; widgetSrc = \"https:\/\/widgets.booked.net\/time\/info?ver=2;domid=582;type=22;id=114177258;scode=;city_id=;wlangid=4;mode=1;details=0;background=ffffff;border_color=ffffff;color=686868;add_background=ffffff;add_color=333333;head_color=ffffff;border=0;transparent=0\"; var widgetUrl = location.href; widgetSrc += '&#038;ref=' + widgetUrl; var wstrackId = \"\"; if (wstrackId) { widgetSrc += ';wstrackId=' + wstrackId + ';' } var timeBookedScript = document.createElement(\"script\"); timeBookedScript.setAttribute(\"type\", \"text\/javascript\"); timeBookedScript.src = widgetSrc; document.body.appendChild(timeBookedScript); <\/script>\n<!-- clock widget end -->\n\n\n\n<figure class=\"wp-block-image aligncenter size-full\"><img decoding=\"async\" width=\"146\" height=\"107\" src=\"https:\/\/rss-nmr.info\/wp-content\/uploads\/2024\/01\/brasil.jpg\" alt=\"\" class=\"wp-image-998\"\/><\/figure>\n\n\n\n<figure class=\"wp-block-image alignwide size-large\"><img fetchpriority=\"high\" decoding=\"async\" width=\"1024\" height=\"571\" src=\"https:\/\/rss-nmr.info\/wp-content\/uploads\/2026\/04\/pt-des-usages-rss-1024x571.jpg\" alt=\"\" class=\"wp-image-2264\" srcset=\"https:\/\/rss-nmr.info\/wp-content\/uploads\/2026\/04\/pt-des-usages-rss-1024x571.jpg 1024w, https:\/\/rss-nmr.info\/wp-content\/uploads\/2026\/04\/pt-des-usages-rss-300x167.jpg 300w, https:\/\/rss-nmr.info\/wp-content\/uploads\/2026\/04\/pt-des-usages-rss-768x428.jpg 768w, https:\/\/rss-nmr.info\/wp-content\/uploads\/2026\/04\/pt-des-usages-rss-600x335.jpg 600w, https:\/\/rss-nmr.info\/wp-content\/uploads\/2026\/04\/pt-des-usages-rss.jpg 1434w\" sizes=\"(max-width: 1024px) 100vw, 1024px\" \/><\/figure>\n\n\n\n<div data-wp-interactive=\"core\/file\" class=\"wp-block-file alignwide\"><object data-wp-bind--hidden=\"!state.hasPdfPreview\" hidden class=\"wp-block-file__embed\" data=\"https:\/\/rss-nmr.info\/wp-content\/uploads\/2026\/03\/PT-BR-2026-03-28-Exploracao_Geofisica_Direta-1-converted-1.pdf\" type=\"application\/pdf\" style=\"width:100%;height:600px\" aria-label=\"Contenu embarqu\u00e9 PT-BR-2026-03-28-Explora\u00e7\u00e3o_Geof\u00edsica_Direta (1) - converted.\"><\/object><a id=\"wp-block-file--media-d60385be-fbf7-4069-8c2a-0ea3cd079559\" href=\"https:\/\/rss-nmr.info\/wp-content\/uploads\/2026\/03\/PT-BR-2026-03-28-Exploracao_Geofisica_Direta-1-converted-1.pdf\">PT-BR-2026-03-28-Explora\u00e7\u00e3o_Geof\u00edsica_Direta (1) - converted<\/a><a href=\"https:\/\/rss-nmr.info\/wp-content\/uploads\/2026\/03\/PT-BR-2026-03-28-Exploracao_Geofisica_Direta-1-converted-1.pdf\" class=\"wp-block-file__button wp-element-button\" download aria-describedby=\"wp-block-file--media-d60385be-fbf7-4069-8c2a-0ea3cd079559\">T\u00e9l\u00e9charger<\/a><\/div>\n\n\n\n<div data-wp-interactive=\"core\/file\" class=\"wp-block-file aligncenter\"><object data-wp-bind--hidden=\"!state.hasPdfPreview\" hidden class=\"wp-block-file__embed\" data=\"https:\/\/rss-nmr.info\/wp-content\/uploads\/2024\/02\/br-pt-2024-02-03-description-rss-nmr-tecnico-scientifique-presentation-rev-01-1.pdf\" type=\"application\/pdf\" style=\"width:100%;height:600px\" aria-label=\"Contenu embarqu\u00e9 br-pt-2024-02-03-description-rss-nmr-tecnico-scientifique-presentation-rev-01-1.\"><\/object><a id=\"wp-block-file--media-8eff1aec-7e18-410b-bcc0-d9c50bd127ff\" href=\"https:\/\/rss-nmr.info\/wp-content\/uploads\/2024\/02\/br-pt-2024-02-03-description-rss-nmr-tecnico-scientifique-presentation-rev-01-1.pdf\">br-pt-2024-02-03-description-rss-nmr-tecnico-scientifique-presentation-rev-01-1<\/a><a href=\"https:\/\/rss-nmr.info\/wp-content\/uploads\/2024\/02\/br-pt-2024-02-03-description-rss-nmr-tecnico-scientifique-presentation-rev-01-1.pdf\" class=\"wp-block-file__button wp-element-button\" download aria-describedby=\"wp-block-file--media-8eff1aec-7e18-410b-bcc0-d9c50bd127ff\">T\u00e9l\u00e9charger<\/a><\/div>\n\n\n\n<div data-wp-interactive=\"core\/file\" class=\"wp-block-file\"><object data-wp-bind--hidden=\"!state.hasPdfPreview\" hidden class=\"wp-block-file__embed\" data=\"https:\/\/rss-nmr.info\/wp-content\/uploads\/2024\/01\/portugais-Kovalev-Belyavsky-EXPERIENCE-OF-FORECASTING-GEOLOGICAL-xRESEARCH-OF-HYDROCARBON-ANOMALIES-\u0423\u0414\u041a-550.837.3-2015Institute-of-Nuclear-Energy-and-Industry-1-1.pdf\" type=\"application\/pdf\" style=\"width:100%;height:600px\" aria-label=\"Contenu embarqu\u00e9 portugais-Kovalev-Belyavsky-EXPERIENCE-OF-FORECASTING-GEOLOGICAL-xRESEARCH-OF-HYDROCARBON-ANOMALIES-\u0423\u0414\u041a-550.837.3-2015Institute-of-Nuclear-Energy-and-Industry-1-1.\"><\/object><a id=\"wp-block-file--media-577eaff2-6b20-4b72-bddf-39cb9eed5f63\" href=\"https:\/\/rss-nmr.info\/wp-content\/uploads\/2024\/01\/portugais-Kovalev-Belyavsky-EXPERIENCE-OF-FORECASTING-GEOLOGICAL-xRESEARCH-OF-HYDROCARBON-ANOMALIES-\u0423\u0414\u041a-550.837.3-2015Institute-of-Nuclear-Energy-and-Industry-1-1.pdf\">portugais-Kovalev-Belyavsky-EXPERIENCE-OF-FORECASTING-GEOLOGICAL-xRESEARCH-OF-HYDROCARBON-ANOMALIES-\u0423\u0414\u041a-550.837.3-2015Institute-of-Nuclear-Energy-and-Industry-1-1<\/a><a href=\"https:\/\/rss-nmr.info\/wp-content\/uploads\/2024\/01\/portugais-Kovalev-Belyavsky-EXPERIENCE-OF-FORECASTING-GEOLOGICAL-xRESEARCH-OF-HYDROCARBON-ANOMALIES-\u0423\u0414\u041a-550.837.3-2015Institute-of-Nuclear-Energy-and-Industry-1-1.pdf\" class=\"wp-block-file__button wp-element-button\" download aria-describedby=\"wp-block-file--media-577eaff2-6b20-4b72-bddf-39cb9eed5f63\">T\u00e9l\u00e9charger<\/a><\/div>\n\n\n\n<div data-wp-interactive=\"core\/file\" class=\"wp-block-file aligncenter\"><object data-wp-bind--hidden=\"!state.hasPdfPreview\" hidden class=\"wp-block-file__embed\" data=\"https:\/\/rss-nmr.info\/wp-content\/uploads\/2024\/01\/portugais-Kovalev-ISSN-1684-2189-GEOINFORMATIKA-2010-4-1.pdf\" type=\"application\/pdf\" style=\"width:100%;height:600px\" aria-label=\"Contenu embarqu\u00e9 portugais-Kovalev-ISSN-1684-2189-GEOINFORMATIKA-2010-4-1.\"><\/object><a id=\"wp-block-file--media-32f17249-16be-4919-b30f-2e1a92482701\" href=\"https:\/\/rss-nmr.info\/wp-content\/uploads\/2024\/01\/portugais-Kovalev-ISSN-1684-2189-GEOINFORMATIKA-2010-4-1.pdf\">portugais-Kovalev-ISSN-1684-2189-GEOINFORMATIKA-2010-4-1<\/a><a href=\"https:\/\/rss-nmr.info\/wp-content\/uploads\/2024\/01\/portugais-Kovalev-ISSN-1684-2189-GEOINFORMATIKA-2010-4-1.pdf\" class=\"wp-block-file__button wp-element-button\" download aria-describedby=\"wp-block-file--media-32f17249-16be-4919-b30f-2e1a92482701\">T\u00e9l\u00e9charger<\/a><\/div>\n\n\n\n<div data-wp-interactive=\"core\/file\" class=\"wp-block-file\"><object data-wp-bind--hidden=\"!state.hasPdfPreview\" hidden class=\"wp-block-file__embed\" data=\"https:\/\/rss-nmr.info\/wp-content\/uploads\/2024\/01\/portugais-Kovalev-Pukhliy-Soldatova-ABOUT-THE-MECHANISM-FOR-FORMATION-OF-VOLUME-EXPLOSIONS-AND-DETONATION-OF-HYDROCARBON-GAS-IN-COAL-MINE-SUDC-550-837.3-Published-Ufa-2014-1.pdf\" type=\"application\/pdf\" style=\"width:100%;height:600px\" aria-label=\"Contenu embarqu\u00e9 portugais-Kovalev-Pukhliy-Soldatova-ABOUT-THE-MECHANISM-FOR-FORMATION-OF-VOLUME-EXPLOSIONS-AND-DETONATION-OF-HYDROCARBON-GAS-IN-COAL-MINE-SUDC-550-837.3-Published-Ufa-2014-1.\"><\/object><a id=\"wp-block-file--media-552cd211-a60d-4d78-893e-0666a3dd77c5\" href=\"https:\/\/rss-nmr.info\/wp-content\/uploads\/2024\/01\/portugais-Kovalev-Pukhliy-Soldatova-ABOUT-THE-MECHANISM-FOR-FORMATION-OF-VOLUME-EXPLOSIONS-AND-DETONATION-OF-HYDROCARBON-GAS-IN-COAL-MINE-SUDC-550-837.3-Published-Ufa-2014-1.pdf\">portugais-Kovalev-Pukhliy-Soldatova-ABOUT-THE-MECHANISM-FOR-FORMATION-OF-VOLUME-EXPLOSIONS-AND-DETONATION-OF-HYDROCARBON-GAS-IN-COAL-MINE-SUDC-550-837.3-Published-Ufa-2014-1<\/a><a href=\"https:\/\/rss-nmr.info\/wp-content\/uploads\/2024\/01\/portugais-Kovalev-Pukhliy-Soldatova-ABOUT-THE-MECHANISM-FOR-FORMATION-OF-VOLUME-EXPLOSIONS-AND-DETONATION-OF-HYDROCARBON-GAS-IN-COAL-MINE-SUDC-550-837.3-Published-Ufa-2014-1.pdf\" class=\"wp-block-file__button wp-element-button\" download aria-describedby=\"wp-block-file--media-552cd211-a60d-4d78-893e-0666a3dd77c5\">T\u00e9l\u00e9charger<\/a><\/div>\n\n\n\n<div data-wp-interactive=\"core\/file\" class=\"wp-block-file alignwide\"><object data-wp-bind--hidden=\"!state.hasPdfPreview\" hidden class=\"wp-block-file__embed\" data=\"https:\/\/rss-nmr.info\/wp-content\/uploads\/2026\/03\/br-pt-2014-05-04-noc-versus-privada-comprimido.pdf\" type=\"application\/pdf\" style=\"width:100%;height:600px\" aria-label=\"Contenu embarqu\u00e9 br-pt-2014-05-04 noc versus privada-comprimido.\"><\/object><a id=\"wp-block-file--media-fa40f0ee-87a7-499d-b597-6f23863f7c28\" href=\"https:\/\/rss-nmr.info\/wp-content\/uploads\/2026\/03\/br-pt-2014-05-04-noc-versus-privada-comprimido.pdf\">br-pt-2014-05-04 noc versus privada-comprimido<\/a><a href=\"https:\/\/rss-nmr.info\/wp-content\/uploads\/2026\/03\/br-pt-2014-05-04-noc-versus-privada-comprimido.pdf\" class=\"wp-block-file__button wp-element-button\" download aria-describedby=\"wp-block-file--media-fa40f0ee-87a7-499d-b597-6f23863f7c28\">T\u00e9l\u00e9charger<\/a><\/div>\n\n\n\n<h1 class=\"wp-block-heading alignwide has-text-align-center\">Biblioteca em portugu\u00eas do Brasil (google tradutor)<\/h1>\n\n\n\n<div data-wp-interactive=\"core\/file\" class=\"wp-block-file alignwide\"><object data-wp-bind--hidden=\"!state.hasPdfPreview\" hidden class=\"wp-block-file__embed\" data=\"https:\/\/rss-nmr.info\/wp-content\/uploads\/2024\/01\/portugais-Poisk-Group-EARTH-REMOTE-SENSING-ERS-AND-NUCLEAR-MAGNETIC-RESONANCE-NMR-IN-EXPLORATION-OF-HYDROCARBONS-MINERALS-AND-WATER-RESOURCES-PDF-1.pdf\" type=\"application\/pdf\" style=\"width:100%;height:600px\" aria-label=\"Contenu embarqu\u00e9 portugais-Poisk-Group-EARTH-REMOTE-SENSING-ERS-AND-NUCLEAR-MAGNETIC-RESONANCE-NMR-IN-EXPLORATION-OF-HYDROCARBONS-MINERALS-AND-WATER-RESOURCES-PDF-1.\"><\/object><a id=\"wp-block-file--media-f5f225c3-02b0-4bab-8d8f-68496fe4e3ac\" href=\"https:\/\/rss-nmr.info\/wp-content\/uploads\/2024\/01\/portugais-Poisk-Group-EARTH-REMOTE-SENSING-ERS-AND-NUCLEAR-MAGNETIC-RESONANCE-NMR-IN-EXPLORATION-OF-HYDROCARBONS-MINERALS-AND-WATER-RESOURCES-PDF-1.pdf\">portugais-Poisk-Group-EARTH-REMOTE-SENSING-ERS-AND-NUCLEAR-MAGNETIC-RESONANCE-NMR-IN-EXPLORATION-OF-HYDROCARBONS-MINERALS-AND-WATER-RESOURCES-PDF-1<\/a><a href=\"https:\/\/rss-nmr.info\/wp-content\/uploads\/2024\/01\/portugais-Poisk-Group-EARTH-REMOTE-SENSING-ERS-AND-NUCLEAR-MAGNETIC-RESONANCE-NMR-IN-EXPLORATION-OF-HYDROCARBONS-MINERALS-AND-WATER-RESOURCES-PDF-1.pdf\" class=\"wp-block-file__button wp-element-button\" download aria-describedby=\"wp-block-file--media-f5f225c3-02b0-4bab-8d8f-68496fe4e3ac\">T\u00e9l\u00e9charger<\/a><\/div>\n\n\n\n<div data-wp-interactive=\"core\/file\" class=\"wp-block-file aligncenter\"><object data-wp-bind--hidden=\"!state.hasPdfPreview\" hidden class=\"wp-block-file__embed\" data=\"https:\/\/rss-nmr.info\/wp-content\/uploads\/2024\/01\/portugais-Poisk-Group-LLC-MINERAL-EXPLORATION-INNOVATIVE-AND-EFFICIENT-SOLUTIONS-PDF-1.pdf\" type=\"application\/pdf\" style=\"width:100%;height:600px\" aria-label=\"Contenu embarqu\u00e9 portugais-Poisk-Group-LLC-MINERAL-EXPLORATION-INNOVATIVE-AND-EFFICIENT-SOLUTIONS-PDF-1.\"><\/object><a id=\"wp-block-file--media-f810cae3-06e7-4ab2-ae7f-bc1a56695877\" href=\"https:\/\/rss-nmr.info\/wp-content\/uploads\/2024\/01\/portugais-Poisk-Group-LLC-MINERAL-EXPLORATION-INNOVATIVE-AND-EFFICIENT-SOLUTIONS-PDF-1.pdf\">portugais-Poisk-Group-LLC-MINERAL-EXPLORATION-INNOVATIVE-AND-EFFICIENT-SOLUTIONS-PDF-1<\/a><a href=\"https:\/\/rss-nmr.info\/wp-content\/uploads\/2024\/01\/portugais-Poisk-Group-LLC-MINERAL-EXPLORATION-INNOVATIVE-AND-EFFICIENT-SOLUTIONS-PDF-1.pdf\" class=\"wp-block-file__button wp-element-button\" download aria-describedby=\"wp-block-file--media-f810cae3-06e7-4ab2-ae7f-bc1a56695877\">T\u00e9l\u00e9charger<\/a><\/div>\n\n\n\n<div data-wp-interactive=\"core\/file\" class=\"wp-block-file aligncenter\"><object data-wp-bind--hidden=\"!state.hasPdfPreview\" hidden class=\"wp-block-file__embed\" data=\"https:\/\/rss-nmr.info\/wp-content\/uploads\/2024\/01\/PORTUGAIS-FANDS-RSSNMR-comment-fonctionne-la-RSS-NMR-et-comparaison-avec-les-autre-s-techniques-1.pdf\" type=\"application\/pdf\" style=\"width:100%;height:600px\" aria-label=\"Contenu embarqu\u00e9 PORTUGAIS-FANDS-RSSNMR-comment-fonctionne-la-RSS-NMR-et-comparaison-avec-les-autre-s-techniques-1.\"><\/object><a id=\"wp-block-file--media-565d5864-a66b-49ad-b497-81372742ad9b\" href=\"https:\/\/rss-nmr.info\/wp-content\/uploads\/2024\/01\/PORTUGAIS-FANDS-RSSNMR-comment-fonctionne-la-RSS-NMR-et-comparaison-avec-les-autre-s-techniques-1.pdf\">PORTUGAIS-FANDS-RSSNMR-comment-fonctionne-la-RSS-NMR-et-comparaison-avec-les-autre-s-techniques-1<\/a><a href=\"https:\/\/rss-nmr.info\/wp-content\/uploads\/2024\/01\/PORTUGAIS-FANDS-RSSNMR-comment-fonctionne-la-RSS-NMR-et-comparaison-avec-les-autre-s-techniques-1.pdf\" class=\"wp-block-file__button wp-element-button\" download aria-describedby=\"wp-block-file--media-565d5864-a66b-49ad-b497-81372742ad9b\">T\u00e9l\u00e9charger<\/a><\/div>\n\n\n\n<div data-wp-interactive=\"core\/file\" class=\"wp-block-file aligncenter\"><object data-wp-bind--hidden=\"!state.hasPdfPreview\" hidden class=\"wp-block-file__embed\" data=\"https:\/\/rss-nmr.info\/wp-content\/uploads\/2024\/01\/PORTUGAIS-FANDS-RSSNMR-Evolution-de-l-exploration.pdf\" type=\"application\/pdf\" style=\"width:100%;height:600px\" aria-label=\"Contenu embarqu\u00e9 PORTUGAIS-FANDS-RSSNMR-Evolution-de-l-exploration.\"><\/object><a id=\"wp-block-file--media-a231dfa3-404b-4703-a02c-a0077208010b\" href=\"https:\/\/rss-nmr.info\/wp-content\/uploads\/2024\/01\/PORTUGAIS-FANDS-RSSNMR-Evolution-de-l-exploration.pdf\">PORTUGAIS-FANDS-RSSNMR-Evolution-de-l-exploration<\/a><a href=\"https:\/\/rss-nmr.info\/wp-content\/uploads\/2024\/01\/PORTUGAIS-FANDS-RSSNMR-Evolution-de-l-exploration.pdf\" class=\"wp-block-file__button wp-element-button\" download aria-describedby=\"wp-block-file--media-a231dfa3-404b-4703-a02c-a0077208010b\">T\u00e9l\u00e9charger<\/a><\/div>\n\n\n\n<div data-wp-interactive=\"core\/file\" class=\"wp-block-file aligncenter\"><object data-wp-bind--hidden=\"!state.hasPdfPreview\" hidden class=\"wp-block-file__embed\" data=\"https:\/\/rss-nmr.info\/wp-content\/uploads\/2024\/01\/PORTUGAIS-FANDS-RSSNMR-GEOPHYSIQUE-INNOVANTE.pdf\" type=\"application\/pdf\" style=\"width:100%;height:600px\" aria-label=\"Contenu embarqu\u00e9 PORTUGAIS-FANDS-RSSNMR-GEOPHYSIQUE-INNOVANTE.\"><\/object><a id=\"wp-block-file--media-3769a631-42b3-424d-8455-189a68a11d60\" href=\"https:\/\/rss-nmr.info\/wp-content\/uploads\/2024\/01\/PORTUGAIS-FANDS-RSSNMR-GEOPHYSIQUE-INNOVANTE.pdf\">PORTUGAIS-FANDS-RSSNMR-GEOPHYSIQUE-INNOVANTE<\/a><a href=\"https:\/\/rss-nmr.info\/wp-content\/uploads\/2024\/01\/PORTUGAIS-FANDS-RSSNMR-GEOPHYSIQUE-INNOVANTE.pdf\" class=\"wp-block-file__button wp-element-button\" download aria-describedby=\"wp-block-file--media-3769a631-42b3-424d-8455-189a68a11d60\">T\u00e9l\u00e9charger<\/a><\/div>\n\n\n\n<div data-wp-interactive=\"core\/file\" class=\"wp-block-file aligncenter\"><object data-wp-bind--hidden=\"!state.hasPdfPreview\" hidden class=\"wp-block-file__embed\" data=\"https:\/\/rss-nmr.info\/wp-content\/uploads\/2024\/01\/PORTUGAIS-FANDS-RSSNMR-Que-es-la-RSS-NMR_Rev0.pdf\" type=\"application\/pdf\" style=\"width:100%;height:600px\" aria-label=\"Contenu embarqu\u00e9 PORTUGAIS-FANDS-RSSNMR-Que-es-la-RSS-NMR_Rev0.\"><\/object><a id=\"wp-block-file--media-c604cfab-42a4-48bb-b48c-ce540092ff52\" href=\"https:\/\/rss-nmr.info\/wp-content\/uploads\/2024\/01\/PORTUGAIS-FANDS-RSSNMR-Que-es-la-RSS-NMR_Rev0.pdf\">PORTUGAIS-FANDS-RSSNMR-Que-es-la-RSS-NMR_Rev0<\/a><a href=\"https:\/\/rss-nmr.info\/wp-content\/uploads\/2024\/01\/PORTUGAIS-FANDS-RSSNMR-Que-es-la-RSS-NMR_Rev0.pdf\" class=\"wp-block-file__button wp-element-button\" download aria-describedby=\"wp-block-file--media-c604cfab-42a4-48bb-b48c-ce540092ff52\">T\u00e9l\u00e9charger<\/a><\/div>\n\n\n\n<div data-wp-interactive=\"core\/file\" class=\"wp-block-file alignwide\"><object data-wp-bind--hidden=\"!state.hasPdfPreview\" hidden class=\"wp-block-file__embed\" data=\"https:\/\/rss-nmr.info\/wp-content\/uploads\/2024\/01\/PORTUGAIS-FANDS-RSSNMR-Re-exploration-champs-mature-avex-RSS-NMR-.pdf\" type=\"application\/pdf\" style=\"width:100%;height:600px\" aria-label=\"Contenu embarqu\u00e9 PORTUGAIS-FANDS-RSSNMR-Re-exploration-champs-mature-avex-RSS-NMR-.\"><\/object><a id=\"wp-block-file--media-c186944d-453c-4de3-8344-772c6b74416f\" href=\"https:\/\/rss-nmr.info\/wp-content\/uploads\/2024\/01\/PORTUGAIS-FANDS-RSSNMR-Re-exploration-champs-mature-avex-RSS-NMR-.pdf\">PORTUGAIS-FANDS-RSSNMR-Re-exploration-champs-mature-avex-RSS-NMR-<\/a><a href=\"https:\/\/rss-nmr.info\/wp-content\/uploads\/2024\/01\/PORTUGAIS-FANDS-RSSNMR-Re-exploration-champs-mature-avex-RSS-NMR-.pdf\" class=\"wp-block-file__button wp-element-button\" download aria-describedby=\"wp-block-file--media-c186944d-453c-4de3-8344-772c6b74416f\">T\u00e9l\u00e9charger<\/a><\/div>\n\n\n\n<div data-wp-interactive=\"core\/file\" class=\"wp-block-file alignwide\"><object data-wp-bind--hidden=\"!state.hasPdfPreview\" hidden class=\"wp-block-file__embed\" data=\"https:\/\/rss-nmr.info\/wp-content\/uploads\/2026\/03\/br-2014-08-30-RSS-NMR_Strategic_Exploration.pdf\" type=\"application\/pdf\" style=\"width:100%;height:600px\" aria-label=\"Contenu embarqu\u00e9 br-2014-08-30-RSS-NMR_Strategic_Exploration.\"><\/object><a id=\"wp-block-file--media-8c2666d1-b0e0-4cdd-b5cf-68dfee0f6545\" href=\"https:\/\/rss-nmr.info\/wp-content\/uploads\/2026\/03\/br-2014-08-30-RSS-NMR_Strategic_Exploration.pdf\">br-2014-08-30-RSS-NMR_Strategic_Exploration<\/a><a href=\"https:\/\/rss-nmr.info\/wp-content\/uploads\/2026\/03\/br-2014-08-30-RSS-NMR_Strategic_Exploration.pdf\" class=\"wp-block-file__button wp-element-button\" download aria-describedby=\"wp-block-file--media-8c2666d1-b0e0-4cdd-b5cf-68dfee0f6545\">T\u00e9l\u00e9charger<\/a><\/div>\n\n\n\n<div data-wp-interactive=\"core\/file\" class=\"wp-block-file\"><object data-wp-bind--hidden=\"!state.hasPdfPreview\" hidden class=\"wp-block-file__embed\" data=\"https:\/\/rss-nmr.info\/wp-content\/uploads\/2024\/01\/PORTUGAIS-FANDS-RSSNMR-strategie-d-utilisation-de-la-MNR.pdf\" type=\"application\/pdf\" style=\"width:100%;height:600px\" aria-label=\"Contenu embarqu\u00e9 PORTUGAIS-FANDS-RSSNMR-strategie-d-utilisation-de-la-MNR.\"><\/object><a id=\"wp-block-file--media-e5460227-2c31-40ee-8da7-73b978851757\" href=\"https:\/\/rss-nmr.info\/wp-content\/uploads\/2024\/01\/PORTUGAIS-FANDS-RSSNMR-strategie-d-utilisation-de-la-MNR.pdf\">PORTUGAIS-FANDS-RSSNMR-strategie-d-utilisation-de-la-MNR<\/a><a href=\"https:\/\/rss-nmr.info\/wp-content\/uploads\/2024\/01\/PORTUGAIS-FANDS-RSSNMR-strategie-d-utilisation-de-la-MNR.pdf\" class=\"wp-block-file__button wp-element-button\" download aria-describedby=\"wp-block-file--media-e5460227-2c31-40ee-8da7-73b978851757\">T\u00e9l\u00e9charger<\/a><\/div>\n\n\n\n<div data-wp-interactive=\"core\/file\" class=\"wp-block-file aligncenter\"><object data-wp-bind--hidden=\"!state.hasPdfPreview\" hidden class=\"wp-block-file__embed\" data=\"https:\/\/rss-nmr.info\/wp-content\/uploads\/2024\/01\/PORTUGAIS-Les-compagnies-petrolieres-peuvent-sauver-des-quantites-astronomiques-d.pdf\" type=\"application\/pdf\" style=\"width:100%;height:600px\" aria-label=\"Contenu embarqu\u00e9 PORTUGAIS-Les-compagnies-petrolieres-peuvent-sauver-des-quantites-astronomiques-d.\"><\/object><a id=\"wp-block-file--media-0ab9b5a9-f640-4261-b68f-efcf3cce9b5a\" href=\"https:\/\/rss-nmr.info\/wp-content\/uploads\/2024\/01\/PORTUGAIS-Les-compagnies-petrolieres-peuvent-sauver-des-quantites-astronomiques-d.pdf\">PORTUGAIS-Les-compagnies-petrolieres-peuvent-sauver-des-quantites-astronomiques-d<\/a><a href=\"https:\/\/rss-nmr.info\/wp-content\/uploads\/2024\/01\/PORTUGAIS-Les-compagnies-petrolieres-peuvent-sauver-des-quantites-astronomiques-d.pdf\" class=\"wp-block-file__button wp-element-button\" download aria-describedby=\"wp-block-file--media-0ab9b5a9-f640-4261-b68f-efcf3cce9b5a\">T\u00e9l\u00e9charger<\/a><\/div>\n\n\n\n<figure class=\"wp-block-image aligncenter size-full\"><img decoding=\"async\" width=\"419\" height=\"362\" src=\"https:\/\/rss-nmr.info\/wp-content\/uploads\/2025\/09\/cartouche-pour-page-rssnmr.jpg\" alt=\"\" class=\"wp-image-2070\" srcset=\"https:\/\/rss-nmr.info\/wp-content\/uploads\/2025\/09\/cartouche-pour-page-rssnmr.jpg 419w, https:\/\/rss-nmr.info\/wp-content\/uploads\/2025\/09\/cartouche-pour-page-rssnmr-300x259.jpg 300w\" sizes=\"(max-width: 419px) 100vw, 419px\" \/><\/figure>\n\n\n\n<figure class=\"wp-block-image alignfull size-large\"><img loading=\"lazy\" decoding=\"async\" width=\"1024\" height=\"672\" src=\"https:\/\/rss-nmr.info\/wp-content\/uploads\/2026\/04\/brpt-autre-usage-de-la-rss-nmr-1-1024x672.jpg\" alt=\"\" class=\"wp-image-2318\" srcset=\"https:\/\/rss-nmr.info\/wp-content\/uploads\/2026\/04\/brpt-autre-usage-de-la-rss-nmr-1-1024x672.jpg 1024w, https:\/\/rss-nmr.info\/wp-content\/uploads\/2026\/04\/brpt-autre-usage-de-la-rss-nmr-1-300x197.jpg 300w, https:\/\/rss-nmr.info\/wp-content\/uploads\/2026\/04\/brpt-autre-usage-de-la-rss-nmr-1-768x504.jpg 768w, https:\/\/rss-nmr.info\/wp-content\/uploads\/2026\/04\/brpt-autre-usage-de-la-rss-nmr-1-600x394.jpg 600w, https:\/\/rss-nmr.info\/wp-content\/uploads\/2026\/04\/brpt-autre-usage-de-la-rss-nmr-1.jpg 1166w\" sizes=\"(max-width: 1024px) 100vw, 1024px\" \/><\/figure>\n","protected":false},"excerpt":{"rendered":"<p>La Paz Biblioteca em portugu\u00eas do Brasil (google tradutor)<\/p>\n","protected":false},"author":1,"featured_media":0,"parent":0,"menu_order":0,"comment_status":"closed","ping_status":"closed","template":"","meta":{"two_page_speed":[],"footnotes":""},"class_list":["post-750","page","type-page","status-publish","hentry"],"_links":{"self":[{"href":"https:\/\/rss-nmr.info\/index.php\/wp-json\/wp\/v2\/pages\/750","targetHints":{"allow":["GET"]}}],"collection":[{"href":"https:\/\/rss-nmr.info\/index.php\/wp-json\/wp\/v2\/pages"}],"about":[{"href":"https:\/\/rss-nmr.info\/index.php\/wp-json\/wp\/v2\/types\/page"}],"author":[{"embeddable":true,"href":"https:\/\/rss-nmr.info\/index.php\/wp-json\/wp\/v2\/users\/1"}],"replies":[{"embeddable":true,"href":"https:\/\/rss-nmr.info\/index.php\/wp-json\/wp\/v2\/comments?post=750"}],"version-history":[{"count":12,"href":"https:\/\/rss-nmr.info\/index.php\/wp-json\/wp\/v2\/pages\/750\/revisions"}],"predecessor-version":[{"id":2320,"href":"https:\/\/rss-nmr.info\/index.php\/wp-json\/wp\/v2\/pages\/750\/revisions\/2320"}],"wp:attachment":[{"href":"https:\/\/rss-nmr.info\/index.php\/wp-json\/wp\/v2\/media?parent=750"}],"curies":[{"name":"wp","href":"https:\/\/api.w.org\/{rel}","templated":true}]}}