{"id":380,"date":"2024-01-24T16:55:55","date_gmt":"2024-01-24T20:55:55","guid":{"rendered":"https:\/\/rss-nmr.info\/?page_id=380"},"modified":"2025-09-16T10:50:53","modified_gmt":"2025-09-16T14:50:53","slug":"sismiques-traditionnelles","status":"publish","type":"page","link":"https:\/\/rss-nmr.info\/index.php\/sismiques-traditionnelles\/","title":{"rendered":"Sismiques-traditionnelles"},"content":{"rendered":"\n<p><\/p>\n\n\n\n<!-- clock widget start -->\n<script type=\"text\/javascript\"> var css_file=document.createElement(\"link\"); css_file.setAttribute(\"rel\",\"stylesheet\"); css_file.setAttribute(\"type\",\"text\/css\"); css_file.setAttribute(\"href\",\"https:\/\/s.bookcdn.com\/\/css\/cl\/bw-cl-c22.css?v=0.0.1\"); document.getElementsByTagName(\"head\")[0].appendChild(css_file); <\/script> <div id=\"tw_22_114177258\"><div style=\"width:200px; height:px; margin: 0 auto;\"><a href=\"https:\/\/hotelmix.es\/time\/la-paz-13481\">La Paz<\/a><br\/><\/div><\/div> <script type=\"text\/javascript\"> function setWidgetData_114177258(data){ if(typeof(data) != 'undefined' && data.results.length > 0) { for(var i = 0; i < data.results.length; ++i) { var objMainBlock = ''; var params = data.results[i]; objMainBlock = document.getElementById('tw_'+params.widget_type+'_'+params.widget_id); if(objMainBlock !== null) objMainBlock.innerHTML = params.html_code; } } } var clock_timer_114177258 = -1; widgetSrc = \"https:\/\/widgets.booked.net\/time\/info?ver=2;domid=582;type=22;id=114177258;scode=;city_id=;wlangid=4;mode=1;details=0;background=ffffff;border_color=ffffff;color=686868;add_background=ffffff;add_color=333333;head_color=ffffff;border=0;transparent=0\"; var widgetUrl = location.href; widgetSrc += '&#038;ref=' + widgetUrl; var wstrackId = \"\"; if (wstrackId) { widgetSrc += ';wstrackId=' + wstrackId + ';' } var timeBookedScript = document.createElement(\"script\"); timeBookedScript.setAttribute(\"type\", \"text\/javascript\"); timeBookedScript.src = widgetSrc; document.body.appendChild(timeBookedScript); <\/script>\n<!-- clock widget end -->\n\n\n\n<p><\/p>\n\n\n\n<p><\/p>\n\n\n\n<p><\/p>\n\n\n\n<figure class=\"wp-block-image aligncenter size-full is-resized\"><img fetchpriority=\"high\" decoding=\"async\" width=\"850\" height=\"421\" src=\"https:\/\/rss-nmr.info\/wp-content\/uploads\/2024\/01\/Les-differents-types-de-campagnes-dacquisition-en-sismique-terrestre.png\" alt=\"\" class=\"wp-image-653\" style=\"width:842px;height:auto\" srcset=\"https:\/\/rss-nmr.info\/wp-content\/uploads\/2024\/01\/Les-differents-types-de-campagnes-dacquisition-en-sismique-terrestre.png 850w, https:\/\/rss-nmr.info\/wp-content\/uploads\/2024\/01\/Les-differents-types-de-campagnes-dacquisition-en-sismique-terrestre-300x149.png 300w, https:\/\/rss-nmr.info\/wp-content\/uploads\/2024\/01\/Les-differents-types-de-campagnes-dacquisition-en-sismique-terrestre-768x380.png 768w\" sizes=\"(max-width: 850px) 100vw, 850px\" \/><\/figure>\n\n\n\n<div class=\"wp-block-group is-vertical is-layout-flex wp-container-core-group-is-layout-fe9cc265 wp-block-group-is-layout-flex\">\n<h2 class=\"wp-block-heading has-text-align-center\"><a id=\"post-380-_Toc96612522\"><\/a>D\u00e9tails du fonctionnement des  moyens sismiques classiques<\/h2>\n<\/div>\n\n\n\n<div data-wp-interactive=\"core\/file\" class=\"wp-block-file\"><object data-wp-bind--hidden=\"!state.hasPdfPreview\" hidden class=\"wp-block-file__embed\" data=\"https:\/\/rss-nmr.info\/wp-content\/uploads\/2024\/01\/CBP-AGAP_SIS11_rev01_Sismique-Reflexion_MH.pdf\" type=\"application\/pdf\" style=\"width:100%;height:600px\" aria-label=\"Contenu embarqu\u00e9 CBP-AGAP_SIS11_rev01_Sismique-Reflexion_MH.\"><\/object><a id=\"wp-block-file--media-501947aa-475d-4f33-aa1b-86c9a5a8ab31\" href=\"https:\/\/rss-nmr.info\/wp-content\/uploads\/2024\/01\/CBP-AGAP_SIS11_rev01_Sismique-Reflexion_MH.pdf\">CBP-AGAP_SIS11_rev01_Sismique-Reflexion_MH<\/a><a href=\"https:\/\/rss-nmr.info\/wp-content\/uploads\/2024\/01\/CBP-AGAP_SIS11_rev01_Sismique-Reflexion_MH.pdf\" class=\"wp-block-file__button wp-element-button\" download aria-describedby=\"wp-block-file--media-501947aa-475d-4f33-aa1b-86c9a5a8ab31\">T\u00e9l\u00e9charger<\/a><\/div>\n\n\n\n<div class=\"wp-block-group is-vertical is-layout-flex wp-container-core-group-is-layout-fe9cc265 wp-block-group-is-layout-flex\">\n<h1 class=\"wp-block-heading has-text-align-center\"><strong>La sismique par r\u00e9flexion <\/strong><\/h1>\n\n\n\n<p>La sismique par r\u00e9flexion \u00e9tudie la r\u00e9flexion d'ondes sismiques aux interfaces entre plusieurs couches g\u00e9ologiques. Elle permet d'avoir une image 2D ou 3D de surfaces typiquement de l'ordre de 1 000 km2 pour des profondeurs inf\u00e9rieures \u00e0 10 km qui permet ensuite aux g\u00e9ologues des compagnies p\u00e9troli\u00e8res d'estimer les probabilit\u00e9s de trouver du p\u00e9trole. Une \u00e9tude sismique se d\u00e9compose en 3 grandes \u00e9tapes :<\/p>\n\n\n\n<p>De grandes entreprises \u00e0 couverture mondiale (CGG, PGS, Western-Geco\u2026) et des entreprises plus localis\u00e9es g\u00e9ographiquement r\u00e9alisent sur le terrain l'acquisition des donn\u00e9es. La dur\u00e9e d'une mission varie g\u00e9n\u00e9ralement entre 6 mois et 2 ans mais d\u00e9pend de la surface \u00e0 \u00e9tudier, du type de terrain et de la pr\u00e9cision recherch\u00e9e.<\/p>\n\n\n\n<p>On utilise des canons \u00e0 air comprim\u00e9 en mer, des camions vibreurs ou de la dynamite \u00e0 terre pour cr\u00e9er une onde qui va se propager sous terre. L'onde cr\u00e9\u00e9e est soit une impulsion (dynamite, airgun), soit une sinuso\u00efde dont la fr\u00e9quence varie sur un spectre d\u00e9fini pendant un temps t (camion vibreur utilis\u00e9 partout o\u00f9 le terrain le permet). Dans ce dernier cas, la corr\u00e9lation du signal enregistr\u00e9 en sortie de vibreur avec le signal pilote envoy\u00e9 en entr\u00e9e du vibreur donne une \"wavelet\" proche de l'impulsion d\u00e9sir\u00e9e. Une \u00e9tape suppl\u00e9mentaire de traitement permet donc d'obtenir une image aussi nette qu'en utilisant des airguns ou de la dynamite. Les ondes \u00e9mises se propagent suivant les lois de r\u00e9flexion et r\u00e9fraction de Snell-Descartes et sont en partie r\u00e9fl\u00e9chies \u00e0 chaque changement de vitesse de propagation (couche g\u00e9ologique). Elles sont re\u00e7ues par des capteurs (hydrophones en mer ou g\u00e9ophones sur terre). L'\u00e9tude sismique peut \u00eatre monotrace ou multitraces. Dans ce dernier cas, en plus d'augmenter le rapport signal sur bruit, il est possible de calculer les vitesses des milieux travers\u00e9s. Cette information permet ensuite de convertir les donn\u00e9es en profondeur.<\/p>\n\n\n\n<h2 class=\"wp-block-heading has-text-align-left\"><strong>De nombreux param\u00e8tres caract\u00e9risent une \u00e9tude sismique. <\/strong><\/h2>\n\n\n\n<h2 class=\"wp-block-heading has-text-align-left\"><strong>Les principaux sont :<\/strong><\/h2>\n\n\n\n<p>La dimension du profil sismique : 2D ou 3D ;<br>L'espacement entre sources et r\u00e9cepteurs (taille du bin) ;<br>La couverture maximale (nombre de fois qu'une zone de la sous-surface est \"\u00e9clair\u00e9e\").<br><\/p>\n\n\n\n<p>Les donn\u00e9es sismiques subissent ensuite de complexes traitements informatiques. Ceux-ci sont destin\u00e9s \u00e0 retirer le bruit, augmenter la r\u00e9solution et compenser de nombreux effets physiques pour obtenir une r\u00e9solution d'image maximale. Le traitement des donn\u00e9es se fait dans de grands Datacenters et peut prendre plus de 2 ans. C'est un domaine d'application de tr\u00e8s nombreuses techniques de traitement du signal qui profite pleinement des grands progr\u00e8s r\u00e9alis\u00e9s ces derni\u00e8res d\u00e9cennies en informatique.<\/p>\n\n\n\n<p>Dans le domaine de la recherche p\u00e9troli\u00e8re, l'interpr\u00e9tation est g\u00e9n\u00e9ralement effectu\u00e9e directement au sein des entreprises clientes. En associant les donn\u00e9es de forages, des g\u00e9ologues estiment les probabilit\u00e9s de trouver des combustibles fossiles et guident donc le choix des op\u00e9rations de forage post\u00e9rieures.<\/p>\n\n\n\n<figure class=\"wp-block-image size-full is-resized\"><img decoding=\"async\" width=\"454\" height=\"298\" src=\"https:\/\/rss-nmr.info\/wp-content\/uploads\/2024\/01\/Principe-sismique-reflexion.png\" alt=\"\" class=\"wp-image-647\" style=\"width:856px;height:auto\" srcset=\"https:\/\/rss-nmr.info\/wp-content\/uploads\/2024\/01\/Principe-sismique-reflexion.png 454w, https:\/\/rss-nmr.info\/wp-content\/uploads\/2024\/01\/Principe-sismique-reflexion-300x197.png 300w\" sizes=\"(max-width: 454px) 100vw, 454px\" \/><\/figure>\n\n\n\n<h2 class=\"wp-block-heading has-text-align-center\"><strong>La sismique par r\u00e9fraction<\/strong><\/h2>\n\n\n\n<p>La sismique par r\u00e9fraction utilise la propagation des ondes le long des interfaces entre les niveaux g\u00e9ologiques. Cette m\u00e9thode convient en particulier \u00e0 certaines applications de g\u00e9nie civil et d'hydrologie. Elle permet d'estimer le mod\u00e8le de vitesse et le pendage des couches. Elle est actuellement limit\u00e9e dans le domaine pratique \u00e0 des objectifs dont la profondeur est inf\u00e9rieure \u00e0 300 m, mais elle est \u00e0 l'origine de la d\u00e9couverte en 1956 du gisement de p\u00e9trole d'Hassi-Messaoud, le plus important d'Afrique, \u00e0 une profondeur moyenne de 3 300 m\u00e8tres.<\/p>\n\n\n\n<figure class=\"wp-block-image size-full is-resized\"><img decoding=\"async\" width=\"536\" height=\"388\" src=\"https:\/\/rss-nmr.info\/wp-content\/uploads\/2024\/01\/refraction.jpg\" alt=\"\" class=\"wp-image-650\" style=\"width:1092px;height:auto\" srcset=\"https:\/\/rss-nmr.info\/wp-content\/uploads\/2024\/01\/refraction.jpg 536w, https:\/\/rss-nmr.info\/wp-content\/uploads\/2024\/01\/refraction-300x217.jpg 300w\" sizes=\"(max-width: 536px) 100vw, 536px\" \/><\/figure>\n\n\n\n<p><strong>Sismique de puits<\/strong><br>La sismique r\u00e9flexion de surface fournit une image en temps du sous-sol. Pour obtenir un calage en profondeur plus pr\u00e9cis que celui obtenu en utilisant les vitesses d\u00e9duites des donn\u00e9es sismiques, les g\u00e9ophysiciens utilisent des donn\u00e9es de puits telles que carottage sismique et diagraphie sonique, et plus r\u00e9cemment le profil sismique vertical (PSV). La n\u00e9cessit\u00e9 de mieux conna\u00eetre les r\u00e9servoirs pour les exploiter de fa\u00e7on optimale a conduit les g\u00e9ophysiciens \u00e0 d\u00e9velopper des techniques particuli\u00e8res de sismique de puits \u00e0 plus haute r\u00e9solution que la sismique conventionnelle de surface1.<\/p>\n\n\n\n<figure class=\"wp-block-image size-full is-resized\"><img loading=\"lazy\" decoding=\"async\" width=\"315\" height=\"196\" src=\"https:\/\/rss-nmr.info\/wp-content\/uploads\/2024\/01\/sismique-par-puits.gif\" alt=\"\" class=\"wp-image-651\" style=\"width:1150px;height:auto\"\/><\/figure>\n\n\n\n<p><strong>En mer<\/strong><br> <br>Notamment pour la prospection p\u00e9troli\u00e8re, on utilise des canons \u00e0 air comprim\u00e9, canons \u00e0 eau ou des vibrateurs acoustiques pour produire des ondes d'explosion, et des hydrophones ou autres capteurs sismiques r\u00e9partis le long de c\u00e2bles (par exemple tir\u00e9s par un navire) pour former des antennes acoustiques lin\u00e9aires, souvent dites \u00ab streamers \u00bb ou \u00ab fl\u00fbtes sismiques \u00bb.<\/p>\n\n\n\n<figure class=\"wp-block-image size-full is-resized\"><img loading=\"lazy\" decoding=\"async\" width=\"600\" height=\"197\" src=\"https:\/\/rss-nmr.info\/wp-content\/uploads\/2024\/01\/beaufort_4_1_fr.jpg\" alt=\"\" class=\"wp-image-654\" style=\"width:1142px;height:auto\" srcset=\"https:\/\/rss-nmr.info\/wp-content\/uploads\/2024\/01\/beaufort_4_1_fr.jpg 600w, https:\/\/rss-nmr.info\/wp-content\/uploads\/2024\/01\/beaufort_4_1_fr-300x99.jpg 300w\" sizes=\"(max-width: 600px) 100vw, 600px\" \/><\/figure>\n\n\n\n<p>La sismique marine (aspect structural de la localisation du pi\u00e8ge) peut-\u00eatre compl\u00e9t\u00e9e le cas \u00e9ch\u00e9ant par une technique \u00e9lectromagn\u00e9tique (aspect p\u00e9trologique donn\u00e9 par l'\u00e9valuation de la conductivit\u00e9 \u00e9lectrique : \u00e9lectro-faci\u00e8s) qui permet de d\u00e9celer la pr\u00e9sence ou non d'hydrocarbures. Ainsi pr\u00e8s de 80 % des gisements de p\u00e9trole sont ainsi d\u00e9tect\u00e9s par ces deux m\u00e9thodes associ\u00e9es. Cette investigation multi-physique permet de diminuer drastiquement le nombre de forages d'exploration (wildcats) et les risques d'accidents associ\u00e9s <\/p>\n\n\n\n<figure class=\"wp-block-image size-full is-resized\"><img loading=\"lazy\" decoding=\"async\" width=\"500\" height=\"264\" src=\"https:\/\/rss-nmr.info\/wp-content\/uploads\/2024\/01\/dispositif-acquisition-profil-onde-surface-marine__975dad744321798fc725e25adc8462d1_95-1.jpg\" alt=\"\" class=\"wp-image-652\" style=\"width:1086px;height:auto\" srcset=\"https:\/\/rss-nmr.info\/wp-content\/uploads\/2024\/01\/dispositif-acquisition-profil-onde-surface-marine__975dad744321798fc725e25adc8462d1_95-1.jpg 500w, https:\/\/rss-nmr.info\/wp-content\/uploads\/2024\/01\/dispositif-acquisition-profil-onde-surface-marine__975dad744321798fc725e25adc8462d1_95-1-300x158.jpg 300w\" sizes=\"(max-width: 500px) 100vw, 500px\" \/><\/figure>\n\n\n\n<h2 class=\"wp-block-heading has-text-align-center\"><strong>RSS-NMR versus sismique de Reflexion<\/strong> <\/h2>\n\n\n\n<p>Si on doit comparer les deux syst\u00e8mes, ce sont des technologies qui ne rivalisent en rien, la nouvelle  RSS-NMR surpasse  les anciennes sismiques , comme c'est le cas dans tous les domaines de pointe .<\/p>\n\n\n\n<p>A titre de comparaison, prenons la technologie sismique utilis\u00e9e par toutes les soci\u00e9t\u00e9s d\u2019exploration p\u00e9troli\u00e8re. Les \u00e9quipements sismiques g\u00e9n\u00e8rent un signal de haute puissance dirig\u00e9 vers le sol. D\u2019une part, ce signal puissant ne v\u00e9hicule aucune information et, d\u2019autre part, il se dissipe dans toutes les directions et doit donc \u00eatre tr\u00e8s puissant pour atteindre les profondeurs. Lorsqu\u2019il atteint la limite de profondeur, il est r\u00e9fl\u00e9chi et r\u00e9cup\u00e9r\u00e9 par les r\u00e9cepteurs en surface. <\/p>\n\n\n\n<h2 class=\"wp-block-heading\"><strong>Resultats<\/strong> <\/h2>\n\n\n\n<p class=\"has-text-align-left\">Le signal qui ne p\u00e9n\u00e8tre pas \u00e0 l\u2019int\u00e9rieur de la substance est consid\u00e9r\u00e9 comme une anomalie. Une interpr\u00e9tation approfondie des donn\u00e9es obtenues est alors n\u00e9cessaire. Nous discutons avec de nombreux interpr\u00e8tes qui ont des opinions diff\u00e9rentes sur le m\u00eame objet. C'est-\u00e0-dire qu'un certain type d'anomalie est d\u00e9couvert, qui peut ou non \u00eatre un d\u00e9p\u00f4t. Seuls des forages peuvent confirmer la pr\u00e9sence du gisement. Les statistiques indiquent que seulement 30% des puits atteignent l'objectif, c'est-\u00e0-dire que l'efficacit\u00e9 sismique n'est pas sup\u00e9rieure \u00e0 ce pourcentage. La principale propri\u00e9t\u00e9 de la sismique est la r\u00e9flexion.<\/p>\n\n\n\n<h2 class=\"wp-block-heading\"><strong>Comment fonctionne la technologie RSS\/NMR ? <\/strong><\/h2>\n\n\n\n<p>L'\u00e9metteur envoie un signal \u00e0 bande \u00e9troite sp\u00e9cifique \u00e0 la substance (p\u00e9trole, gaz), c'est-\u00e0-dire que le signal comprend des informations sur la substance recherch\u00e9e. Le signal est r\u00e9\u00e9mis lorsqu'il atteint la cible et en surface nous recevons \u00e0 nouveau, avec certitude, des informations sur la pr\u00e9sence de p\u00e9trole ou de gaz. Ce ph\u00e9nom\u00e8ne est appel\u00e9 r\u00e9sonance de la substance recherch\u00e9e. Nous n'avons pas besoin d'interpr\u00e9tation, c'est une d\u00e9couverte directe du gisement. La pr\u00e9cision est de 90 %.<\/p>\n\n\n\n<p class=\"has-text-align-center\"><strong>Principes de base<\/strong><\/p>\n\n\n\n<ul class=\"wp-block-list\">\n<li>La sismique de r\u00e9flexion est le processus de r\u00e9flexion des anomalies qui seront interpr\u00e9t\u00e9es ult\u00e9rieurement.<\/li>\n\n\n\n<li>La RSS\/RMN est au contraire un signal de confirmation par r\u00e9sonance de la substance recherch\u00e9e.<\/li>\n\n\n\n<li>Sachant que la RSS, est le processus de r\u00e9sonance d'images satellite dans un r\u00e9acteur nucl\u00e9aire<\/li>\n\n\n\n<li>Et la NMR est le processus de r\u00e9sonance dans le champ p\u00e9trolier.<\/li>\n<\/ul>\n\n\n\n<h1 class=\"wp-block-heading\"> Sismique de Reflexion<\/h1>\n\n\n\n<h4 class=\"wp-block-heading has-text-align-center\">Processus et m\u00e9thodologie (bureau et terrain)<\/h4>\n\n\n\n<p>A titre de comparaison, la technologie sismique couramment utilis\u00e9e par les soci\u00e9t\u00e9s d\u2019exploration p\u00e9troli\u00e8re est la sismique de reflexion dont les principales caract\u00e9ristiques de la sismique sont :<\/p>\n\n\n\n<ol class=\"wp-block-list\">\n<li>L'\u00e9quipement sismique g\u00e9n\u00e8re un signal de haute puissance dirig\u00e9 vers le sous-sol .<\/li>\n\n\n\n<li>Ce signal puissant ne transmet aucune information.<\/li>\n\n\n\n<li>Ce signal se dissipe dans toutes les directions et doit donc \u00eatre tr\u00e8s puissant pour atteindre les profondeurs tres loin de la surface.<\/li>\n\n\n\n<li>Lorsqu'elle atteint un obstacle souterrain, elle est r\u00e9fl\u00e9chie et capt\u00e9e par les r\u00e9cepteurs (g\u00e9ophones).<\/li>\n\n\n\n<li>Une interpr\u00e9tation approfondie des donn\u00e9es est alors n\u00e9cessaire, ce qui prend beaucoup de temps et peut \u00e9galement g\u00e9n\u00e9rer des erreurs.<\/li>\n\n\n\n<li>La sismique r\u00e9flexion 2D est archa\u00efque, 70 % des domaines explor\u00e9s dans le monde reposent sur cette technique. Pour cette raison, la r\u00e9exploration des champs matures \u00e0 l\u2019aide de la technologie RSS\/NMR constitue une alternative pour prolonger la dur\u00e9e de vie utile du champ p\u00e9trolier.<\/li>\n<\/ol>\n\n\n\n<figure class=\"wp-block-image\"><img loading=\"lazy\" decoding=\"async\" width=\"1220\" height=\"873\" src=\"https:\/\/rss-nmr.info\/wp-content\/uploads\/2024\/01\/word-image-380-1.png\" alt=\"\" class=\"wp-image-381\" srcset=\"https:\/\/rss-nmr.info\/wp-content\/uploads\/2024\/01\/word-image-380-1.png 1220w, https:\/\/rss-nmr.info\/wp-content\/uploads\/2024\/01\/word-image-380-1-300x215.png 300w, https:\/\/rss-nmr.info\/wp-content\/uploads\/2024\/01\/word-image-380-1-1024x733.png 1024w, https:\/\/rss-nmr.info\/wp-content\/uploads\/2024\/01\/word-image-380-1-768x550.png 768w\" sizes=\"(max-width: 1220px) 100vw, 1220px\" \/><\/figure>\n\n\n\n<h2 class=\"wp-block-heading\">Investissement n\u00e9cessaire aux projets de sismique de r\u00e9flexion<\/h2>\n\n\n\n<p>Les moyens \u00e0 mettre en \u0153uvre pour une sismique r\u00e9flexion sont :<\/p>\n\n\n\n<ul class=\"wp-block-list\">\n<li><strong>Travail administratif et de cabinet <\/strong><\/li>\n<\/ul>\n\n\n\n<p>Un projet sismique est tr\u00e8s lourd car il faut avoir des permis, des EIA, et se conformer aux proc\u00e9dures et normes \u00e9tablies avant d'entrer dans la zone, et parfois on ne peut pas entrer dans la zone parce qu'il s'agit d'un parc naturel, ou parce que la g\u00e9ographie et le relief ne le permettent pas.  La situation politique, sociale ou s\u00e9curitaire publique (gu\u00e9rilla, trafic de drogue) est \u00e9galement une limitante.<\/p>\n\n\n\n<figure class=\"wp-block-image size-large\"><img loading=\"lazy\" decoding=\"async\" width=\"1024\" height=\"750\" src=\"https:\/\/rss-nmr.info\/wp-content\/uploads\/2024\/01\/17-Map-1-1024x750.jpg\" alt=\"\" class=\"wp-image-639\" srcset=\"https:\/\/rss-nmr.info\/wp-content\/uploads\/2024\/01\/17-Map-1-1024x750.jpg 1024w, https:\/\/rss-nmr.info\/wp-content\/uploads\/2024\/01\/17-Map-1-300x220.jpg 300w, https:\/\/rss-nmr.info\/wp-content\/uploads\/2024\/01\/17-Map-1-768x563.jpg 768w, https:\/\/rss-nmr.info\/wp-content\/uploads\/2024\/01\/17-Map-1.jpg 1488w\" sizes=\"(max-width: 1024px) 100vw, 1024px\" \/><\/figure>\n\n\n\n<p><span style=\"font-family: 'Arial',sans-serif; mso-ansi-language: FR;\"><span style=\"mso-spacerun: yes;\">\u00a0<\/span><\/span><span lang=\"FR\" style=\"mso-ansi-language: FR;\">Ces travaux de bureau sont tr\u00e8s intenses et n\u00e9cessitent plus de travail de la part du personnel lors du d\u00e9marrage et de la gestion du projet. La situation sur place (zone narco) est aussi une limitante pour des raisons de s\u00e9curit\u00e9.\u00a0<\/span><span lang=\"FR\" style=\"mso-ansi-language: FR;\">De tr\u00e8s gros moyen mis en place lors de la sismique proprement dite pour l\u2019installation des lignes, le vibrage ou l\u2019explosion, la recollection des lignes et le traitement en laboratoire. Un long temps d\u2019interpr\u00e9tation et des r\u00e9sultats qui varient d\u2019un sp\u00e9cialiste a un autre.\u00a0<\/span><\/p>\n<p><span lang=\"FR\" style=\"mso-ansi-language: FR;\">La diff\u00e9rence entre les m\u00e9thodes \u00e0 distance existantes dans diverses entreprises et notre m\u00e9thode RSS-NMR est simple,\u00a0<\/span><span lang=\"FR\" style=\"mso-ansi-language: FR;\">on confirme la pr\u00e9sence du produit recherch\u00e9 dans le bloc a explorer.\u00a0<\/span><span lang=\"FR\" style=\"mso-ansi-language: FR;\">A titre de comparaison, prenons la technologie sismique utilis\u00e9e par toutes les soci\u00e9t\u00e9s d\u2019exploration<br \/>p\u00e9troli\u00e8re. Les machines sismiques g\u00e9n\u00e8rent un signal de grande puissance dirig\u00e9 vers le sol. D\u2019une part, ce signal puissant ne v\u00e9hicule aucune information, et d\u2019autre part, il se dissipe dans toutes les directions et doit donc \u00eatre tr\u00e8s puissant pour atteindre les profondeurs. Lorsqu'il atteint la limite des deux milieux souterrains, il est r\u00e9fl\u00e9chi et capt\u00e9 par les r\u00e9cepteurs en surface. (Le signal sans visage ne p\u00e9n\u00e8tre pas \u00e0 l'int\u00e9rieur de la substance, c'est une anomalie). Et puis une longue interpr\u00e9tation des donn\u00e9es est n\u00e9cessaire. Nous avons discut\u00e9 avec de nombreux interpr\u00e8tes qui ont des opinions diff\u00e9rentes sur le m\u00eame objet. C'est-\u00e0-dire qu'une sorte d'anomalie est r\u00e9v\u00e9l\u00e9e. Ce qui peut \u00eatre un d\u00e9p\u00f4t ou non. Seuls des forages peuvent confirmer la pr\u00e9sence du gisement. Les statistiques indiquent que seuls 3 ou 4 puits ont atteint la cible. L'efficacit\u00e9 de la sismique ne d\u00e9passe pas 30 \u00e0 35 %. La principale propri\u00e9t\u00e9 de la sismique est la r\u00e9flexion.<\/span><\/p>\n<\/div>\n\n\n\n<figure class=\"wp-block-image aligncenter size-full\"><img loading=\"lazy\" decoding=\"async\" width=\"419\" height=\"362\" src=\"https:\/\/rss-nmr.info\/wp-content\/uploads\/2025\/09\/cartouche-pour-page-rssnmr.jpg\" alt=\"\" class=\"wp-image-2070\" srcset=\"https:\/\/rss-nmr.info\/wp-content\/uploads\/2025\/09\/cartouche-pour-page-rssnmr.jpg 419w, https:\/\/rss-nmr.info\/wp-content\/uploads\/2025\/09\/cartouche-pour-page-rssnmr-300x259.jpg 300w\" sizes=\"(max-width: 419px) 100vw, 419px\" \/><\/figure>\n","protected":false},"excerpt":{"rendered":"<p>La Paz D\u00e9tails du fonctionnement des moyens sismiques classiques La sismique par r\u00e9flexion La sismique par r\u00e9flexion \u00e9tudie la r\u00e9flexion d&rsquo;ondes sismiques aux interfaces entre plusieurs couches g\u00e9ologiques. Elle permet d&rsquo;avoir une image 2D ou 3D de surfaces typiquement de l&rsquo;ordre de 1 000 km2 pour des profondeurs inf\u00e9rieures \u00e0 10 km qui permet ensuite [&hellip;]<\/p>\n","protected":false},"author":1,"featured_media":0,"parent":0,"menu_order":0,"comment_status":"closed","ping_status":"closed","template":"","meta":{"two_page_speed":[],"footnotes":""},"class_list":["post-380","page","type-page","status-publish","hentry"],"_links":{"self":[{"href":"https:\/\/rss-nmr.info\/index.php\/wp-json\/wp\/v2\/pages\/380","targetHints":{"allow":["GET"]}}],"collection":[{"href":"https:\/\/rss-nmr.info\/index.php\/wp-json\/wp\/v2\/pages"}],"about":[{"href":"https:\/\/rss-nmr.info\/index.php\/wp-json\/wp\/v2\/types\/page"}],"author":[{"embeddable":true,"href":"https:\/\/rss-nmr.info\/index.php\/wp-json\/wp\/v2\/users\/1"}],"replies":[{"embeddable":true,"href":"https:\/\/rss-nmr.info\/index.php\/wp-json\/wp\/v2\/comments?post=380"}],"version-history":[{"count":22,"href":"https:\/\/rss-nmr.info\/index.php\/wp-json\/wp\/v2\/pages\/380\/revisions"}],"predecessor-version":[{"id":2135,"href":"https:\/\/rss-nmr.info\/index.php\/wp-json\/wp\/v2\/pages\/380\/revisions\/2135"}],"wp:attachment":[{"href":"https:\/\/rss-nmr.info\/index.php\/wp-json\/wp\/v2\/media?parent=380"}],"curies":[{"name":"wp","href":"https:\/\/api.w.org\/{rel}","templated":true}]}}