{"id":2015,"date":"2024-12-31T14:24:09","date_gmt":"2024-12-31T18:24:09","guid":{"rendered":"https:\/\/rss-nmr.info\/?page_id=2015"},"modified":"2025-09-15T16:56:44","modified_gmt":"2025-09-15T20:56:44","slug":"hydrogene-h2","status":"publish","type":"page","link":"https:\/\/rss-nmr.info\/index.php\/hydrogene-h2\/","title":{"rendered":"Hydrog\u00e8ne &#8211; H2"},"content":{"rendered":"\n<figure class=\"wp-block-image aligncenter size-full\"><img decoding=\"async\" width=\"146\" height=\"108\" src=\"https:\/\/rss-nmr.info\/wp-content\/uploads\/2024\/12\/france.jpg\" alt=\"\" class=\"wp-image-2016\"\/><\/figure>\n\n\n\n<div data-wp-interactive=\"core\/file\" class=\"wp-block-file aligncenter\"><object data-wp-bind--hidden=\"!state.hasPdfPreview\" hidden class=\"wp-block-file__embed\" data=\"https:\/\/rss-nmr.info\/wp-content\/uploads\/2024\/12\/fr-hydrogene-articulo-cientifico-2-1.pdf\" type=\"application\/pdf\" style=\"width:100%;height:600px\" aria-label=\"Contenu embarqu\u00e9 fr hydrogene articulo cientifico (2).\"><\/object><a id=\"wp-block-file--media-3b0bb4e8-097f-4c43-8eb4-137804548fd3\" href=\"https:\/\/rss-nmr.info\/wp-content\/uploads\/2024\/12\/fr-hydrogene-articulo-cientifico-2-1.pdf\">fr hydrogene articulo cientifico (2)<\/a><a href=\"https:\/\/rss-nmr.info\/wp-content\/uploads\/2024\/12\/fr-hydrogene-articulo-cientifico-2-1.pdf\" class=\"wp-block-file__button wp-element-button\" download aria-describedby=\"wp-block-file--media-3b0bb4e8-097f-4c43-8eb4-137804548fd3\">T\u00e9l\u00e9charger<\/a><\/div>\n\n\n\n<div data-wp-interactive=\"core\/file\" class=\"wp-block-file aligncenter\"><object data-wp-bind--hidden=\"!state.hasPdfPreview\" hidden class=\"wp-block-file__embed\" data=\"https:\/\/rss-nmr.info\/wp-content\/uploads\/2024\/12\/fr-2024-12-15-fands-Poisk-Group.-H2-survey-concept-1.pdf\" type=\"application\/pdf\" style=\"width:100%;height:600px\" aria-label=\"Contenu embarqu\u00e9 fr-2024-12-15 fands Poisk Group. H2 survey concept (1).\"><\/object><a id=\"wp-block-file--media-4d065033-0125-4cf9-a9ce-f9feafcdfc4b\" href=\"https:\/\/rss-nmr.info\/wp-content\/uploads\/2024\/12\/fr-2024-12-15-fands-Poisk-Group.-H2-survey-concept-1.pdf\">fr-2024-12-15 fands Poisk Group. H2 survey concept (1)<\/a><a href=\"https:\/\/rss-nmr.info\/wp-content\/uploads\/2024\/12\/fr-2024-12-15-fands-Poisk-Group.-H2-survey-concept-1.pdf\" class=\"wp-block-file__button wp-element-button\" download aria-describedby=\"wp-block-file--media-4d065033-0125-4cf9-a9ce-f9feafcdfc4b\">T\u00e9l\u00e9charger<\/a><\/div>\n\n\n\n<div data-wp-interactive=\"core\/file\" class=\"wp-block-file aligncenter\"><object data-wp-bind--hidden=\"!state.hasPdfPreview\" hidden class=\"wp-block-file__embed\" data=\"https:\/\/rss-nmr.info\/wp-content\/uploads\/2024\/12\/2025-01-FR-Methodologie-de-recherche-de-mineraux-et-dhydrocarbures.pdf\" type=\"application\/pdf\" style=\"width:100%;height:600px\" aria-label=\"Contenu embarqu\u00e9 2025-01-FR-M\u00e9thodologie de recherche de min\u00e9raux et d\u2019hydrocarbures.\"><\/object><a id=\"wp-block-file--media-05827a83-12f6-4635-8abb-7e38b0d6fee1\" href=\"https:\/\/rss-nmr.info\/wp-content\/uploads\/2024\/12\/2025-01-FR-Methodologie-de-recherche-de-mineraux-et-dhydrocarbures.pdf\">2025-01-FR-M\u00e9thodologie de recherche de min\u00e9raux et d\u2019hydrocarbures<\/a><a href=\"https:\/\/rss-nmr.info\/wp-content\/uploads\/2024\/12\/2025-01-FR-Methodologie-de-recherche-de-mineraux-et-dhydrocarbures.pdf\" class=\"wp-block-file__button wp-element-button\" download aria-describedby=\"wp-block-file--media-05827a83-12f6-4635-8abb-7e38b0d6fee1\">T\u00e9l\u00e9charger<\/a><\/div>\n\n\n\n<figure class=\"wp-block-image aligncenter size-full\"><img decoding=\"async\" width=\"147\" height=\"111\" src=\"https:\/\/rss-nmr.info\/wp-content\/uploads\/2024\/12\/uk.jpg\" alt=\"\" class=\"wp-image-2021\"\/><\/figure>\n\n\n\n<div data-wp-interactive=\"core\/file\" class=\"wp-block-file aligncenter\"><object data-wp-bind--hidden=\"!state.hasPdfPreview\" hidden class=\"wp-block-file__embed\" data=\"https:\/\/rss-nmr.info\/wp-content\/uploads\/2024\/12\/uk-hydrogene-articulo-cientifico.pdf\" type=\"application\/pdf\" style=\"width:100%;height:600px\" aria-label=\"Contenu embarqu\u00e9 uk hydrogene articulo cientifico.\"><\/object><a id=\"wp-block-file--media-c2f76daf-e1ee-4415-8683-4e084c76edf9\" href=\"https:\/\/rss-nmr.info\/wp-content\/uploads\/2024\/12\/uk-hydrogene-articulo-cientifico.pdf\">uk hydrogene articulo cientifico<\/a><a href=\"https:\/\/rss-nmr.info\/wp-content\/uploads\/2024\/12\/uk-hydrogene-articulo-cientifico.pdf\" class=\"wp-block-file__button wp-element-button\" download aria-describedby=\"wp-block-file--media-c2f76daf-e1ee-4415-8683-4e084c76edf9\">T\u00e9l\u00e9charger<\/a><\/div>\n\n\n\n<div data-wp-interactive=\"core\/file\" class=\"wp-block-file aligncenter\"><object data-wp-bind--hidden=\"!state.hasPdfPreview\" hidden class=\"wp-block-file__embed\" data=\"https:\/\/rss-nmr.info\/wp-content\/uploads\/2024\/12\/uk-2024-12-15-fands-Poisk-Group.-H2-survey-concept.pdf\" type=\"application\/pdf\" style=\"width:100%;height:600px\" aria-label=\"Contenu embarqu\u00e9 uk-2024-12-15 fands Poisk Group. H2 survey concept.\"><\/object><a id=\"wp-block-file--media-e9b1c518-03b9-453b-a3d3-aacd81fa7c12\" href=\"https:\/\/rss-nmr.info\/wp-content\/uploads\/2024\/12\/uk-2024-12-15-fands-Poisk-Group.-H2-survey-concept.pdf\">uk-2024-12-15 fands Poisk Group. H2 survey concept<\/a><a href=\"https:\/\/rss-nmr.info\/wp-content\/uploads\/2024\/12\/uk-2024-12-15-fands-Poisk-Group.-H2-survey-concept.pdf\" class=\"wp-block-file__button wp-element-button\" download aria-describedby=\"wp-block-file--media-e9b1c518-03b9-453b-a3d3-aacd81fa7c12\">T\u00e9l\u00e9charger<\/a><\/div>\n\n\n\n<div data-wp-interactive=\"core\/file\" class=\"wp-block-file aligncenter\"><object data-wp-bind--hidden=\"!state.hasPdfPreview\" hidden class=\"wp-block-file__embed\" data=\"https:\/\/rss-nmr.info\/wp-content\/uploads\/2024\/12\/2025-01-UK-Methodology-of-mineral-and-hydrocarbon-research.pdf\" type=\"application\/pdf\" style=\"width:100%;height:600px\" aria-label=\"Contenu embarqu\u00e9 2025-01-UK-Methodology of mineral and hydrocarbon research.\"><\/object><a id=\"wp-block-file--media-c1870941-ed97-4c1e-a1a9-5e377b98faa1\" href=\"https:\/\/rss-nmr.info\/wp-content\/uploads\/2024\/12\/2025-01-UK-Methodology-of-mineral-and-hydrocarbon-research.pdf\">2025-01-UK-Methodology of mineral and hydrocarbon research<\/a><a href=\"https:\/\/rss-nmr.info\/wp-content\/uploads\/2024\/12\/2025-01-UK-Methodology-of-mineral-and-hydrocarbon-research.pdf\" class=\"wp-block-file__button wp-element-button\" download aria-describedby=\"wp-block-file--media-c1870941-ed97-4c1e-a1a9-5e377b98faa1\">T\u00e9l\u00e9charger<\/a><\/div>\n\n\n\n<figure class=\"wp-block-image aligncenter size-full\"><img decoding=\"async\" width=\"146\" height=\"109\" src=\"https:\/\/rss-nmr.info\/wp-content\/uploads\/2024\/12\/espagne.jpg\" alt=\"\" class=\"wp-image-2025\"\/><\/figure>\n\n\n\n<div data-wp-interactive=\"core\/file\" class=\"wp-block-file aligncenter\"><object data-wp-bind--hidden=\"!state.hasPdfPreview\" hidden class=\"wp-block-file__embed\" data=\"https:\/\/rss-nmr.info\/wp-content\/uploads\/2024\/12\/es-hydrogene-articulo-cientifico.pdf\" type=\"application\/pdf\" style=\"width:100%;height:600px\" aria-label=\"Contenu embarqu\u00e9 es hydrogene articulo cientifico.\"><\/object><a id=\"wp-block-file--media-d249a0e5-e420-44c6-8e67-e3035bb897dc\" href=\"https:\/\/rss-nmr.info\/wp-content\/uploads\/2024\/12\/es-hydrogene-articulo-cientifico.pdf\">es hydrogene articulo cientifico<\/a><a href=\"https:\/\/rss-nmr.info\/wp-content\/uploads\/2024\/12\/es-hydrogene-articulo-cientifico.pdf\" class=\"wp-block-file__button wp-element-button\" download aria-describedby=\"wp-block-file--media-d249a0e5-e420-44c6-8e67-e3035bb897dc\">T\u00e9l\u00e9charger<\/a><\/div>\n\n\n\n<div data-wp-interactive=\"core\/file\" class=\"wp-block-file aligncenter\"><object data-wp-bind--hidden=\"!state.hasPdfPreview\" hidden class=\"wp-block-file__embed\" data=\"https:\/\/rss-nmr.info\/wp-content\/uploads\/2024\/12\/es-2024-12-15-fands-Poisk-Group.-H2-survey-concept-1.pdf\" type=\"application\/pdf\" style=\"width:100%;height:600px\" aria-label=\"Contenu embarqu\u00e9 es-2024-12-15 fands Poisk Group. H2 survey concept (1).\"><\/object><a id=\"wp-block-file--media-0f036f4f-1f58-460f-a612-b2bf382cc9c3\" href=\"https:\/\/rss-nmr.info\/wp-content\/uploads\/2024\/12\/es-2024-12-15-fands-Poisk-Group.-H2-survey-concept-1.pdf\">es-2024-12-15 fands Poisk Group. H2 survey concept (1)<\/a><a href=\"https:\/\/rss-nmr.info\/wp-content\/uploads\/2024\/12\/es-2024-12-15-fands-Poisk-Group.-H2-survey-concept-1.pdf\" class=\"wp-block-file__button wp-element-button\" download aria-describedby=\"wp-block-file--media-0f036f4f-1f58-460f-a612-b2bf382cc9c3\">T\u00e9l\u00e9charger<\/a><\/div>\n\n\n\n<div data-wp-interactive=\"core\/file\" class=\"wp-block-file aligncenter\"><object data-wp-bind--hidden=\"!state.hasPdfPreview\" hidden class=\"wp-block-file__embed\" data=\"https:\/\/rss-nmr.info\/wp-content\/uploads\/2024\/12\/2025-01-ES-Metodologia-de-investigacion-de-minerales-e-hidrocarburos.pdf\" type=\"application\/pdf\" style=\"width:100%;height:600px\" aria-label=\"Contenu embarqu\u00e9 2025-01-ES-Metodolog\u00eda de investigaci\u00f3n de minerales e hidrocarburos.\"><\/object><a id=\"wp-block-file--media-ca795c87-a578-4e23-86df-b7719e410ff6\" href=\"https:\/\/rss-nmr.info\/wp-content\/uploads\/2024\/12\/2025-01-ES-Metodologia-de-investigacion-de-minerales-e-hidrocarburos.pdf\">2025-01-ES-Metodolog\u00eda de investigaci\u00f3n de minerales e hidrocarburos<\/a><a href=\"https:\/\/rss-nmr.info\/wp-content\/uploads\/2024\/12\/2025-01-ES-Metodologia-de-investigacion-de-minerales-e-hidrocarburos.pdf\" class=\"wp-block-file__button wp-element-button\" download aria-describedby=\"wp-block-file--media-ca795c87-a578-4e23-86df-b7719e410ff6\">T\u00e9l\u00e9charger<\/a><\/div>\n\n\n\n<figure class=\"wp-block-image aligncenter size-full\"><img loading=\"lazy\" decoding=\"async\" width=\"146\" height=\"107\" src=\"https:\/\/rss-nmr.info\/wp-content\/uploads\/2024\/12\/brasil.jpg\" alt=\"\" class=\"wp-image-2029\"\/><\/figure>\n\n\n\n<div data-wp-interactive=\"core\/file\" class=\"wp-block-file aligncenter\"><object data-wp-bind--hidden=\"!state.hasPdfPreview\" hidden class=\"wp-block-file__embed\" data=\"https:\/\/rss-nmr.info\/wp-content\/uploads\/2024\/12\/pt-br-hydrogene-articulo-cientifico.pdf\" type=\"application\/pdf\" style=\"width:100%;height:600px\" aria-label=\"Contenu embarqu\u00e9 pt-br-hydrogene articulo cientifico.\"><\/object><a id=\"wp-block-file--media-7bdeeffc-fb7c-4238-a53f-5f5339bb2615\" href=\"https:\/\/rss-nmr.info\/wp-content\/uploads\/2024\/12\/pt-br-hydrogene-articulo-cientifico.pdf\">pt-br-hydrogene articulo cientifico<\/a><a href=\"https:\/\/rss-nmr.info\/wp-content\/uploads\/2024\/12\/pt-br-hydrogene-articulo-cientifico.pdf\" class=\"wp-block-file__button wp-element-button\" download aria-describedby=\"wp-block-file--media-7bdeeffc-fb7c-4238-a53f-5f5339bb2615\">T\u00e9l\u00e9charger<\/a><\/div>\n\n\n\n<div data-wp-interactive=\"core\/file\" class=\"wp-block-file aligncenter\"><object data-wp-bind--hidden=\"!state.hasPdfPreview\" hidden class=\"wp-block-file__embed\" data=\"https:\/\/rss-nmr.info\/wp-content\/uploads\/2024\/12\/br-pt-2024-12-15-fands-Poisk-Group.-H2-survey-concept-2.pdf\" type=\"application\/pdf\" style=\"width:100%;height:600px\" aria-label=\"Contenu embarqu\u00e9 br-pt-2024-12-15 fands Poisk Group. H2 survey concept (2).\"><\/object><a id=\"wp-block-file--media-f80b012b-038d-4a75-8290-6751384b1147\" href=\"https:\/\/rss-nmr.info\/wp-content\/uploads\/2024\/12\/br-pt-2024-12-15-fands-Poisk-Group.-H2-survey-concept-2.pdf\">br-pt-2024-12-15 fands Poisk Group. H2 survey concept (2)<\/a><a href=\"https:\/\/rss-nmr.info\/wp-content\/uploads\/2024\/12\/br-pt-2024-12-15-fands-Poisk-Group.-H2-survey-concept-2.pdf\" class=\"wp-block-file__button wp-element-button\" download aria-describedby=\"wp-block-file--media-f80b012b-038d-4a75-8290-6751384b1147\">T\u00e9l\u00e9charger<\/a><\/div>\n\n\n\n<div data-wp-interactive=\"core\/file\" class=\"wp-block-file aligncenter\"><object data-wp-bind--hidden=\"!state.hasPdfPreview\" hidden class=\"wp-block-file__embed\" data=\"https:\/\/rss-nmr.info\/wp-content\/uploads\/2024\/12\/2025-01-BR-PT-Metodologia-de-pesquisa-mineral-e-de-hidrocarbonetos.pdf\" type=\"application\/pdf\" style=\"width:100%;height:600px\" aria-label=\"Contenu embarqu\u00e9 2025-01-BR-PT-Metodologia de pesquisa mineral e de hidrocarbonetos.\"><\/object><a id=\"wp-block-file--media-8187e16b-b075-4a4d-a2d9-eb6d91392d2d\" href=\"https:\/\/rss-nmr.info\/wp-content\/uploads\/2024\/12\/2025-01-BR-PT-Metodologia-de-pesquisa-mineral-e-de-hidrocarbonetos.pdf\">2025-01-BR-PT-Metodologia de pesquisa mineral e de hidrocarbonetos<\/a><a href=\"https:\/\/rss-nmr.info\/wp-content\/uploads\/2024\/12\/2025-01-BR-PT-Metodologia-de-pesquisa-mineral-e-de-hidrocarbonetos.pdf\" class=\"wp-block-file__button wp-element-button\" download aria-describedby=\"wp-block-file--media-8187e16b-b075-4a4d-a2d9-eb6d91392d2d\">T\u00e9l\u00e9charger<\/a><\/div>\n\n\n\n<figure class=\"wp-block-image aligncenter size-full\"><img loading=\"lazy\" decoding=\"async\" width=\"419\" height=\"362\" src=\"https:\/\/rss-nmr.info\/wp-content\/uploads\/2025\/09\/cartouche-pour-page-rssnmr.jpg\" alt=\"\" class=\"wp-image-2070\" srcset=\"https:\/\/rss-nmr.info\/wp-content\/uploads\/2025\/09\/cartouche-pour-page-rssnmr.jpg 419w, https:\/\/rss-nmr.info\/wp-content\/uploads\/2025\/09\/cartouche-pour-page-rssnmr-300x259.jpg 300w\" sizes=\"(max-width: 419px) 100vw, 419px\" \/><\/figure>\n","protected":false},"excerpt":{"rendered":"","protected":false},"author":1,"featured_media":0,"parent":0,"menu_order":0,"comment_status":"closed","ping_status":"closed","template":"","meta":{"two_page_speed":[],"footnotes":""},"class_list":["post-2015","page","type-page","status-publish","hentry"],"_links":{"self":[{"href":"https:\/\/rss-nmr.info\/index.php\/wp-json\/wp\/v2\/pages\/2015","targetHints":{"allow":["GET"]}}],"collection":[{"href":"https:\/\/rss-nmr.info\/index.php\/wp-json\/wp\/v2\/pages"}],"about":[{"href":"https:\/\/rss-nmr.info\/index.php\/wp-json\/wp\/v2\/types\/page"}],"author":[{"embeddable":true,"href":"https:\/\/rss-nmr.info\/index.php\/wp-json\/wp\/v2\/users\/1"}],"replies":[{"embeddable":true,"href":"https:\/\/rss-nmr.info\/index.php\/wp-json\/wp\/v2\/comments?post=2015"}],"version-history":[{"count":2,"href":"https:\/\/rss-nmr.info\/index.php\/wp-json\/wp\/v2\/pages\/2015\/revisions"}],"predecessor-version":[{"id":2107,"href":"https:\/\/rss-nmr.info\/index.php\/wp-json\/wp\/v2\/pages\/2015\/revisions\/2107"}],"wp:attachment":[{"href":"https:\/\/rss-nmr.info\/index.php\/wp-json\/wp\/v2\/media?parent=2015"}],"curies":[{"name":"wp","href":"https:\/\/api.w.org\/{rel}","templated":true}]}}