{"id":1778,"date":"2024-02-26T15:15:17","date_gmt":"2024-02-26T19:15:17","guid":{"rendered":"https:\/\/rss-nmr.info\/?page_id=1778"},"modified":"2025-09-15T16:17:21","modified_gmt":"2025-09-15T20:17:21","slug":"bibliotheques","status":"publish","type":"page","link":"https:\/\/rss-nmr.info\/index.php\/bibliotheques\/","title":{"rendered":"Bibliotheques"},"content":{"rendered":"\n<h2 class=\"wp-block-heading\">Bibliotheques<\/h2>\n\n\n\n<p><\/p>\n\n\n\n<!-- clock widget start -->\n<script type=\"text\/javascript\"> var css_file=document.createElement(\"link\"); css_file.setAttribute(\"rel\",\"stylesheet\"); css_file.setAttribute(\"type\",\"text\/css\"); css_file.setAttribute(\"href\",\"https:\/\/s.bookcdn.com\/\/css\/cl\/bw-cl-c22.css?v=0.0.1\"); document.getElementsByTagName(\"head\")[0].appendChild(css_file); <\/script> <div id=\"tw_22_114177258\"><div style=\"width:200px; height:px; margin: 0 auto;\"><a href=\"https:\/\/hotelmix.es\/time\/la-paz-13481\">La Paz<\/a><br\/><\/div><\/div> <script type=\"text\/javascript\"> function setWidgetData_114177258(data){ if(typeof(data) != 'undefined' && data.results.length > 0) { for(var i = 0; i < data.results.length; ++i) { var objMainBlock = ''; var params = data.results[i]; objMainBlock = document.getElementById('tw_'+params.widget_type+'_'+params.widget_id); if(objMainBlock !== null) objMainBlock.innerHTML = params.html_code; } } } var clock_timer_114177258 = -1; widgetSrc = \"https:\/\/widgets.booked.net\/time\/info?ver=2;domid=582;type=22;id=114177258;scode=;city_id=;wlangid=4;mode=1;details=0;background=ffffff;border_color=ffffff;color=686868;add_background=ffffff;add_color=333333;head_color=ffffff;border=0;transparent=0\"; var widgetUrl = location.href; widgetSrc += '&#038;ref=' + widgetUrl; var wstrackId = \"\"; if (wstrackId) { widgetSrc += ';wstrackId=' + wstrackId + ';' } var timeBookedScript = document.createElement(\"script\"); timeBookedScript.setAttribute(\"type\", \"text\/javascript\"); timeBookedScript.src = widgetSrc; document.body.appendChild(timeBookedScript); <\/script>\n<!-- clock widget end -->\n\n\n\n<p><\/p>\n\n\n\n<p><\/p>\n\n\n\n<p><\/p>\n\n\n\n<figure class=\"wp-block-image aligncenter size-full is-resized\"><img fetchpriority=\"high\" decoding=\"async\" width=\"625\" height=\"417\" src=\"https:\/\/rss-nmr.info\/wp-content\/uploads\/2024\/02\/bibliotheque3.webp\" alt=\"\" class=\"wp-image-1782\" style=\"width:549px;height:auto\" srcset=\"https:\/\/rss-nmr.info\/wp-content\/uploads\/2024\/02\/bibliotheque3.webp 625w, https:\/\/rss-nmr.info\/wp-content\/uploads\/2024\/02\/bibliotheque3-300x200.webp 300w, https:\/\/rss-nmr.info\/wp-content\/uploads\/2024\/02\/bibliotheque3-600x400.webp 600w\" sizes=\"(max-width: 625px) 100vw, 625px\" \/><\/figure>\n\n\n\n<h4 class=\"wp-block-heading alignwide has-text-align-center\">N'h\u00e9sitez pas \u00e0 visiter les biblioth\u00e8ques en langues \u00e9trang\u00e8res et de t\u00e9l\u00e9charger les documents qui vous int\u00e9ressent<\/h4>\n\n\n\n<figure class=\"wp-block-image aligncenter size-full\"><img decoding=\"async\" width=\"419\" height=\"362\" src=\"https:\/\/rss-nmr.info\/wp-content\/uploads\/2025\/09\/cartouche-pour-page-rssnmr.jpg\" alt=\"\" class=\"wp-image-2070\" srcset=\"https:\/\/rss-nmr.info\/wp-content\/uploads\/2025\/09\/cartouche-pour-page-rssnmr.jpg 419w, https:\/\/rss-nmr.info\/wp-content\/uploads\/2025\/09\/cartouche-pour-page-rssnmr-300x259.jpg 300w\" sizes=\"(max-width: 419px) 100vw, 419px\" \/><\/figure>\n","protected":false},"excerpt":{"rendered":"<p>Bibliotheques La Paz N&rsquo;h\u00e9sitez pas \u00e0 visiter les biblioth\u00e8ques en langues \u00e9trang\u00e8res et de t\u00e9l\u00e9charger les documents qui vous int\u00e9ressent<\/p>\n","protected":false},"author":1,"featured_media":0,"parent":0,"menu_order":0,"comment_status":"closed","ping_status":"closed","template":"","meta":{"two_page_speed":[],"footnotes":""},"class_list":["post-1778","page","type-page","status-publish","hentry"],"_links":{"self":[{"href":"https:\/\/rss-nmr.info\/index.php\/wp-json\/wp\/v2\/pages\/1778","targetHints":{"allow":["GET"]}}],"collection":[{"href":"https:\/\/rss-nmr.info\/index.php\/wp-json\/wp\/v2\/pages"}],"about":[{"href":"https:\/\/rss-nmr.info\/index.php\/wp-json\/wp\/v2\/types\/page"}],"author":[{"embeddable":true,"href":"https:\/\/rss-nmr.info\/index.php\/wp-json\/wp\/v2\/users\/1"}],"replies":[{"embeddable":true,"href":"https:\/\/rss-nmr.info\/index.php\/wp-json\/wp\/v2\/comments?post=1778"}],"version-history":[{"count":7,"href":"https:\/\/rss-nmr.info\/index.php\/wp-json\/wp\/v2\/pages\/1778\/revisions"}],"predecessor-version":[{"id":2075,"href":"https:\/\/rss-nmr.info\/index.php\/wp-json\/wp\/v2\/pages\/1778\/revisions\/2075"}],"wp:attachment":[{"href":"https:\/\/rss-nmr.info\/index.php\/wp-json\/wp\/v2\/media?parent=1778"}],"curies":[{"name":"wp","href":"https:\/\/api.w.org\/{rel}","templated":true}]}}