{"id":1566,"date":"2024-02-07T08:49:23","date_gmt":"2024-02-07T12:49:23","guid":{"rendered":"https:\/\/rss-nmr.info\/?page_id=1566"},"modified":"2026-04-02T06:06:23","modified_gmt":"2026-04-02T10:06:23","slug":"evolution-techno","status":"publish","type":"page","link":"https:\/\/rss-nmr.info\/index.php\/evolution-techno\/","title":{"rendered":"Evolution des technologies"},"content":{"rendered":"\n<p><\/p>\n\n\n\n<!-- clock widget start -->\n<script type=\"text\/javascript\"> var css_file=document.createElement(\"link\"); css_file.setAttribute(\"rel\",\"stylesheet\"); css_file.setAttribute(\"type\",\"text\/css\"); css_file.setAttribute(\"href\",\"https:\/\/s.bookcdn.com\/\/css\/cl\/bw-cl-c22.css?v=0.0.1\"); document.getElementsByTagName(\"head\")[0].appendChild(css_file); <\/script> <div id=\"tw_22_114177258\"><div style=\"width:200px; height:px; margin: 0 auto;\"><a href=\"https:\/\/hotelmix.es\/time\/la-paz-13481\">La Paz<\/a><br\/><\/div><\/div> <script type=\"text\/javascript\"> function setWidgetData_114177258(data){ if(typeof(data) != 'undefined' && data.results.length > 0) { for(var i = 0; i < data.results.length; ++i) { var objMainBlock = ''; var params = data.results[i]; objMainBlock = document.getElementById('tw_'+params.widget_type+'_'+params.widget_id); if(objMainBlock !== null) objMainBlock.innerHTML = params.html_code; } } } var clock_timer_114177258 = -1; widgetSrc = \"https:\/\/widgets.booked.net\/time\/info?ver=2;domid=582;type=22;id=114177258;scode=;city_id=;wlangid=4;mode=1;details=0;background=ffffff;border_color=ffffff;color=686868;add_background=ffffff;add_color=333333;head_color=ffffff;border=0;transparent=0\"; var widgetUrl = location.href; widgetSrc += '&#038;ref=' + widgetUrl; var wstrackId = \"\"; if (wstrackId) { widgetSrc += ';wstrackId=' + wstrackId + ';' } var timeBookedScript = document.createElement(\"script\"); timeBookedScript.setAttribute(\"type\", \"text\/javascript\"); timeBookedScript.src = widgetSrc; document.body.appendChild(timeBookedScript); <\/script>\n<!-- clock widget end -->\n\n\n\n<p><\/p>\n\n\n\n<p><\/p>\n\n\n\n<h1 class=\"wp-block-heading has-text-align-center\">LE MONDE ET LA TECHNOLOGIE EVOLUENT.<br>L\u2019EXPLORATION PETROLIERE AUSSI?<br><\/h1>\n\n\n\n<p>Commen\u00e7ons par un exemple qui peut vous concerner vous ou un proche car d\u00e9sormais on peut faire une \u00e9chographie du c\u0153ur avec un smartphone et un Papillon\u2026 au bureau ou au salon ! Allez sur https:\/\/www.butterflynetwork.com\/<\/p>\n\n\n\n<figure class=\"wp-block-image alignwide size-full\"><img fetchpriority=\"high\" decoding=\"async\" width=\"668\" height=\"417\" src=\"https:\/\/rss-nmr.info\/wp-content\/uploads\/2024\/02\/word-image-1495-9.png\" alt=\"\" class=\"wp-image-1506\" srcset=\"https:\/\/rss-nmr.info\/wp-content\/uploads\/2024\/02\/word-image-1495-9.png 668w, https:\/\/rss-nmr.info\/wp-content\/uploads\/2024\/02\/word-image-1495-9-300x187.png 300w\" sizes=\"(max-width: 668px) 100vw, 668px\" \/><\/figure>\n\n\n\n<p>C\u2019est depuis le t\u00e9l\u00e9phone portable du docteur que l\u2019on proc\u00e8de a l\u2019examen m\u00e9dical ,Ainsi ce n\u2019est pas cher, simple . En fait on change la taille de l\u2019outil, et les co\u00fbts de fonctionnement, les investissements (plus besoin de clinique d\u2019imageries pour le m\u00e9decin) mais sans changer ni am\u00e9liorer son utilit\u00e9 et surtout sa rapidit\u00e9 de diagnostic est le principal avantage car il peut \u00eatre r\u00e9alis\u00e9 sur le moment, sans rendez-vous et sur place en cas d\u2019accidents graves n\u00e9cessitant une intervention imm\u00e9diate. C\u2019est ce que nous proposons d\u00e9sormais avec la RSS-NMR pour les \u00e9tudes sismiques<\/p>\n\n\n\n<figure class=\"wp-block-image alignwide size-full\"><img decoding=\"async\" width=\"709\" height=\"333\" src=\"https:\/\/rss-nmr.info\/wp-content\/uploads\/2024\/02\/evolution-technologie.webp\" alt=\"\" class=\"wp-image-1576\" srcset=\"https:\/\/rss-nmr.info\/wp-content\/uploads\/2024\/02\/evolution-technologie.webp 709w, https:\/\/rss-nmr.info\/wp-content\/uploads\/2024\/02\/evolution-technologie-300x141.webp 300w\" sizes=\"(max-width: 709px) 100vw, 709px\" \/><\/figure>\n\n\n\n<p>Encore plus \u00e9vident pour comprendre, l\u2019\u00e9volution de la technologie et son importance, on prend comme exemple, l\u2019\u00e9volution de l\u2019informatique mais surtout l\u2019\u00e9volution du Hardware comme les laptops depuis 1984<\/p>\n\n\n\n<figure class=\"wp-block-image alignwide size-full\"><img decoding=\"async\" width=\"672\" height=\"332\" src=\"https:\/\/rss-nmr.info\/wp-content\/uploads\/2024\/01\/word-image-428-1.png\" alt=\"\" class=\"wp-image-429\" srcset=\"https:\/\/rss-nmr.info\/wp-content\/uploads\/2024\/01\/word-image-428-1.png 672w, https:\/\/rss-nmr.info\/wp-content\/uploads\/2024\/01\/word-image-428-1-300x148.png 300w\" sizes=\"(max-width: 672px) 100vw, 672px\" \/><\/figure>\n\n\n\n<p>Avec le RSS-NMR vous pouvez faire une pr\u00e9 exploration du bloc mis en licitation pour d\u00e9finir votre int\u00e9r\u00eat Et ce sans que les gouvernements le sache car nous sommes anonymes, vous pouvez \u00e9galement \u00e9valuer les atouts d'un \u00ab coll\u00e8gue \u00bb pour l'acheter ou cr\u00e9er une JV. Le shema ci dessous est a revoir <\/p>\n\n\n\n<p>Enfin le plus int\u00e9ressant est de s\u2019auto\u00e9valuer pour modifier le network de production et le modifier en fonctions des nouvelles observations pour prendre les decisions les plus sages economiquement<\/p>\n\n\n\n<p><\/p>\n\n\n\n<figure class=\"wp-block-image alignwide size-large\"><img loading=\"lazy\" decoding=\"async\" width=\"1024\" height=\"576\" src=\"https:\/\/rss-nmr.info\/wp-content\/uploads\/2024\/02\/MISEENPLACERSS-2-1024x576.jpg\" alt=\"\" class=\"wp-image-1580\" srcset=\"https:\/\/rss-nmr.info\/wp-content\/uploads\/2024\/02\/MISEENPLACERSS-2-1024x576.jpg 1024w, https:\/\/rss-nmr.info\/wp-content\/uploads\/2024\/02\/MISEENPLACERSS-2-300x169.jpg 300w, https:\/\/rss-nmr.info\/wp-content\/uploads\/2024\/02\/MISEENPLACERSS-2-768x432.jpg 768w, https:\/\/rss-nmr.info\/wp-content\/uploads\/2024\/02\/MISEENPLACERSS-2.jpg 1300w\" sizes=\"(max-width: 1024px) 100vw, 1024px\" \/><\/figure>\n\n\n\n<figure class=\"wp-block-video alignwide\"><video height=\"1080\" style=\"aspect-ratio: 1528 \/ 1080;\" width=\"1528\" controls src=\"https:\/\/rss-nmr.info\/wp-content\/uploads\/2025\/09\/film-or-chine_musique-et-logo-fands.mp4\"><\/video><\/figure>\n\n\n\n<div data-wp-interactive=\"core\/file\" class=\"wp-block-file alignwide\"><object data-wp-bind--hidden=\"!state.hasPdfPreview\" hidden class=\"wp-block-file__embed\" data=\"https:\/\/rss-nmr.info\/wp-content\/uploads\/2024\/09\/uk-RSS-NMR-2004-2024.pdf\" type=\"application\/pdf\" style=\"width:100%;height:600px\" aria-label=\"Contenu embarqu\u00e9 uk-RSS-NMR-2004-2024.\"><\/object><a id=\"wp-block-file--media-405b2769-5496-409c-abb0-67c75f6878bc\" href=\"https:\/\/rss-nmr.info\/wp-content\/uploads\/2024\/09\/uk-RSS-NMR-2004-2024.pdf\">uk-RSS-NMR-2004-2024<\/a><a href=\"https:\/\/rss-nmr.info\/wp-content\/uploads\/2024\/09\/uk-RSS-NMR-2004-2024.pdf\" class=\"wp-block-file__button wp-element-button\" download aria-describedby=\"wp-block-file--media-405b2769-5496-409c-abb0-67c75f6878bc\">T\u00e9l\u00e9charger<\/a><\/div>\n\n\n\n<div data-wp-interactive=\"core\/file\" class=\"wp-block-file alignwide\"><object data-wp-bind--hidden=\"!state.hasPdfPreview\" hidden class=\"wp-block-file__embed\" data=\"https:\/\/rss-nmr.info\/wp-content\/uploads\/2024\/09\/BREVET.pdf\" type=\"application\/pdf\" style=\"width:100%;height:600px\" aria-label=\"Contenu embarqu\u00e9 BREVET.\"><\/object><a id=\"wp-block-file--media-7b1268aa-452c-4752-af63-224a54174ae7\" href=\"https:\/\/rss-nmr.info\/wp-content\/uploads\/2024\/09\/BREVET.pdf\">BREVET<\/a><a href=\"https:\/\/rss-nmr.info\/wp-content\/uploads\/2024\/09\/BREVET.pdf\" class=\"wp-block-file__button wp-element-button\" download aria-describedby=\"wp-block-file--media-7b1268aa-452c-4752-af63-224a54174ae7\">T\u00e9l\u00e9charger<\/a><\/div>\n\n\n\n<figure class=\"wp-block-image aligncenter size-full\"><img loading=\"lazy\" decoding=\"async\" width=\"419\" height=\"362\" src=\"https:\/\/rss-nmr.info\/wp-content\/uploads\/2025\/09\/cartouche-pour-page-rssnmr.jpg\" alt=\"\" class=\"wp-image-2070\" srcset=\"https:\/\/rss-nmr.info\/wp-content\/uploads\/2025\/09\/cartouche-pour-page-rssnmr.jpg 419w, https:\/\/rss-nmr.info\/wp-content\/uploads\/2025\/09\/cartouche-pour-page-rssnmr-300x259.jpg 300w\" sizes=\"(max-width: 419px) 100vw, 419px\" \/><\/figure>\n\n\n\n<div data-wp-interactive=\"core\/file\" class=\"wp-block-file alignwide\"><object data-wp-bind--hidden=\"!state.hasPdfPreview\" hidden class=\"wp-block-file__embed\" data=\"https:\/\/rss-nmr.info\/wp-content\/uploads\/2026\/03\/uk-2026-02-16-intelligence-in-exploration-regarding-time-and-cost-for-EP-comprimido-1.pdf\" type=\"application\/pdf\" style=\"width:100%;height:600px\" aria-label=\"Contenu embarqu\u00e9 uk-2026-02-16-intelligence in exploration regarding time and cost for E&amp;P-comprimido.\"><\/object><a id=\"wp-block-file--media-978022cf-40d2-4104-a0c1-0fb9c3763ca1\" href=\"https:\/\/rss-nmr.info\/wp-content\/uploads\/2026\/03\/uk-2026-02-16-intelligence-in-exploration-regarding-time-and-cost-for-EP-comprimido-1.pdf\">uk-2026-02-16-intelligence in exploration regarding time and cost for E&amp;P-comprimido<\/a><a href=\"https:\/\/rss-nmr.info\/wp-content\/uploads\/2026\/03\/uk-2026-02-16-intelligence-in-exploration-regarding-time-and-cost-for-EP-comprimido-1.pdf\" class=\"wp-block-file__button wp-element-button\" download aria-describedby=\"wp-block-file--media-978022cf-40d2-4104-a0c1-0fb9c3763ca1\">T\u00e9l\u00e9charger<\/a><\/div>\n\n\n\n<div data-wp-interactive=\"core\/file\" class=\"wp-block-file alignwide\"><object data-wp-bind--hidden=\"!state.hasPdfPreview\" hidden class=\"wp-block-file__embed\" data=\"https:\/\/rss-nmr.info\/wp-content\/uploads\/2026\/03\/UK-2026-03-15-NMR_Shale_Diagnostics-1.pdf\" type=\"application\/pdf\" style=\"width:100%;height:600px\" aria-label=\"Contenu embarqu\u00e9 UK-2026-03-15-NMR_Shale_Diagnostics.\"><\/object><a id=\"wp-block-file--media-edec2d9c-9ff9-4746-9e0f-3bb899f8c511\" href=\"https:\/\/rss-nmr.info\/wp-content\/uploads\/2026\/03\/UK-2026-03-15-NMR_Shale_Diagnostics-1.pdf\">UK-2026-03-15-NMR_Shale_Diagnostics<\/a><a href=\"https:\/\/rss-nmr.info\/wp-content\/uploads\/2026\/03\/UK-2026-03-15-NMR_Shale_Diagnostics-1.pdf\" class=\"wp-block-file__button wp-element-button\" download aria-describedby=\"wp-block-file--media-edec2d9c-9ff9-4746-9e0f-3bb899f8c511\">T\u00e9l\u00e9charger<\/a><\/div>\n\n\n\n<div data-wp-interactive=\"core\/file\" class=\"wp-block-file alignwide\"><object data-wp-bind--hidden=\"!state.hasPdfPreview\" hidden class=\"wp-block-file__embed\" data=\"https:\/\/rss-nmr.info\/wp-content\/uploads\/2026\/03\/RSS01-fr-2026-01-30-rss-nmr-mode-demploi-rev02-.pdf\" type=\"application\/pdf\" style=\"width:100%;height:600px\" aria-label=\"Contenu embarqu\u00e9 RSS01-fr-2026-01-30-rss-nmr mode demploi rev02-.\"><\/object><a id=\"wp-block-file--media-d793a174-26c2-42c2-a282-7871c662ac6a\" href=\"https:\/\/rss-nmr.info\/wp-content\/uploads\/2026\/03\/RSS01-fr-2026-01-30-rss-nmr-mode-demploi-rev02-.pdf\">RSS01-fr-2026-01-30-rss-nmr mode demploi rev02-<\/a><a href=\"https:\/\/rss-nmr.info\/wp-content\/uploads\/2026\/03\/RSS01-fr-2026-01-30-rss-nmr-mode-demploi-rev02-.pdf\" class=\"wp-block-file__button wp-element-button\" download aria-describedby=\"wp-block-file--media-d793a174-26c2-42c2-a282-7871c662ac6a\">T\u00e9l\u00e9charger<\/a><\/div>\n\n\n\n<div data-wp-interactive=\"core\/file\" class=\"wp-block-file alignwide\"><object data-wp-bind--hidden=\"!state.hasPdfPreview\" hidden class=\"wp-block-file__embed\" data=\"https:\/\/rss-nmr.info\/wp-content\/uploads\/2026\/03\/fr-2015-07-12-detection-eau-profonde-et-magmatique-REV-01-2026-03-27-1-converted.pdf\" type=\"application\/pdf\" style=\"width:100%;height:600px\" aria-label=\"Contenu embarqu\u00e9 fr-2015-07-12 detection eau profonde et magmatique REV 01 2026-03-27 (1) - converted.\"><\/object><a id=\"wp-block-file--media-f8630856-c9d2-47cd-9038-e8f624fbc656\" href=\"https:\/\/rss-nmr.info\/wp-content\/uploads\/2026\/03\/fr-2015-07-12-detection-eau-profonde-et-magmatique-REV-01-2026-03-27-1-converted.pdf\">fr-2015-07-12 detection eau profonde et magmatique REV 01 2026-03-27 (1) - converted<\/a><a href=\"https:\/\/rss-nmr.info\/wp-content\/uploads\/2026\/03\/fr-2015-07-12-detection-eau-profonde-et-magmatique-REV-01-2026-03-27-1-converted.pdf\" class=\"wp-block-file__button wp-element-button\" download aria-describedby=\"wp-block-file--media-f8630856-c9d2-47cd-9038-e8f624fbc656\">T\u00e9l\u00e9charger<\/a><\/div>\n\n\n\n<div data-wp-interactive=\"core\/file\" class=\"wp-block-file alignwide\"><object data-wp-bind--hidden=\"!state.hasPdfPreview\" hidden class=\"wp-block-file__embed\" data=\"https:\/\/rss-nmr.info\/wp-content\/uploads\/2026\/04\/06-fr-2026-02-10-Etude-complementaire-jusqua-un-plan-dexploration-rapide_pdf-comprimido-1-16.pdf\" type=\"application\/pdf\" style=\"width:100%;height:600px\" aria-label=\"Contenu embarqu\u00e9 06-fr-2026-02-10-Etude complementaire jusqu\u2019\u00e0 un plan d\u2019exploration rapide_pdf-comprimido-1-16.\"><\/object><a id=\"wp-block-file--media-281d75c9-1702-4037-88af-163d1d0c0f68\" href=\"https:\/\/rss-nmr.info\/wp-content\/uploads\/2026\/04\/06-fr-2026-02-10-Etude-complementaire-jusqua-un-plan-dexploration-rapide_pdf-comprimido-1-16.pdf\">06-fr-2026-02-10-Etude complementaire jusqu\u2019\u00e0 un plan d\u2019exploration rapide_pdf-comprimido-1-16<\/a><a href=\"https:\/\/rss-nmr.info\/wp-content\/uploads\/2026\/04\/06-fr-2026-02-10-Etude-complementaire-jusqua-un-plan-dexploration-rapide_pdf-comprimido-1-16.pdf\" class=\"wp-block-file__button wp-element-button\" download aria-describedby=\"wp-block-file--media-281d75c9-1702-4037-88af-163d1d0c0f68\">T\u00e9l\u00e9charger<\/a><\/div>\n\n\n\n<div data-wp-interactive=\"core\/file\" class=\"wp-block-file alignwide\"><object data-wp-bind--hidden=\"!state.hasPdfPreview\" hidden class=\"wp-block-file__embed\" data=\"https:\/\/rss-nmr.info\/wp-content\/uploads\/2026\/04\/uk-2026-04-01-The_Magmatic_Water_Engine-1.pdf\" type=\"application\/pdf\" style=\"width:100%;height:600px\" aria-label=\"Contenu embarqu\u00e9 uk-2026-04-01-The_Magmatic_Water_Engine.\"><\/object><a id=\"wp-block-file--media-0e3aaaf2-6ec0-4fec-b2fd-81be0fa584e8\" href=\"https:\/\/rss-nmr.info\/wp-content\/uploads\/2026\/04\/uk-2026-04-01-The_Magmatic_Water_Engine-1.pdf\">uk-2026-04-01-The_Magmatic_Water_Engine<\/a><a href=\"https:\/\/rss-nmr.info\/wp-content\/uploads\/2026\/04\/uk-2026-04-01-The_Magmatic_Water_Engine-1.pdf\" class=\"wp-block-file__button wp-element-button\" download aria-describedby=\"wp-block-file--media-0e3aaaf2-6ec0-4fec-b2fd-81be0fa584e8\">T\u00e9l\u00e9charger<\/a><\/div>\n\n\n\n<div data-wp-interactive=\"core\/file\" class=\"wp-block-file alignwide\"><object data-wp-bind--hidden=\"!state.hasPdfPreview\" hidden class=\"wp-block-file__embed\" data=\"https:\/\/rss-nmr.info\/wp-content\/uploads\/2026\/04\/uk-2012-06-28-The_RSS-NMR_Advantage.pdf\" type=\"application\/pdf\" style=\"width:100%;height:600px\" aria-label=\"Contenu embarqu\u00e9 uk-2012-06-28-The_RSS-NMR_Advantage.\"><\/object><a id=\"wp-block-file--media-9a461b23-45e8-49a4-bb65-1731f2a74069\" href=\"https:\/\/rss-nmr.info\/wp-content\/uploads\/2026\/04\/uk-2012-06-28-The_RSS-NMR_Advantage.pdf\">uk-2012-06-28-The_RSS-NMR_Advantage<\/a><a href=\"https:\/\/rss-nmr.info\/wp-content\/uploads\/2026\/04\/uk-2012-06-28-The_RSS-NMR_Advantage.pdf\" class=\"wp-block-file__button wp-element-button\" download aria-describedby=\"wp-block-file--media-9a461b23-45e8-49a4-bb65-1731f2a74069\">T\u00e9l\u00e9charger<\/a><\/div>\n\n\n\n<div data-wp-interactive=\"core\/file\" class=\"wp-block-file alignwide\"><object data-wp-bind--hidden=\"!state.hasPdfPreview\" hidden class=\"wp-block-file__embed\" data=\"https:\/\/rss-nmr.info\/wp-content\/uploads\/2026\/03\/fr-2016-10-21-DIAMANTS-SAUVAGES-ET-CONTAMINATION.pdf\" type=\"application\/pdf\" style=\"width:100%;height:600px\" aria-label=\"Contenu embarqu\u00e9 fr-2016-10-21-DIAMANTS SAUVAGES ET CONTAMINATION.\"><\/object><a id=\"wp-block-file--media-39bbb3f6-ace1-48e5-95f2-05a059db6a9b\" href=\"https:\/\/rss-nmr.info\/wp-content\/uploads\/2026\/03\/fr-2016-10-21-DIAMANTS-SAUVAGES-ET-CONTAMINATION.pdf\">fr-2016-10-21-DIAMANTS SAUVAGES ET CONTAMINATION<\/a><a href=\"https:\/\/rss-nmr.info\/wp-content\/uploads\/2026\/03\/fr-2016-10-21-DIAMANTS-SAUVAGES-ET-CONTAMINATION.pdf\" class=\"wp-block-file__button wp-element-button\" download aria-describedby=\"wp-block-file--media-39bbb3f6-ace1-48e5-95f2-05a059db6a9b\">T\u00e9l\u00e9charger<\/a><\/div>\n\n\n\n<div data-wp-interactive=\"core\/file\" class=\"wp-block-file alignwide\"><object data-wp-bind--hidden=\"!state.hasPdfPreview\" hidden class=\"wp-block-file__embed\" data=\"https:\/\/rss-nmr.info\/wp-content\/uploads\/2026\/04\/UK-2022-12-30-From_Inference_to_Intelligence.pdf\" type=\"application\/pdf\" style=\"width:100%;height:600px\" aria-label=\"Contenu embarqu\u00e9 UK-2022-12-30-From_Inference_to_Intelligence.\"><\/object><a id=\"wp-block-file--media-80e657f1-536d-403e-b26d-252d3e2a1943\" href=\"https:\/\/rss-nmr.info\/wp-content\/uploads\/2026\/04\/UK-2022-12-30-From_Inference_to_Intelligence.pdf\">UK-2022-12-30-From_Inference_to_Intelligence<\/a><a href=\"https:\/\/rss-nmr.info\/wp-content\/uploads\/2026\/04\/UK-2022-12-30-From_Inference_to_Intelligence.pdf\" class=\"wp-block-file__button wp-element-button\" download aria-describedby=\"wp-block-file--media-80e657f1-536d-403e-b26d-252d3e2a1943\">T\u00e9l\u00e9charger<\/a><\/div>\n\n\n\n<div data-wp-interactive=\"core\/file\" class=\"wp-block-file alignwide\"><object data-wp-bind--hidden=\"!state.hasPdfPreview\" hidden class=\"wp-block-file__embed\" data=\"https:\/\/rss-nmr.info\/wp-content\/uploads\/2026\/03\/2017-05-23-Outsmarting_the_Magnetic_Anomaly-converted-1.pdf\" type=\"application\/pdf\" style=\"width:100%;height:600px\" aria-label=\"Contenu embarqu\u00e9 2017-05-23-Outsmarting_the_Magnetic_Anomaly - converted.\"><\/object><a id=\"wp-block-file--media-790d7c32-623c-41b3-9921-1fd2b3fa1d2a\" href=\"https:\/\/rss-nmr.info\/wp-content\/uploads\/2026\/03\/2017-05-23-Outsmarting_the_Magnetic_Anomaly-converted-1.pdf\">2017-05-23-Outsmarting_the_Magnetic_Anomaly - converted<\/a><a href=\"https:\/\/rss-nmr.info\/wp-content\/uploads\/2026\/03\/2017-05-23-Outsmarting_the_Magnetic_Anomaly-converted-1.pdf\" class=\"wp-block-file__button wp-element-button\" download aria-describedby=\"wp-block-file--media-790d7c32-623c-41b3-9921-1fd2b3fa1d2a\">T\u00e9l\u00e9charger<\/a><\/div>\n\n\n\n<figure class=\"wp-block-image alignwide size-large\"><img loading=\"lazy\" decoding=\"async\" width=\"1024\" height=\"672\" src=\"https:\/\/rss-nmr.info\/wp-content\/uploads\/2026\/04\/fr-autre-usage-de-la-rss-nmr-2-1024x672.jpg\" alt=\"\" class=\"wp-image-2348\" srcset=\"https:\/\/rss-nmr.info\/wp-content\/uploads\/2026\/04\/fr-autre-usage-de-la-rss-nmr-2-1024x672.jpg 1024w, https:\/\/rss-nmr.info\/wp-content\/uploads\/2026\/04\/fr-autre-usage-de-la-rss-nmr-2-300x197.jpg 300w, https:\/\/rss-nmr.info\/wp-content\/uploads\/2026\/04\/fr-autre-usage-de-la-rss-nmr-2-768x504.jpg 768w, https:\/\/rss-nmr.info\/wp-content\/uploads\/2026\/04\/fr-autre-usage-de-la-rss-nmr-2-600x394.jpg 600w, https:\/\/rss-nmr.info\/wp-content\/uploads\/2026\/04\/fr-autre-usage-de-la-rss-nmr-2.jpg 1166w\" sizes=\"(max-width: 1024px) 100vw, 1024px\" \/><\/figure>\n","protected":false},"excerpt":{"rendered":"<p>La Paz LE MONDE ET LA TECHNOLOGIE EVOLUENT.L\u2019EXPLORATION PETROLIERE AUSSI? Commen\u00e7ons par un exemple qui peut vous concerner vous ou un proche car d\u00e9sormais on peut faire une \u00e9chographie du c\u0153ur avec un smartphone et un Papillon\u2026 au bureau ou au salon ! Allez sur https:\/\/www.butterflynetwork.com\/ C\u2019est depuis le t\u00e9l\u00e9phone portable du docteur que l\u2019on [&hellip;]<\/p>\n","protected":false},"author":1,"featured_media":0,"parent":0,"menu_order":0,"comment_status":"closed","ping_status":"closed","template":"","meta":{"two_page_speed":[],"footnotes":""},"class_list":["post-1566","page","type-page","status-publish","hentry"],"_links":{"self":[{"href":"https:\/\/rss-nmr.info\/index.php\/wp-json\/wp\/v2\/pages\/1566","targetHints":{"allow":["GET"]}}],"collection":[{"href":"https:\/\/rss-nmr.info\/index.php\/wp-json\/wp\/v2\/pages"}],"about":[{"href":"https:\/\/rss-nmr.info\/index.php\/wp-json\/wp\/v2\/types\/page"}],"author":[{"embeddable":true,"href":"https:\/\/rss-nmr.info\/index.php\/wp-json\/wp\/v2\/users\/1"}],"replies":[{"embeddable":true,"href":"https:\/\/rss-nmr.info\/index.php\/wp-json\/wp\/v2\/comments?post=1566"}],"version-history":[{"count":10,"href":"https:\/\/rss-nmr.info\/index.php\/wp-json\/wp\/v2\/pages\/1566\/revisions"}],"predecessor-version":[{"id":2372,"href":"https:\/\/rss-nmr.info\/index.php\/wp-json\/wp\/v2\/pages\/1566\/revisions\/2372"}],"wp:attachment":[{"href":"https:\/\/rss-nmr.info\/index.php\/wp-json\/wp\/v2\/media?parent=1566"}],"curies":[{"name":"wp","href":"https:\/\/api.w.org\/{rel}","templated":true}]}}