{"id":1527,"date":"2024-02-06T08:27:41","date_gmt":"2024-02-06T12:27:41","guid":{"rendered":"https:\/\/rss-nmr.info\/?page_id=1527"},"modified":"2025-09-16T10:51:28","modified_gmt":"2025-09-16T14:51:28","slug":"strategies-dutilisation","status":"publish","type":"page","link":"https:\/\/rss-nmr.info\/index.php\/strategies-dutilisation\/","title":{"rendered":"Strat\u00e9gies d&rsquo;utilisation"},"content":{"rendered":"\n<p><\/p>\n\n\n\n<!-- clock widget start -->\n<script type=\"text\/javascript\"> var css_file=document.createElement(\"link\"); css_file.setAttribute(\"rel\",\"stylesheet\"); css_file.setAttribute(\"type\",\"text\/css\"); css_file.setAttribute(\"href\",\"https:\/\/s.bookcdn.com\/\/css\/cl\/bw-cl-c22.css?v=0.0.1\"); document.getElementsByTagName(\"head\")[0].appendChild(css_file); <\/script> <div id=\"tw_22_114177258\"><div style=\"width:200px; height:px; margin: 0 auto;\"><a href=\"https:\/\/hotelmix.es\/time\/la-paz-13481\">La Paz<\/a><br\/><\/div><\/div> <script type=\"text\/javascript\"> function setWidgetData_114177258(data){ if(typeof(data) != 'undefined' && data.results.length > 0) { for(var i = 0; i < data.results.length; ++i) { var objMainBlock = ''; var params = data.results[i]; objMainBlock = document.getElementById('tw_'+params.widget_type+'_'+params.widget_id); if(objMainBlock !== null) objMainBlock.innerHTML = params.html_code; } } } var clock_timer_114177258 = -1; widgetSrc = \"https:\/\/widgets.booked.net\/time\/info?ver=2;domid=582;type=22;id=114177258;scode=;city_id=;wlangid=4;mode=1;details=0;background=ffffff;border_color=ffffff;color=686868;add_background=ffffff;add_color=333333;head_color=ffffff;border=0;transparent=0\"; var widgetUrl = location.href; widgetSrc += '&#038;ref=' + widgetUrl; var wstrackId = \"\"; if (wstrackId) { widgetSrc += ';wstrackId=' + wstrackId + ';' } var timeBookedScript = document.createElement(\"script\"); timeBookedScript.setAttribute(\"type\", \"text\/javascript\"); timeBookedScript.src = widgetSrc; document.body.appendChild(timeBookedScript); <\/script>\n<!-- clock widget end -->\n\n\n\n<p><\/p>\n\n\n\n<h1 class=\"wp-block-heading has-text-align-center\">COMMENCER A UTILISER LA RSS-NMR POUR SES PROPRIETES TECHNIQUES QUI SONT UNIQUES EN EXPLORATION ET REFURBISH<\/h1>\n\n\n\n<h3 class=\"wp-block-heading has-text-align-center\"> <strong>Strat\u00e9gie d\u2019acquisition de nouveaux blocs mis aux ench\u00e8res par les NOC para une pr\u00e9 exploration utilisant la RSS-NMR \u00ab discret \u00bb<\/strong><\/h3>\n\n\n\n<ul class=\"wp-block-list\">\n<li>En Mode \u00ab Discret \u00bb la E&amp;P d\u00e9cide de proc\u00e9der&nbsp; une op\u00e9ration d\u2019\u00e9valuation discr\u00e8te des blocs gr\u00e2ce \u00e0 la RSS-NMR.<\/li>\n\n\n\n<li>D\u00e8s que les coordonn\u00e9es des blocs mis aux ench\u00e8res sont publi\u00e9es par la NOC<\/li>\n\n\n\n<li>Un contrat de pr\u00e9 exploration se signe entre les parties<\/li>\n\n\n\n<li>Le travail se fait a 100 % dans nos laboratoires<\/li>\n\n\n\n<li>Aucun op\u00e9rateur de notre entreprise ou de la E&amp;P sera sur le terrain dans le pays concern\u00e9 pour \u00e9viter de susciter des expectatives dans le pays.<\/li>\n\n\n\n<li>Les r\u00e9sultats restent confidentiels.<\/li>\n\n\n\n<li>La E&amp;P d\u00e9cide de la suite \u00e0 donner de cette pr\u00e9 exploration dans la pr\u00e9sentation d\u2019une offre a la NOC&nbsp;<\/li>\n\n\n\n<li>L\u2019op\u00e9ration RSS-NMR doit commencer apr\u00e8s le stade 4&nbsp; de l\u2019op\u00e9ration de mise en vente de blocs. ( voir la proc\u00e9dure ci-dessous)&nbsp;<\/li>\n<\/ul>\n\n\n\n<h3 class=\"wp-block-heading has-text-align-center\">POINT SPECIFIQUE DE LA MISE EN PLACE DU\" MODE DISCRET\" DANS UNE LICITATION DE BLOCS NOUVEAUX<\/h3>\n\n\n\n<figure class=\"wp-block-image aligncenter size-large\"><img fetchpriority=\"high\" decoding=\"async\" width=\"1024\" height=\"661\" src=\"https:\/\/rss-nmr.info\/wp-content\/uploads\/2024\/11\/processusencheres-1024x661.png\" alt=\"\" class=\"wp-image-1996\" srcset=\"https:\/\/rss-nmr.info\/wp-content\/uploads\/2024\/11\/processusencheres-1024x661.png 1024w, https:\/\/rss-nmr.info\/wp-content\/uploads\/2024\/11\/processusencheres-300x194.png 300w, https:\/\/rss-nmr.info\/wp-content\/uploads\/2024\/11\/processusencheres-768x496.png 768w, https:\/\/rss-nmr.info\/wp-content\/uploads\/2024\/11\/processusencheres-1536x991.png 1536w, https:\/\/rss-nmr.info\/wp-content\/uploads\/2024\/11\/processusencheres-600x387.png 600w, https:\/\/rss-nmr.info\/wp-content\/uploads\/2024\/11\/processusencheres.png 1596w\" sizes=\"(max-width: 1024px) 100vw, 1024px\" \/><\/figure>\n\n\n\n<h3 class=\"wp-block-heading has-text-align-center\"><\/h3>\n\n\n\n<h3 class=\"wp-block-heading\">STRATEGIE D'UTILISATION POUR LA PRE EXPLORATION DES BLOCS APPARTENANT A LA E&amp;P POUR DELIMITER LES ZONES D'EXPLORATION A \"VIBRER\"<\/h3>\n\n\n\n<p><strong>Marquage des r\u00e9servoirs et leur horizons ainsi que une indication des&nbsp; volumes . En On r\u00e9duit la superficie a explorer sur le terrain.<\/strong><\/p>\n\n\n\n<ul class=\"wp-block-list\">\n<li><strong>CONSEQUENCE <\/strong>la RSS-NMR&nbsp; induit l\u2019utilisation de syst\u00e8mes sismique moderne et modulable ( OBN ou Nodes stryde)&nbsp; en supprimant les anciennes sismiques traditionnelles ( 2D \/ 3D) sur la totalit\u00e9 du bloc<\/li>\n\n\n\n<li>Sur le terrain&nbsp; on peut appliquer soit&nbsp; RSS-NMR &nbsp;PHASE 2 , soit les syst\u00e8mes de nodes ( OBN, Stryde, autres)<\/li>\n\n\n\n<li><strong>CONCLUSION<\/strong> Reducci\u00f3n des co\u00fbts d\u2019exploration globaux en faisant&nbsp; la s\u00e9lection des zones pr\u00e9sentant de gros indices de la pr\u00e9sence d\u2019hydrocarbures gr\u00e2ce a la RSS-NMR<\/li>\n<\/ul>\n\n\n\n<h2 class=\"wp-block-heading has-text-align-center\">EXEMPLE DU BLOC HS21 USAGE DE LA RSS-NMR POUR DELIMITER LES ZONES D'INTERETS A \"VIBRER\" SUR LE BLOC<\/h2>\n\n\n\n<figure class=\"wp-block-image aligncenter size-full\"><img decoding=\"async\" width=\"926\" height=\"367\" src=\"https:\/\/rss-nmr.info\/wp-content\/uploads\/2024\/11\/greenfield-explication-en-uk.png\" alt=\"\" class=\"wp-image-1994\" srcset=\"https:\/\/rss-nmr.info\/wp-content\/uploads\/2024\/11\/greenfield-explication-en-uk.png 926w, https:\/\/rss-nmr.info\/wp-content\/uploads\/2024\/11\/greenfield-explication-en-uk-300x119.png 300w, https:\/\/rss-nmr.info\/wp-content\/uploads\/2024\/11\/greenfield-explication-en-uk-768x304.png 768w, https:\/\/rss-nmr.info\/wp-content\/uploads\/2024\/11\/greenfield-explication-en-uk-600x238.png 600w\" sizes=\"(max-width: 926px) 100vw, 926px\" \/><\/figure>\n\n\n\n<h2 class=\"wp-block-heading has-text-align-center\">BROWN FIELD STRATEGIE DE REFURBISH D'UN BLOC ANCIEN. ON REFAIT UNE EXPLORATION POUR VOIR SI TOUS LES RESERVOIRS ONT ETE MIS EN EVIDENCE LORS DES EXPLORATIONS PRECEDENTES<\/h2>\n\n\n\n<ul class=\"wp-block-list\">\n<li>on procede a ces operations depuis nos laboratoires avec les caracterisitiques suivantes<\/li>\n\n\n\n<li>On ne stoppe pas la production puisque tout se fait depuis une exploration Geoholographique avec des images satellites<\/li>\n\n\n\n<li>Pas de personnel sur le terrain<\/li>\n\n\n\n<li>Les autorites , la NOC , ou l entreprise a racheter ne sont pas du tout au courant de cette re exploration<\/li>\n\n\n\n<li>Pas de nouvelles expectatives dans le pays<\/li>\n\n\n\n<li>Discretion totale vis a vis des entreprises O&amp;G coll\u00e8gues<\/li>\n<\/ul>\n\n\n\n<h4 class=\"wp-block-heading has-text-align-center\">EXEMPLE DU BLOC BX56 CAMPO ALFA , L'AUGMENTATION DE LA PRODUCTION APRES UNE RE-EXPLORATION QUI SE FAIT SANS JAMAIS STOPPER LA PRODUCTION DU BLOC BX56 CAMPO ALFA <\/h4>\n\n\n\n<figure class=\"wp-block-image aligncenter size-full\"><img decoding=\"async\" width=\"781\" height=\"244\" src=\"https:\/\/rss-nmr.info\/wp-content\/uploads\/2024\/11\/brownfierld-explication-en-uk.png\" alt=\"\" class=\"wp-image-1995\" srcset=\"https:\/\/rss-nmr.info\/wp-content\/uploads\/2024\/11\/brownfierld-explication-en-uk.png 781w, https:\/\/rss-nmr.info\/wp-content\/uploads\/2024\/11\/brownfierld-explication-en-uk-300x94.png 300w, https:\/\/rss-nmr.info\/wp-content\/uploads\/2024\/11\/brownfierld-explication-en-uk-768x240.png 768w, https:\/\/rss-nmr.info\/wp-content\/uploads\/2024\/11\/brownfierld-explication-en-uk-600x187.png 600w\" sizes=\"(max-width: 781px) 100vw, 781px\" \/><\/figure>\n\n\n\n<p>Gr\u00e2ce \u00e0 la RSS-NMR et sans arr\u00eater une minute la production, on a mis en \u00e9vidence de nouveaux&nbsp;&nbsp;&nbsp; r\u00e9servoirs qui de plus forment un ensemble exploitable avec les r\u00e9servoirs p\u00e9riph\u00e9riques des ann\u00e9es 70 on a maintenant <strong>une production de 29171 bpd<\/strong> <strong>AVEC LES RESERVOIRS MARGINAUX ET LES NOUVEAUX RESERVOIRS DECOUVERTS<\/strong><\/p>\n\n\n\n<h2 class=\"wp-block-heading has-text-align-center\"><\/h2>\n\n\n\n<figure class=\"wp-block-video aligncenter\"><video height=\"720\" style=\"aspect-ratio: 1280 \/ 720;\" width=\"1280\" controls src=\"https:\/\/rss-nmr.info\/wp-content\/uploads\/2025\/09\/rss-uk-fands-1.mp4\"><\/video><\/figure>\n\n\n\n<h1 class=\"wp-block-heading has-text-align-center\">Autres utilisations de la RSS-NMR<\/h1>\n\n\n\n<ul class=\"wp-block-list\">\n<li>Etude des blocs de la concurrence pour en connaitre le potentiel en cas de rachat du bloc et avoir une id\u00e9e du panorama des r\u00e9servoirs oubli\u00e9s ou marginaux<\/li>\n\n\n\n<li>Etudes des blocs qui seraient mis en vente et \u00e9tude du potentiel autour pour les re d\u00e9velopper si en phase d\u2019abandons<\/li>\n\n\n\n<li>Optimisation de la production en r\u00e9clamant des blocs vierges nouveaux pour avoir une consistance dans la production par une strat\u00e9gie r\u00e9gionale en exploitant mieux les infrastructures<strong> EXISTANTES<\/strong><\/li>\n\n\n\n<li>V\u00e9rifier si il y a une production qui justifierait des investissements lourds comme des pipelines, des terminaux et des infrastructures civiles.&nbsp;<\/li>\n<\/ul>\n\n\n\n<div data-wp-interactive=\"core\/file\" class=\"wp-block-file\"><object data-wp-bind--hidden=\"!state.hasPdfPreview\" hidden class=\"wp-block-file__embed\" data=\"https:\/\/rss-nmr.info\/wp-content\/uploads\/2024\/11\/strategie-d-utilisation-de-la-MNR-1.pdf\" type=\"application\/pdf\" style=\"width:100%;height:600px\" aria-label=\"Contenu embarqu\u00e9 strategie-d-utilisation-de-la-MNR-1.\"><\/object><a id=\"wp-block-file--media-3f5a6b10-29c0-438d-9b34-038de46adecd\" href=\"https:\/\/rss-nmr.info\/wp-content\/uploads\/2024\/11\/strategie-d-utilisation-de-la-MNR-1.pdf\">strategie-d-utilisation-de-la-MNR-1<\/a><a href=\"https:\/\/rss-nmr.info\/wp-content\/uploads\/2024\/11\/strategie-d-utilisation-de-la-MNR-1.pdf\" class=\"wp-block-file__button wp-element-button\" download aria-describedby=\"wp-block-file--media-3f5a6b10-29c0-438d-9b34-038de46adecd\">T\u00e9l\u00e9charger<\/a><\/div>\n\n\n\n<figure class=\"wp-block-image aligncenter size-full\"><img loading=\"lazy\" decoding=\"async\" width=\"147\" height=\"111\" src=\"https:\/\/rss-nmr.info\/wp-content\/uploads\/2024\/12\/uk-1.jpg\" alt=\"\" class=\"wp-image-2040\"\/><\/figure>\n\n\n\n<div data-wp-interactive=\"core\/file\" class=\"wp-block-file aligncenter\"><object data-wp-bind--hidden=\"!state.hasPdfPreview\" hidden class=\"wp-block-file__embed\" data=\"https:\/\/rss-nmr.info\/wp-content\/uploads\/2024\/12\/uk-strategie-d-utilisation-de-la-MNR.pdf\" type=\"application\/pdf\" style=\"width:100%;height:600px\" aria-label=\"Contenu embarqu\u00e9 uk-strategie d utilisation de la MNR.\"><\/object><a id=\"wp-block-file--media-dc5d6d52-6a36-4bc7-830f-20a096e25a13\" href=\"https:\/\/rss-nmr.info\/wp-content\/uploads\/2024\/12\/uk-strategie-d-utilisation-de-la-MNR.pdf\">uk-strategie d utilisation de la MNR<\/a><a href=\"https:\/\/rss-nmr.info\/wp-content\/uploads\/2024\/12\/uk-strategie-d-utilisation-de-la-MNR.pdf\" class=\"wp-block-file__button wp-element-button\" download aria-describedby=\"wp-block-file--media-dc5d6d52-6a36-4bc7-830f-20a096e25a13\">T\u00e9l\u00e9charger<\/a><\/div>\n\n\n\n<figure class=\"wp-block-image aligncenter size-full\"><img loading=\"lazy\" decoding=\"async\" width=\"146\" height=\"107\" src=\"https:\/\/rss-nmr.info\/wp-content\/uploads\/2024\/12\/brasil.jpg\" alt=\"\" class=\"wp-image-2029\"\/><\/figure>\n\n\n\n<div data-wp-interactive=\"core\/file\" class=\"wp-block-file aligncenter\"><object data-wp-bind--hidden=\"!state.hasPdfPreview\" hidden class=\"wp-block-file__embed\" data=\"https:\/\/rss-nmr.info\/wp-content\/uploads\/2024\/12\/br-pt-strategie-d-utilisation-de-la-MNR.pdf\" type=\"application\/pdf\" style=\"width:100%;height:600px\" aria-label=\"Contenu embarqu\u00e9 br-pt-strategie d utilisation de la MNR.\"><\/object><a id=\"wp-block-file--media-8d8993e8-5d30-499e-93e4-35fa925f4e77\" href=\"https:\/\/rss-nmr.info\/wp-content\/uploads\/2024\/12\/br-pt-strategie-d-utilisation-de-la-MNR.pdf\">br-pt-strategie d utilisation de la MNR<\/a><a href=\"https:\/\/rss-nmr.info\/wp-content\/uploads\/2024\/12\/br-pt-strategie-d-utilisation-de-la-MNR.pdf\" class=\"wp-block-file__button wp-element-button\" download aria-describedby=\"wp-block-file--media-8d8993e8-5d30-499e-93e4-35fa925f4e77\">T\u00e9l\u00e9charger<\/a><\/div>\n\n\n\n<figure class=\"wp-block-image aligncenter size-full\"><img loading=\"lazy\" decoding=\"async\" width=\"146\" height=\"109\" src=\"https:\/\/rss-nmr.info\/wp-content\/uploads\/2024\/12\/espagne.jpg\" alt=\"\" class=\"wp-image-2025\"\/><\/figure>\n\n\n\n<div data-wp-interactive=\"core\/file\" class=\"wp-block-file aligncenter\"><object data-wp-bind--hidden=\"!state.hasPdfPreview\" hidden class=\"wp-block-file__embed\" data=\"https:\/\/rss-nmr.info\/wp-content\/uploads\/2024\/12\/sp-strategie-d-utilisation-de-la-MNR.pdf\" type=\"application\/pdf\" style=\"width:100%;height:600px\" aria-label=\"Contenu embarqu\u00e9 sp-strategie d utilisation de la MNR.\"><\/object><a id=\"wp-block-file--media-462af06d-995b-4a50-8014-9d459b156277\" href=\"https:\/\/rss-nmr.info\/wp-content\/uploads\/2024\/12\/sp-strategie-d-utilisation-de-la-MNR.pdf\">sp-strategie d utilisation de la MNR<\/a><a href=\"https:\/\/rss-nmr.info\/wp-content\/uploads\/2024\/12\/sp-strategie-d-utilisation-de-la-MNR.pdf\" class=\"wp-block-file__button wp-element-button\" download aria-describedby=\"wp-block-file--media-462af06d-995b-4a50-8014-9d459b156277\">T\u00e9l\u00e9charger<\/a><\/div>\n\n\n\n<figure class=\"wp-block-image aligncenter size-full\"><img loading=\"lazy\" decoding=\"async\" width=\"419\" height=\"362\" src=\"https:\/\/rss-nmr.info\/wp-content\/uploads\/2025\/09\/cartouche-pour-page-rssnmr.jpg\" alt=\"\" class=\"wp-image-2070\" srcset=\"https:\/\/rss-nmr.info\/wp-content\/uploads\/2025\/09\/cartouche-pour-page-rssnmr.jpg 419w, https:\/\/rss-nmr.info\/wp-content\/uploads\/2025\/09\/cartouche-pour-page-rssnmr-300x259.jpg 300w\" sizes=\"(max-width: 419px) 100vw, 419px\" \/><\/figure>\n\n\n\n<p><\/p>\n","protected":false},"excerpt":{"rendered":"<p>La Paz COMMENCER A UTILISER LA RSS-NMR POUR SES PROPRIETES TECHNIQUES QUI SONT UNIQUES EN EXPLORATION ET REFURBISH Strat\u00e9gie d\u2019acquisition de nouveaux blocs mis aux ench\u00e8res par les NOC para une pr\u00e9 exploration utilisant la RSS-NMR \u00ab discret \u00bb POINT SPECIFIQUE DE LA MISE EN PLACE DU\u00a0\u00bb MODE DISCRET\u00a0\u00bb DANS UNE LICITATION DE BLOCS NOUVEAUX [&hellip;]<\/p>\n","protected":false},"author":1,"featured_media":0,"parent":0,"menu_order":0,"comment_status":"closed","ping_status":"closed","template":"","meta":{"two_page_speed":[],"footnotes":""},"class_list":["post-1527","page","type-page","status-publish","hentry"],"_links":{"self":[{"href":"https:\/\/rss-nmr.info\/index.php\/wp-json\/wp\/v2\/pages\/1527","targetHints":{"allow":["GET"]}}],"collection":[{"href":"https:\/\/rss-nmr.info\/index.php\/wp-json\/wp\/v2\/pages"}],"about":[{"href":"https:\/\/rss-nmr.info\/index.php\/wp-json\/wp\/v2\/types\/page"}],"author":[{"embeddable":true,"href":"https:\/\/rss-nmr.info\/index.php\/wp-json\/wp\/v2\/users\/1"}],"replies":[{"embeddable":true,"href":"https:\/\/rss-nmr.info\/index.php\/wp-json\/wp\/v2\/comments?post=1527"}],"version-history":[{"count":20,"href":"https:\/\/rss-nmr.info\/index.php\/wp-json\/wp\/v2\/pages\/1527\/revisions"}],"predecessor-version":[{"id":2071,"href":"https:\/\/rss-nmr.info\/index.php\/wp-json\/wp\/v2\/pages\/1527\/revisions\/2071"}],"wp:attachment":[{"href":"https:\/\/rss-nmr.info\/index.php\/wp-json\/wp\/v2\/media?parent=1527"}],"curies":[{"name":"wp","href":"https:\/\/api.w.org\/{rel}","templated":true}]}}