{"id":1495,"date":"2024-02-06T03:51:42","date_gmt":"2024-02-06T07:51:42","guid":{"rendered":"https:\/\/rss-nmr.info\/?page_id=1495"},"modified":"2026-04-02T05:56:12","modified_gmt":"2026-04-02T09:56:12","slug":"couts","status":"publish","type":"page","link":"https:\/\/rss-nmr.info\/index.php\/couts\/","title":{"rendered":"Couts"},"content":{"rendered":"\n<p><\/p>\n\n\n\n<!-- clock widget start -->\n<script type=\"text\/javascript\"> var css_file=document.createElement(\"link\"); css_file.setAttribute(\"rel\",\"stylesheet\"); css_file.setAttribute(\"type\",\"text\/css\"); css_file.setAttribute(\"href\",\"https:\/\/s.bookcdn.com\/\/css\/cl\/bw-cl-c22.css?v=0.0.1\"); document.getElementsByTagName(\"head\")[0].appendChild(css_file); <\/script> <div id=\"tw_22_114177258\"><div style=\"width:200px; height:px; margin: 0 auto;\"><a href=\"https:\/\/hotelmix.es\/time\/la-paz-13481\">La Paz<\/a><br\/><\/div><\/div> <script type=\"text\/javascript\"> function setWidgetData_114177258(data){ if(typeof(data) != 'undefined' && data.results.length > 0) { for(var i = 0; i < data.results.length; ++i) { var objMainBlock = ''; var params = data.results[i]; objMainBlock = document.getElementById('tw_'+params.widget_type+'_'+params.widget_id); if(objMainBlock !== null) objMainBlock.innerHTML = params.html_code; } } } var clock_timer_114177258 = -1; widgetSrc = \"https:\/\/widgets.booked.net\/time\/info?ver=2;domid=582;type=22;id=114177258;scode=;city_id=;wlangid=4;mode=1;details=0;background=ffffff;border_color=ffffff;color=686868;add_background=ffffff;add_color=333333;head_color=ffffff;border=0;transparent=0\"; var widgetUrl = location.href; widgetSrc += '&#038;ref=' + widgetUrl; var wstrackId = \"\"; if (wstrackId) { widgetSrc += ';wstrackId=' + wstrackId + ';' } var timeBookedScript = document.createElement(\"script\"); timeBookedScript.setAttribute(\"type\", \"text\/javascript\"); timeBookedScript.src = widgetSrc; document.body.appendChild(timeBookedScript); <\/script>\n<!-- clock widget end -->\n\n\n\n<div data-wp-interactive=\"core\/file\" class=\"wp-block-file alignwide\"><object data-wp-bind--hidden=\"!state.hasPdfPreview\" hidden class=\"wp-block-file__embed\" data=\"https:\/\/rss-nmr.info\/wp-content\/uploads\/2026\/04\/uk-2026-02-16-intelligence-in-exploration-regarding-time-and-cost-for-EP-comprimido.pdf\" type=\"application\/pdf\" style=\"width:100%;height:600px\" aria-label=\"Contenu embarqu\u00e9 uk-2026-02-16-intelligence in exploration regarding time and cost for E&amp;P-comprimido.\"><\/object><a id=\"wp-block-file--media-e0ecb10f-d4eb-442e-8928-e43ee025100e\" href=\"https:\/\/rss-nmr.info\/wp-content\/uploads\/2026\/04\/uk-2026-02-16-intelligence-in-exploration-regarding-time-and-cost-for-EP-comprimido.pdf\">uk-2026-02-16-intelligence in exploration regarding time and cost for E&P-comprimido<\/a><a href=\"https:\/\/rss-nmr.info\/wp-content\/uploads\/2026\/04\/uk-2026-02-16-intelligence-in-exploration-regarding-time-and-cost-for-EP-comprimido.pdf\" class=\"wp-block-file__button wp-element-button\" download aria-describedby=\"wp-block-file--media-e0ecb10f-d4eb-442e-8928-e43ee025100e\">T\u00e9l\u00e9charger<\/a><\/div>\n\n\n\n<p><\/p>\n\n\n\n<figure class=\"wp-block-image aligncenter size-full\"><img fetchpriority=\"high\" decoding=\"async\" width=\"650\" height=\"513\" src=\"https:\/\/rss-nmr.info\/wp-content\/uploads\/2024\/02\/capex-vs-opex-650x587-1.png\" alt=\"\" class=\"wp-image-1513\" srcset=\"https:\/\/rss-nmr.info\/wp-content\/uploads\/2024\/02\/capex-vs-opex-650x587-1.png 650w, https:\/\/rss-nmr.info\/wp-content\/uploads\/2024\/02\/capex-vs-opex-650x587-1-300x237.png 300w\" sizes=\"(max-width: 650px) 100vw, 650px\" \/><\/figure>\n\n\n\n<h3 class=\"wp-block-heading has-text-align-center\">Gr\u00e2ce \u00e0 la RSS-NMR, les compagnies p\u00e9troli\u00e8res peuvent sauver beaucoup d'argent en exploration et en production.<\/h3>\n\n\n\n<ol class=\"wp-block-list\">\n<li>&nbsp;<strong>Phase exploration \u2013<\/strong> Avant l\u2019acquisition des nouveaux blocs \u00e0 par une pr\u00e9-sismique de type RSS-NMR qui \u00e9vite d\u2019acheter des licences ou des blocs douteux ou le taux de retour sur investissement sera faible \u00e0 cause d\u2019une mise en exploitation difficile<\/li>\n\n\n\n<li><strong>Pendant la phase d'exploitation,<\/strong> il est pr\u00e9f\u00e9rable de r\u00e9examiner un champ p\u00e9trolier plus ancien pour refaire le r\u00e9seau de production plut\u00f4t que de construire un nouveau champ p\u00e9trolier ayant un Eroi inf\u00e9rieur<\/li>\n<\/ol>\n\n\n\n<h3 class=\"wp-block-heading has-text-align-center\">Avantages d\u2019une exploration en \u00ab&nbsp;mode discret&nbsp;\u00bb avant le processus des ench\u00e8res. <\/h3>\n\n\n\n<ol class=\"wp-block-list\">\n<li>La seule m\u00e9thode qui permet une exploration anonyme avant la vente aux ench\u00e8res est la RSS-NMR (juste apr\u00e8s le stade 4 du processus clair d'acquisition de blocs, voir diagramme inclus dans ce document). Si on consid\u00e8re que le processus de mise aux ench\u00e8res des nouveaux blocs ou des licences par un \u00c9tat ou une entreprise nationale est transparent !<\/li>\n\n\n\n<li>Ces blocs ou licences peuvent \u00eatre achet\u00e9s pour \u00eatre explor\u00e9s. Avant de participer aux ench\u00e8res pour un possible d'achat, nous recommandons de v\u00e9rifier les possibilit\u00e9s de d\u00e9veloppement. <\/li>\n\n\n\n<li>Avant de participer \u00e0 l'ench\u00e8re, il est possible d'avoir une premi\u00e8re id\u00e9e du co\u00fbt du projet (Capex et Opex en estimation). Les couts \u201cannexes\" sont r\u00e9duits.<\/li>\n\n\n\n<li>La RSS-NMR permet \u00e9galement d'\u00e9valuer les gisements p\u00e9troliers d'un concurrent en vue de le racheter ou de constituer une JV avec lui.<\/li>\n\n\n\n<li>La RSS-NMR permet de modifier votre syst\u00e8me de production sans autorisation, permis ou EIA car vous \u00eates sur votre bloc avec toutes les autorisations depuis le d\u00e9but, ce qui r\u00e9duit consid\u00e9rablement les co\u00fbts des Opex et du Capex. L'effet Cost Killer est redoutable !<\/li>\n\n\n\n<li>Nous d\u00e9veloppons ces op\u00e9rations toujours tr\u00e8s discr\u00e8tement sans arr\u00eater la production. Vous pouvez recommencer cette t\u00e2che comme avec des syst\u00e8mes de nodes onshore ou offshore, mais la RSS-NMR est moins ch\u00e8re et plus rapide (180 jours au maximum). Tout est fait depuis notre laboratoire.<\/li>\n\n\n\n<li>Nous sommes compl\u00e8tement absents sur le terrain dans le pays vendeur de blocs ou de licences ! Ainsi nous ne cr\u00e9ons pas d\u2019expectatives.<\/li>\n<\/ol>\n\n\n\n<h3 class=\"wp-block-heading has-text-align-center\">Processus de mise aux ench\u00e8res de blocs ou de licences par un Pays<\/h3>\n\n\n\n<figure class=\"wp-block-image aligncenter is-resized\"><img decoding=\"async\" width=\"1128\" height=\"709\" src=\"https:\/\/rss-nmr.info\/wp-content\/uploads\/2024\/02\/word-image-1495-1.png\" alt=\"\" class=\"wp-image-1499\" style=\"width:1450px;height:auto\" srcset=\"https:\/\/rss-nmr.info\/wp-content\/uploads\/2024\/02\/word-image-1495-1.png 1128w, https:\/\/rss-nmr.info\/wp-content\/uploads\/2024\/02\/word-image-1495-1-300x189.png 300w, https:\/\/rss-nmr.info\/wp-content\/uploads\/2024\/02\/word-image-1495-1-1024x644.png 1024w, https:\/\/rss-nmr.info\/wp-content\/uploads\/2024\/02\/word-image-1495-1-768x483.png 768w\" sizes=\"(max-width: 1128px) 100vw, 1128px\" \/><\/figure>\n\n\n\n<h3 class=\"wp-block-heading has-text-align-center\">Comment positionner l'exploration discr\u00e8te RSS-NMR<\/h3>\n\n\n\n<ol class=\"wp-block-list\">\n<li>Vous pouvez prendre une d\u00e9cision juste apr\u00e8s le stade 4 en effectuant une exploration RSS-NMR avant de savoir si cela vaut la peine de participer aux ench\u00e8res et de pr\u00e9parer un premier \"chiffrage du projet \u00e0 venir\".<\/li>\n\n\n\n<li>Gr\u00e2ce \u00e0 nos capacit\u00e9s techniques, vous pouvez formuler votre choix pour \"Oui ou non, nous continuons\" apr\u00e8s avoir termin\u00e9 cette premi\u00e8re \u00e9valuation des Apex et Opex.<\/li>\n\n\n\n<li>L'id\u00e9e de base est que votre d\u00e9partement d'exploration a rassembl\u00e9 des \u00e9tudes g\u00e9ologiques et g\u00e9ophysiques ainsi que les probabilit\u00e9s de trouver ou de ne pas trouver un r\u00e9servoir exploitable.<\/li>\n\n\n\n<li>Avec RSS-NMR, vous saurez rapidement si vous avez des r\u00e9servoirs int\u00e9ressants qui justifient une participation aux ench\u00e8res bien avant le processus de mise aux ench\u00e8res.<\/li>\n<\/ol>\n\n\n\n<h3 class=\"wp-block-heading\"> Chiffrage du projet et calcul de EROI apr\u00e8s la RSS-NMR en \"mode discret\"<\/h3>\n\n\n\n<figure class=\"wp-block-image aligncenter size-full is-resized\"><img decoding=\"async\" width=\"508\" height=\"211\" src=\"https:\/\/rss-nmr.info\/wp-content\/uploads\/2024\/02\/1-s2.0-S0301421513003856-gr1-1.jpg\" alt=\"\" class=\"wp-image-1516\" style=\"width:894px;height:auto\" srcset=\"https:\/\/rss-nmr.info\/wp-content\/uploads\/2024\/02\/1-s2.0-S0301421513003856-gr1-1.jpg 508w, https:\/\/rss-nmr.info\/wp-content\/uploads\/2024\/02\/1-s2.0-S0301421513003856-gr1-1-300x125.jpg 300w\" sizes=\"(max-width: 508px) 100vw, 508px\" \/><\/figure>\n\n\n\n<p>On peut parler d\u2019une autre valeur li\u00e9e \u00e0 la prise de d\u00e9cision de poursuivre sur un bloc Greenfield acquis par ench\u00e8re . Voici le taux de retour \u00e9nerg\u00e9tique: Il est rezum\u00e9 par une simple \u00e9quation lin\u00e9aire qui fait abstraction des variations \u00e9conomiques et temporelles :<\/p>\n\n\n\n<p>Une Unit\u00e9 de R\u00e9f\u00e9rence Produit N est utilis\u00e9e pour produire X (multiple ou non) de <strong>N 1.N \ud83e\udc7a(x)N<\/strong><\/p>\n\n\n\n<p>On obtient un r\u00e9sultat sans avoir \u00e0 prendre en consid\u00e9ration les interf\u00e9rences de l'\u00e9conomie. Pour l'industrie p\u00e9troli\u00e8re, nous prenons le baril de p\u00e9trole (159 litres) comme valeur constante de N. Nous mesurerons l'\u00e9volution des cout ( Capex et Opex) de l\u2019industrie au fil des ans.<\/p>\n\n\n\n<ul class=\"wp-block-list\">\n<li> 1 baril est investi pour produire 100 barils en 1900 1.N   \ud83e\udc7a100.N<\/li>\n\n\n\n<li> 1 baril est investi pour produire 35 barils   en 1980 1.N   \ud83e\udc7a35.N<\/li>\n\n\n\n<li>1 baril est investi pour produire 20 barils    en 2010 1.N    \ud83e\udc7a20.N<\/li>\n<\/ul>\n\n\n\n<h3 class=\"wp-block-heading has-text-align-center\"><strong>Etude avant le rachat d\u2019une compagnie ou de la formation d\u2019un JV sur un projet existant de type Green Field ou Brown Field avec une autre compagnie<\/strong><\/h3>\n\n\n\n<ul class=\"wp-block-list\">\n<li>L'id\u00e9e de base est que rien ne vaut une v\u00e9rification discr\u00e8te mais compl\u00e8te, m\u00eame si vous avez tous les documents, les courbes et les pr\u00e9visions d'un projet, d'un bloc ou d'une E&amp;P. <\/li>\n\n\n\n<li>Une fois que cette v\u00e9rification est termin\u00e9e, vous pouvez commencer les n\u00e9gociations avec l'entreprise qui vend ou propose un JV.<\/li>\n<\/ul>\n\n\n\n<h3 class=\"wp-block-heading has-text-align-center\">&nbsp;Pr\u00e9-exploration d\u2019un bloc jamais exploit\u00e9<\/h3>\n\n\n\n<p>Une pr\u00e9-exploration utilisant la RSS-NMR peut r\u00e9duire les co\u00fbts d'une exploration sismique dite \u00ab&nbsp;syst\u00e9matique&nbsp;\u00bb sur un nouveau bloc en marquant les zones d\u2019int\u00e9ret<\/p>\n\n\n\n<figure class=\"wp-block-image aligncenter size-large\"><img loading=\"lazy\" decoding=\"async\" width=\"1024\" height=\"576\" src=\"https:\/\/rss-nmr.info\/wp-content\/uploads\/2024\/01\/strategie-d-utilisation-de-la-MNR_00005-1-1024x576.jpg\" alt=\"\" class=\"wp-image-618\" srcset=\"https:\/\/rss-nmr.info\/wp-content\/uploads\/2024\/01\/strategie-d-utilisation-de-la-MNR_00005-1-1024x576.jpg 1024w, https:\/\/rss-nmr.info\/wp-content\/uploads\/2024\/01\/strategie-d-utilisation-de-la-MNR_00005-1-300x169.jpg 300w, https:\/\/rss-nmr.info\/wp-content\/uploads\/2024\/01\/strategie-d-utilisation-de-la-MNR_00005-1-768x432.jpg 768w, https:\/\/rss-nmr.info\/wp-content\/uploads\/2024\/01\/strategie-d-utilisation-de-la-MNR_00005-1-1536x864.jpg 1536w, https:\/\/rss-nmr.info\/wp-content\/uploads\/2024\/01\/strategie-d-utilisation-de-la-MNR_00005-1-2048x1152.jpg 2048w\" sizes=\"(max-width: 1024px) 100vw, 1024px\" \/><\/figure>\n\n\n\n<p>Dans cet exemple (r\u00e9el), la pr\u00e9-exploration avec RSS-NMR a permis de ne d\u00e9penser que 4,3 millions de dollars en sismique sur les zones ayant un int\u00e9r\u00eat au lieu de 22,8 millions de dollars sur toute la zone.<\/p>\n\n\n\n<h3 class=\"wp-block-heading has-text-align-center\">Refurbish des vieux champs p\u00e9troliers<\/h3>\n\n\n\n<p>La RSS-NMR permet d'\u00e9valuer les champs p\u00e9troliers anciens, que cela soit vos champs pour une r\u00e9novation ou ceux d'un concurrent avant de le racheter ou de cr\u00e9er une JV. <\/p>\n\n\n\n<p>Au lieu de perdre du temps et de l'argent sur un nouveau projet, La RSS-NMR vous permet de modifier votre syst\u00e8me de production sans autorisation, permis ou EIA, car vous \u00eates sur votre bloc avec toutes les autorisations depuis un certain temps. <\/p>\n\n\n\n<p>Vous pourrez faire ces op\u00e9rations sans arr\u00eater une seule minute la production. - <\/p>\n\n\n\n<p>Pour modifier le syst\u00e8me de production, vous pouvez r\u00e9\u00e9valuer vos r\u00e9servoirs. Le gain de temps et d'argent est important car l'analyse des anomalies d\u00e9tect\u00e9es par 2D, 3D, est impossible en cas de champs en production , mais est possible avec une  OBN ou autres nodes. Le seul desavantage est que le traitement des donn\u00e9es  est long.<\/p>\n\n\n\n<figure class=\"wp-block-image aligncenter size-large\"><img loading=\"lazy\" decoding=\"async\" width=\"1024\" height=\"576\" src=\"https:\/\/rss-nmr.info\/wp-content\/uploads\/2024\/01\/strategie-d-utilisation-de-la-MNR_00007-1024x576.jpg\" alt=\"\" class=\"wp-image-616\" srcset=\"https:\/\/rss-nmr.info\/wp-content\/uploads\/2024\/01\/strategie-d-utilisation-de-la-MNR_00007-1024x576.jpg 1024w, https:\/\/rss-nmr.info\/wp-content\/uploads\/2024\/01\/strategie-d-utilisation-de-la-MNR_00007-300x169.jpg 300w, https:\/\/rss-nmr.info\/wp-content\/uploads\/2024\/01\/strategie-d-utilisation-de-la-MNR_00007-768x432.jpg 768w, https:\/\/rss-nmr.info\/wp-content\/uploads\/2024\/01\/strategie-d-utilisation-de-la-MNR_00007-1536x864.jpg 1536w, https:\/\/rss-nmr.info\/wp-content\/uploads\/2024\/01\/strategie-d-utilisation-de-la-MNR_00007-2048x1152.jpg 2048w\" sizes=\"(max-width: 1024px) 100vw, 1024px\" \/><\/figure>\n\n\n\n<h3 class=\"wp-block-heading has-text-align-center\">RSS-NMR Versus 2D, 3D, OBN et nodes<\/h3>\n\n\n\n<p>Le sch\u00e9ma de fonctionnement en exploration pour l'exploitation des r\u00e9sultats reste les m\u00eames (6 \u00e0 24 mois). Avec les 2D, 3D mais aussi  avec la OBN et autres Nodes Onshore mais l'int\u00e9r\u00eat est d'avoir une nouvelle photographie de vos r\u00e9servoirs sans arr\u00eater de produire pour pouvoir modifier votre r\u00e9seau de production apr\u00e8s \u00e9tudes de refurbish du network.<\/p>\n\n\n\n<figure class=\"wp-block-image aligncenter is-resized\"><img loading=\"lazy\" decoding=\"async\" width=\"1128\" height=\"771\" src=\"https:\/\/rss-nmr.info\/wp-content\/uploads\/2024\/02\/word-image-1495-4.png\" alt=\"\" class=\"wp-image-1502\" style=\"width:1261px;height:auto\" srcset=\"https:\/\/rss-nmr.info\/wp-content\/uploads\/2024\/02\/word-image-1495-4.png 1128w, https:\/\/rss-nmr.info\/wp-content\/uploads\/2024\/02\/word-image-1495-4-300x205.png 300w, https:\/\/rss-nmr.info\/wp-content\/uploads\/2024\/02\/word-image-1495-4-1024x700.png 1024w, https:\/\/rss-nmr.info\/wp-content\/uploads\/2024\/02\/word-image-1495-4-768x525.png 768w\" sizes=\"(max-width: 1128px) 100vw, 1128px\" \/><\/figure>\n\n\n\n<figure class=\"wp-block-video\"><video height=\"1080\" style=\"aspect-ratio: 1528 \/ 1080;\" width=\"1528\" controls src=\"https:\/\/rss-nmr.info\/wp-content\/uploads\/2025\/09\/film-or-chine_musique-et-logo-fands.mp4\"><\/video><\/figure>\n\n\n\n<ul class=\"wp-block-list\">\n<li>En utilisant la RSS-NMR, vous pouvez commencer les op\u00e9rations de forage sur un nouveau champ ou bien changer les networks de production en moins de 6 mois. - Il est particuli\u00e8rement important de voir une solution dans l'orientation strat\u00e9gique de votre E&amp;P en d\u00e9cidant une r\u00e9-exploration des champs en production &nbsp;puis par un ajustement du syst\u00e8me de production<\/li>\n\n\n\n<li>Le plan correctif adapt\u00e9 \u00e0 votre Brown Field est primordial pour sauver Capex et Opex. <\/li>\n\n\n\n<li>Les sismiques 2D et 3D avaient de nombreux d\u00e9fauts dans l'acquisition et les \u00e9tudes d'anomalies.<\/li>\n\n\n\n<li>En utilisant la RSS-NMR, il est possible de d\u00e9velopper un champ en cours de d\u00e9veloppement, mais le plus important est d'observer les r\u00e9servoirs de votre champ en production (champs matures et anciens).<\/li>\n\n\n\n<li>La production continue de se d\u00e9velopper. Vous pouvez prendre une nouvelle image de vos propres champs.<\/li>\n<\/ul>\n\n\n\n<h3 class=\"wp-block-heading has-text-align-center\">\u00c9volution de la technologie pour les explorations \u00e0 base de sismique<\/h3>\n\n\n\n<figure class=\"wp-block-image aligncenter is-resized\"><img loading=\"lazy\" decoding=\"async\" width=\"1704\" height=\"743\" src=\"https:\/\/rss-nmr.info\/wp-content\/uploads\/2024\/02\/word-image-1495-5.png\" alt=\"\" class=\"wp-image-1503\" style=\"width:897px;height:auto\" srcset=\"https:\/\/rss-nmr.info\/wp-content\/uploads\/2024\/02\/word-image-1495-5.png 1704w, https:\/\/rss-nmr.info\/wp-content\/uploads\/2024\/02\/word-image-1495-5-300x131.png 300w, https:\/\/rss-nmr.info\/wp-content\/uploads\/2024\/02\/word-image-1495-5-1024x446.png 1024w, https:\/\/rss-nmr.info\/wp-content\/uploads\/2024\/02\/word-image-1495-5-768x335.png 768w, https:\/\/rss-nmr.info\/wp-content\/uploads\/2024\/02\/word-image-1495-5-1536x670.png 1536w\" sizes=\"(max-width: 1704px) 100vw, 1704px\" \/><\/figure>\n\n\n\n<figure class=\"wp-block-image aligncenter\"><img loading=\"lazy\" decoding=\"async\" width=\"818\" height=\"535\" src=\"https:\/\/rss-nmr.info\/wp-content\/uploads\/2024\/02\/word-image-1495-7.png\" alt=\"\" class=\"wp-image-1504\" srcset=\"https:\/\/rss-nmr.info\/wp-content\/uploads\/2024\/02\/word-image-1495-7.png 818w, https:\/\/rss-nmr.info\/wp-content\/uploads\/2024\/02\/word-image-1495-7-300x196.png 300w, https:\/\/rss-nmr.info\/wp-content\/uploads\/2024\/02\/word-image-1495-7-768x502.png 768w\" sizes=\"(max-width: 818px) 100vw, 818px\" \/><\/figure>\n\n\n\n<figure class=\"wp-block-video aligncenter\"><video height=\"720\" style=\"aspect-ratio: 1280 \/ 720;\" width=\"1280\" controls src=\"https:\/\/rss-nmr.info\/wp-content\/uploads\/2025\/09\/rss-french-fands.mp4\"><\/video><\/figure>\n\n\n\n<p>Si on parle de Sismique r\u00e9fractive, r\u00e9flexion, OBN, c'est cher, c'est un processus lourd, parfois cela ne peut ne pas marcher. Sur un champ mature, il faudrait d\u00e9monter, et arr\u00eater la production, c'est impossible et personne ne l'a jamais fait. Un d\u00e9but de solution \u00e9tait \u00e9vident gr\u00e2ce \u00e0 la sismique en mer avec une technique OBN, mais le la collecte des donn\u00e9es, les couts et les moyens mis en \u0153uvre pour l\u2019analyse sont couteux.<\/p>\n\n\n\n<div data-wp-interactive=\"core\/file\" class=\"wp-block-file alignwide\"><object data-wp-bind--hidden=\"!state.hasPdfPreview\" hidden class=\"wp-block-file__embed\" data=\"https:\/\/rss-nmr.info\/wp-content\/uploads\/2026\/04\/2026-01-09-Precision_Subsurface_Intelligence-compressed.pdf\" type=\"application\/pdf\" style=\"width:100%;height:600px\" aria-label=\"Contenu embarqu\u00e9 2026-01-09-Precision_Subsurface_Intelligence-compressed.\"><\/object><a id=\"wp-block-file--media-13d8fc14-01e9-4117-8e03-53bee6fe0d58\" href=\"https:\/\/rss-nmr.info\/wp-content\/uploads\/2026\/04\/2026-01-09-Precision_Subsurface_Intelligence-compressed.pdf\">2026-01-09-Precision_Subsurface_Intelligence-compressed<\/a><a href=\"https:\/\/rss-nmr.info\/wp-content\/uploads\/2026\/04\/2026-01-09-Precision_Subsurface_Intelligence-compressed.pdf\" class=\"wp-block-file__button wp-element-button\" download aria-describedby=\"wp-block-file--media-13d8fc14-01e9-4117-8e03-53bee6fe0d58\">T\u00e9l\u00e9charger<\/a><\/div>\n\n\n\n<figure class=\"wp-block-image alignwide\"><img loading=\"lazy\" decoding=\"async\" width=\"976\" height=\"726\" src=\"https:\/\/rss-nmr.info\/wp-content\/uploads\/2024\/02\/word-image-1495-8.png\" alt=\"\" class=\"wp-image-1505\" srcset=\"https:\/\/rss-nmr.info\/wp-content\/uploads\/2024\/02\/word-image-1495-8.png 976w, https:\/\/rss-nmr.info\/wp-content\/uploads\/2024\/02\/word-image-1495-8-300x223.png 300w, https:\/\/rss-nmr.info\/wp-content\/uploads\/2024\/02\/word-image-1495-8-768x571.png 768w\" sizes=\"(max-width: 976px) 100vw, 976px\" \/><\/figure>\n\n\n\n<div data-wp-interactive=\"core\/file\" class=\"wp-block-file alignwide\"><object data-wp-bind--hidden=\"!state.hasPdfPreview\" hidden class=\"wp-block-file__embed\" data=\"https:\/\/rss-nmr.info\/wp-content\/uploads\/2026\/04\/uk-2018-05-06-the-notice-forna-succeful-exploration-for-un-private-EP-comprimido.pdf\" type=\"application\/pdf\" style=\"width:100%;height:600px\" aria-label=\"Contenu embarqu\u00e9 uk-2018-05-06-the notice forna succeful exploration for un private E&amp;P-comprimido.\"><\/object><a id=\"wp-block-file--media-b11bc9ae-19fe-4212-835a-b2d11f65a729\" href=\"https:\/\/rss-nmr.info\/wp-content\/uploads\/2026\/04\/uk-2018-05-06-the-notice-forna-succeful-exploration-for-un-private-EP-comprimido.pdf\">uk-2018-05-06-the notice forna succeful exploration for un private E&P-comprimido<\/a><a href=\"https:\/\/rss-nmr.info\/wp-content\/uploads\/2026\/04\/uk-2018-05-06-the-notice-forna-succeful-exploration-for-un-private-EP-comprimido.pdf\" class=\"wp-block-file__button wp-element-button\" download aria-describedby=\"wp-block-file--media-b11bc9ae-19fe-4212-835a-b2d11f65a729\">T\u00e9l\u00e9charger<\/a><\/div>\n\n\n\n<figure class=\"wp-block-image aligncenter size-full\"><img loading=\"lazy\" decoding=\"async\" width=\"419\" height=\"362\" src=\"https:\/\/rss-nmr.info\/wp-content\/uploads\/2025\/09\/cartouche-pour-page-rssnmr.jpg\" alt=\"\" class=\"wp-image-2070\" srcset=\"https:\/\/rss-nmr.info\/wp-content\/uploads\/2025\/09\/cartouche-pour-page-rssnmr.jpg 419w, https:\/\/rss-nmr.info\/wp-content\/uploads\/2025\/09\/cartouche-pour-page-rssnmr-300x259.jpg 300w\" sizes=\"(max-width: 419px) 100vw, 419px\" \/><\/figure>\n","protected":false},"excerpt":{"rendered":"<p>La Paz Gr\u00e2ce \u00e0 la RSS-NMR, les compagnies p\u00e9troli\u00e8res peuvent sauver beaucoup d&rsquo;argent en exploration et en production. Avantages d\u2019une exploration en \u00ab&nbsp;mode discret&nbsp;\u00bb avant le processus des ench\u00e8res. Processus de mise aux ench\u00e8res de blocs ou de licences par un Pays Comment positionner l&rsquo;exploration discr\u00e8te RSS-NMR Chiffrage du projet et calcul de EROI apr\u00e8s [&hellip;]<\/p>\n","protected":false},"author":1,"featured_media":0,"parent":0,"menu_order":0,"comment_status":"closed","ping_status":"closed","template":"","meta":{"two_page_speed":[],"footnotes":""},"class_list":["post-1495","page","type-page","status-publish","hentry"],"_links":{"self":[{"href":"https:\/\/rss-nmr.info\/index.php\/wp-json\/wp\/v2\/pages\/1495","targetHints":{"allow":["GET"]}}],"collection":[{"href":"https:\/\/rss-nmr.info\/index.php\/wp-json\/wp\/v2\/pages"}],"about":[{"href":"https:\/\/rss-nmr.info\/index.php\/wp-json\/wp\/v2\/types\/page"}],"author":[{"embeddable":true,"href":"https:\/\/rss-nmr.info\/index.php\/wp-json\/wp\/v2\/users\/1"}],"replies":[{"embeddable":true,"href":"https:\/\/rss-nmr.info\/index.php\/wp-json\/wp\/v2\/comments?post=1495"}],"version-history":[{"count":19,"href":"https:\/\/rss-nmr.info\/index.php\/wp-json\/wp\/v2\/pages\/1495\/revisions"}],"predecessor-version":[{"id":2272,"href":"https:\/\/rss-nmr.info\/index.php\/wp-json\/wp\/v2\/pages\/1495\/revisions\/2272"}],"wp:attachment":[{"href":"https:\/\/rss-nmr.info\/index.php\/wp-json\/wp\/v2\/media?parent=1495"}],"curies":[{"name":"wp","href":"https:\/\/api.w.org\/{rel}","templated":true}]}}