{"id":1369,"date":"2024-02-04T09:09:48","date_gmt":"2024-02-04T13:09:48","guid":{"rendered":"https:\/\/rss-nmr.info\/?page_id=1369"},"modified":"2026-04-01T11:54:45","modified_gmt":"2026-04-01T15:54:45","slug":"disclaimer","status":"publish","type":"page","link":"https:\/\/rss-nmr.info\/index.php\/disclaimer\/","title":{"rendered":"D\u00e9clarations L\u00e9gales"},"content":{"rendered":"\n<p><\/p>\n\n\n\n<!-- clock widget start -->\n<script type=\"text\/javascript\"> var css_file=document.createElement(\"link\"); css_file.setAttribute(\"rel\",\"stylesheet\"); css_file.setAttribute(\"type\",\"text\/css\"); css_file.setAttribute(\"href\",\"https:\/\/s.bookcdn.com\/\/css\/cl\/bw-cl-c22.css?v=0.0.1\"); document.getElementsByTagName(\"head\")[0].appendChild(css_file); <\/script> <div id=\"tw_22_114177258\"><div style=\"width:200px; height:px; margin: 0 auto;\"><a href=\"https:\/\/hotelmix.es\/time\/la-paz-13481\">La Paz<\/a><br\/><\/div><\/div> <script type=\"text\/javascript\"> function setWidgetData_114177258(data){ if(typeof(data) != 'undefined' && data.results.length > 0) { for(var i = 0; i < data.results.length; ++i) { var objMainBlock = ''; var params = data.results[i]; objMainBlock = document.getElementById('tw_'+params.widget_type+'_'+params.widget_id); if(objMainBlock !== null) objMainBlock.innerHTML = params.html_code; } } } var clock_timer_114177258 = -1; widgetSrc = \"https:\/\/widgets.booked.net\/time\/info?ver=2;domid=582;type=22;id=114177258;scode=;city_id=;wlangid=4;mode=1;details=0;background=ffffff;border_color=ffffff;color=686868;add_background=ffffff;add_color=333333;head_color=ffffff;border=0;transparent=0\"; var widgetUrl = location.href; widgetSrc += '&#038;ref=' + widgetUrl; var wstrackId = \"\"; if (wstrackId) { widgetSrc += ';wstrackId=' + wstrackId + ';' } var timeBookedScript = document.createElement(\"script\"); timeBookedScript.setAttribute(\"type\", \"text\/javascript\"); timeBookedScript.src = widgetSrc; document.body.appendChild(timeBookedScript); <\/script>\n<!-- clock widget end -->\n\n\n\n<p><\/p>\n\n\n\n<p><\/p>\n\n\n\n<figure class=\"wp-block-image aligncenter size-full\"><img fetchpriority=\"high\" decoding=\"async\" width=\"850\" height=\"476\" src=\"https:\/\/rss-nmr.info\/wp-content\/uploads\/2024\/02\/disclaim.webp\" alt=\"\" class=\"wp-image-1371\" srcset=\"https:\/\/rss-nmr.info\/wp-content\/uploads\/2024\/02\/disclaim.webp 850w, https:\/\/rss-nmr.info\/wp-content\/uploads\/2024\/02\/disclaim-300x168.webp 300w, https:\/\/rss-nmr.info\/wp-content\/uploads\/2024\/02\/disclaim-768x430.webp 768w\" sizes=\"(max-width: 850px) 100vw, 850px\" \/><\/figure>\n\n\n\n<h2 class=\"wp-block-heading has-text-align-center\"><strong>\"RSS-NMR by Fands-llc n'est pas responsable des erreurs ou omissions, ni des r\u00e9sultats obtenus \u00e0 partir de l'utilisation de ces informations. Toutes les informations contenues dans ce site sont fournies \"telles quelles\", sans aucune garantie d'exhaustivit\u00e9, d'exactitude, d'actualit\u00e9. ou des r\u00e9sultats obtenus gr\u00e2ce \u00e0 l'utilisation de ces informations\u2026\"<\/strong>  <strong>Fands-llc 2015-12-12<\/strong><\/h2>\n\n\n\n<ul class=\"wp-block-list\">\n<li>Comme mentionn\u00e9 tout au long de ce site web, \"RSS-NMR by Fands-llc\" a un contrat de repr\u00e9sentation pour les technologies d\u00e9velopp\u00e9es par LLC Poisk group au sein de l\u2019universit\u00e9 SEVSU,<\/li>\n\n\n\n<li>Les scientifiques et sp\u00e9cialistes de l'Universit\u00e9 nationale de S\u00e9bastopol avec leur personnel ont publi\u00e9 plus de 300 articles et articles scientifiques mettant en \u00e9vidence divers aspects de la technologie.<\/li>\n\n\n\n<li>Comme mentionn\u00e9 tout au long de ce site www.rss-nmr.info \"RSS-NMR by Fands-llc\" ne fait pas partie directement de Poisk Group ou de l\u2019Universit\u00e9 de S\u00e9bastopol. Il les repr\u00e9sente dans le monde ou de nouvelles techniques d'exploration sont n\u00e9cessaires.<\/li>\n\n\n\n<li>\u201cRSS-NMR by Fands-llc\" a un contrat de repr\u00e9sentation pour mettre sur le march\u00e9 des compagnies faisant des explorations mini\u00e8res et p\u00e9troli\u00e8res des technologies nouvelles recommendant les technologies d\u00e9velopp\u00e9es par LLC Poisk group.<\/li>\n\n\n\n<li>Dans certains cas, \u201cRSS-NMR by Fands-llc\" peut recommander des technologies d'entreprises coll\u00e8gues<\/li>\n\n\n\n<li>Le devis pour l\u2019utilisation des services de RSS-NMR sera \u00e9tabli par le groupe Poisk directement, sans interm\u00e9diaire. Ce qui \u00e9vite toute distorsion de prix.<\/li>\n\n\n\n<li>\"RSS-NMR by Fands-llc\u201d adh\u00e8re totalement R\u00e9solution 58\/4 de l\u2019Assembl\u00e9e g\u00e9n\u00e9rale du 31 octobre 2003 Convention des Nations Unies contre la corruption.<\/li>\n\n\n\n<li>La page web de UNODC ( www.unodc.org\/uncac_french) d\u00e9finit ces cas sp\u00e9cifiques.<\/li>\n\n\n\n<li>Le Banking et les monnaies seront discut\u00e9es pendant les n\u00e9gociations du contrat,<\/li>\n\n\n\n<li>La totalit\u00e9 du paiement se fait \u00e0 la commande au moment de la signature du contrat.<\/li>\n\n\n\n<li>Poisk Group ne fait pas de travail comme des essais gratuits ou de d\u00e9monstration.<\/li>\n\n\n\n<li>Poisk group avec plus de 400 op\u00e9rations n'a rien \u00e0 d\u00e9montrer.<\/li>\n\n\n\n<li>Il n\u2019y a pas de prix sp\u00e9cial ou de discount car le prix est fix\u00e9 par le bureau de S\u00e9bastopol.<\/li>\n\n\n\n<li>Le prix correspond \u00e0 un fixe pour la mise en marche du projet de RSS-NMR ainsi qu\u2019un prix unitaire par km2 \u00e0 traiter.<\/li>\n\n\n\n<li>Plus la superficie \u00e0 explorer est grande plus le prix par km2 final est bas.<\/li>\n\n\n\n<li>Pour \u00e9tablir un devis, nous devons recevoir les points coordonn\u00e9s en WGS 84 (World Geodetic System 1984) qui marque la zone \u00e0 explorer<\/li>\n\n\n\n<li>Nous ne prenons pas en compte les coordonn\u00e9es GPS suite aux probl\u00e8mes de la AMAS et autres ph\u00e9nom\u00e8nes de mouvement des p\u00f4les.<\/li>\n\n\n\n<li>Le client doit IMPERATIVEMENT nous donner les coordonnes en WGS 84.<\/li>\n\n\n\n<li>Nous ne proc\u00e9dons \u00e0 aucun travail de conversion des coordonn\u00e9es GPS en coordonn\u00e9es WGS 84.<\/li>\n\n\n\n<li>Pour \u00e9viter toute contestation le client doit d\u00e9cider de la zone \u00e0 explorer.<\/li>\n\n\n\n<li>Pour les op\u00e9rations de recherches d'\u00e9paves que cela soit un navire ou un avion, nous devons \u00eatre consult\u00e9es pour estimer la faisabilit\u00e9 de l\u2019op\u00e9ration.<\/li>\n\n\n\n<li>Notre travail consiste \u00e0 d\u00e9tecter une masse m\u00e9tallique tr\u00e8s concentr\u00e9e sur une surface minuscule.<\/li>\n\n\n\n<li>Nous devons connaitre la nature des m\u00e9taux les plus importants de l'\u00e9pave.<\/li>\n\n\n\n<li>Pour les explosifs \u00e0 rechercher, nous devons connaitre l\u2019ensemble des composants et leurs enveloppes (bombe, torpille, caisse de munition\u2026)<\/li>\n\n\n\n<li>En cas de recherche de mati\u00e8res fissibles, la composition avec la liste des isotopes est obligatoire.<\/li>\n\n\n\n<li>Pour trouver la zone d'enfouissement de mati\u00e8res dangereuses la fiche FDS, de chaque composant.<\/li>\n\n\n\n<li>Pour la recherche de vieilles \u00e9paves et en ce qui concerne les objets d\u00e9couverts dans les mers et les oc\u00e9ans, toutes les traces de l'existence humaine qui sont immerg\u00e9es (ou \u00e9taient immerg\u00e9es) ont une valeur historique et arch\u00e9ologique.<\/li>\n\n\n\n<li>Cet h\u00e9ritage culturel est prot\u00e9g\u00e9 par la Convention sur la protection du patrimoine culturel subaquatique.<\/li>\n\n\n\n<li>Afin de pr\u00e9server cet h\u00e9ritage, seuls les scientifiques peuvent acc\u00e9der, \u00e9tudier et manipuler les tr\u00e9sors qui se trouvent dans les fonds marins.<\/li>\n\n\n\n<li>Veuillez consulter la Convention sur la protection du patrimoine culturel subaquatique, https:\/\/fr.unesco.org\/underwater-heritage<\/li>\n<\/ul>\n\n\n","protected":false},"excerpt":{"rendered":"<p>La Paz \u00ab\u00a0RSS-NMR by Fands-llc n&rsquo;est pas responsable des erreurs ou omissions, ni des r\u00e9sultats obtenus \u00e0 partir de l&rsquo;utilisation de ces informations. Toutes les informations contenues dans ce site sont fournies \u00ab\u00a0telles quelles\u00a0\u00bb, sans aucune garantie d&rsquo;exhaustivit\u00e9, d&rsquo;exactitude, d&rsquo;actualit\u00e9. ou des r\u00e9sultats obtenus gr\u00e2ce \u00e0 l&rsquo;utilisation de ces informations\u2026\u00a0\u00bb Fands-llc 2015-12-12<\/p>\n","protected":false},"author":1,"featured_media":0,"parent":0,"menu_order":0,"comment_status":"closed","ping_status":"closed","template":"","meta":{"two_page_speed":[],"footnotes":""},"class_list":["post-1369","page","type-page","status-publish","hentry"],"_links":{"self":[{"href":"https:\/\/rss-nmr.info\/index.php\/wp-json\/wp\/v2\/pages\/1369","targetHints":{"allow":["GET"]}}],"collection":[{"href":"https:\/\/rss-nmr.info\/index.php\/wp-json\/wp\/v2\/pages"}],"about":[{"href":"https:\/\/rss-nmr.info\/index.php\/wp-json\/wp\/v2\/types\/page"}],"author":[{"embeddable":true,"href":"https:\/\/rss-nmr.info\/index.php\/wp-json\/wp\/v2\/users\/1"}],"replies":[{"embeddable":true,"href":"https:\/\/rss-nmr.info\/index.php\/wp-json\/wp\/v2\/comments?post=1369"}],"version-history":[{"count":9,"href":"https:\/\/rss-nmr.info\/index.php\/wp-json\/wp\/v2\/pages\/1369\/revisions"}],"predecessor-version":[{"id":2273,"href":"https:\/\/rss-nmr.info\/index.php\/wp-json\/wp\/v2\/pages\/1369\/revisions\/2273"}],"wp:attachment":[{"href":"https:\/\/rss-nmr.info\/index.php\/wp-json\/wp\/v2\/media?parent=1369"}],"curies":[{"name":"wp","href":"https:\/\/api.w.org\/{rel}","templated":true}]}}