{"id":1277,"date":"2024-02-03T18:53:16","date_gmt":"2024-02-03T22:53:16","guid":{"rendered":"https:\/\/rss-nmr.info\/?page_id=1277"},"modified":"2025-09-16T10:08:57","modified_gmt":"2025-09-16T14:08:57","slug":"metaux-precieux-strategiques-terres-rares-gemmes-nodules-polymettaliques","status":"publish","type":"page","link":"https:\/\/rss-nmr.info\/index.php\/metaux-precieux-strategiques-terres-rares-gemmes-nodules-polymettaliques\/","title":{"rendered":"M\u00e9taux pr\u00e9cieux,strat\u00e9giques,terres rares,gemmes,nodules-polym\u00e9talliques"},"content":{"rendered":"\n<p>\/<\/p>\n\n\n\n<!-- clock widget start -->\n<script type=\"text\/javascript\"> var css_file=document.createElement(\"link\"); css_file.setAttribute(\"rel\",\"stylesheet\"); css_file.setAttribute(\"type\",\"text\/css\"); css_file.setAttribute(\"href\",\"https:\/\/s.bookcdn.com\/\/css\/cl\/bw-cl-c22.css?v=0.0.1\"); document.getElementsByTagName(\"head\")[0].appendChild(css_file); <\/script> <div id=\"tw_22_114177258\"><div style=\"width:200px; height:px; margin: 0 auto;\"><a href=\"https:\/\/hotelmix.es\/time\/la-paz-13481\">La Paz<\/a><br\/><\/div><\/div> <script type=\"text\/javascript\"> function setWidgetData_114177258(data){ if(typeof(data) != 'undefined' && data.results.length > 0) { for(var i = 0; i < data.results.length; ++i) { var objMainBlock = ''; var params = data.results[i]; objMainBlock = document.getElementById('tw_'+params.widget_type+'_'+params.widget_id); if(objMainBlock !== null) objMainBlock.innerHTML = params.html_code; } } } var clock_timer_114177258 = -1; widgetSrc = \"https:\/\/widgets.booked.net\/time\/info?ver=2;domid=582;type=22;id=114177258;scode=;city_id=;wlangid=4;mode=1;details=0;background=ffffff;border_color=ffffff;color=686868;add_background=ffffff;add_color=333333;head_color=ffffff;border=0;transparent=0\"; var widgetUrl = location.href; widgetSrc += '&#038;ref=' + widgetUrl; var wstrackId = \"\"; if (wstrackId) { widgetSrc += ';wstrackId=' + wstrackId + ';' } var timeBookedScript = document.createElement(\"script\"); timeBookedScript.setAttribute(\"type\", \"text\/javascript\"); timeBookedScript.src = widgetSrc; document.body.appendChild(timeBookedScript); <\/script>\n<!-- clock widget end -->\n\n\n\n<figure class=\"wp-block-video\"><video height=\"1080\" style=\"aspect-ratio: 1528 \/ 1080;\" width=\"1528\" controls src=\"https:\/\/rss-nmr.info\/wp-content\/uploads\/2025\/09\/film-or-chine_musique-et-logo-fands.mp4\"><\/video><\/figure>\n\n\n\n<p><\/p>\n\n\n\n<div data-wp-interactive=\"core\/file\" class=\"wp-block-file aligncenter\"><object data-wp-bind--hidden=\"!state.hasPdfPreview\" hidden class=\"wp-block-file__embed\" data=\"https:\/\/rss-nmr.info\/wp-content\/uploads\/2025\/09\/Gold-chine-exploration-may-2022-1.pdf\" type=\"application\/pdf\" style=\"width:100%;height:600px\" aria-label=\"Contenu embarqu\u00e9 Gold chine exploration may 2022.\"><\/object><a id=\"wp-block-file--media-1343e384-5777-4cbf-88f8-84b54f671fd0\" href=\"https:\/\/rss-nmr.info\/wp-content\/uploads\/2025\/09\/Gold-chine-exploration-may-2022-1.pdf\">Gold chine exploration may 2022<\/a><a href=\"https:\/\/rss-nmr.info\/wp-content\/uploads\/2025\/09\/Gold-chine-exploration-may-2022-1.pdf\" class=\"wp-block-file__button wp-element-button\" download aria-describedby=\"wp-block-file--media-1343e384-5777-4cbf-88f8-84b54f671fd0\">T\u00e9l\u00e9charger<\/a><\/div>\n\n\n\n<div data-wp-interactive=\"core\/file\" class=\"wp-block-file aligncenter\"><object data-wp-bind--hidden=\"!state.hasPdfPreview\" hidden class=\"wp-block-file__embed\" data=\"https:\/\/rss-nmr.info\/wp-content\/uploads\/2024\/02\/uk-diamond-Congo-Africa-Search-and-delineation-of-diamond-placers.pdf\" type=\"application\/pdf\" style=\"width:100%;height:600px\" aria-label=\"Contenu embarqu\u00e9 uk-diamond-Congo-Africa-Search-and-delineation-of-diamond-placers.\"><\/object><a id=\"wp-block-file--media-03d6f3dd-0521-4ff1-a65f-46958d0eb85e\" href=\"https:\/\/rss-nmr.info\/wp-content\/uploads\/2024\/02\/uk-diamond-Congo-Africa-Search-and-delineation-of-diamond-placers.pdf\">uk-diamond-Congo-Africa-Search-and-delineation-of-diamond-placers<\/a><a href=\"https:\/\/rss-nmr.info\/wp-content\/uploads\/2024\/02\/uk-diamond-Congo-Africa-Search-and-delineation-of-diamond-placers.pdf\" class=\"wp-block-file__button wp-element-button\" download aria-describedby=\"wp-block-file--media-03d6f3dd-0521-4ff1-a65f-46958d0eb85e\">T\u00e9l\u00e9charger<\/a><\/div>\n\n\n\n<figure class=\"wp-block-image aligncenter size-full is-resized\"><img fetchpriority=\"high\" decoding=\"async\" width=\"500\" height=\"333\" src=\"https:\/\/rss-nmr.info\/wp-content\/uploads\/2024\/02\/mines3-1.webp\" alt=\"\" class=\"wp-image-1279\" style=\"width:855px;height:auto\" srcset=\"https:\/\/rss-nmr.info\/wp-content\/uploads\/2024\/02\/mines3-1.webp 500w, https:\/\/rss-nmr.info\/wp-content\/uploads\/2024\/02\/mines3-1-300x200.webp 300w\" sizes=\"(max-width: 500px) 100vw, 500px\" \/><\/figure>\n\n\n\n<div data-wp-interactive=\"core\/file\" class=\"wp-block-file aligncenter\"><object data-wp-bind--hidden=\"!state.hasPdfPreview\" hidden class=\"wp-block-file__embed\" data=\"https:\/\/rss-nmr.info\/wp-content\/uploads\/2024\/02\/12-rss-nmr-search-for-diamonds-and-emeraulds-1.pdf\" type=\"application\/pdf\" style=\"width:100%;height:600px\" aria-label=\"Contenu embarqu\u00e9 12-rss-nmr-search-for-diamonds-and-emeraulds-1.\"><\/object><a id=\"wp-block-file--media-e6e88065-e423-48c8-a583-265007ae47b5\" href=\"https:\/\/rss-nmr.info\/wp-content\/uploads\/2024\/02\/12-rss-nmr-search-for-diamonds-and-emeraulds-1.pdf\">12-rss-nmr-search-for-diamonds-and-emeraulds-1<\/a><a href=\"https:\/\/rss-nmr.info\/wp-content\/uploads\/2024\/02\/12-rss-nmr-search-for-diamonds-and-emeraulds-1.pdf\" class=\"wp-block-file__button wp-element-button\" download aria-describedby=\"wp-block-file--media-e6e88065-e423-48c8-a583-265007ae47b5\">T\u00e9l\u00e9charger<\/a><\/div>\n\n\n\n<h2 class=\"wp-block-heading\">Frontieres Bolivie-Bresil a developper<\/h2>\n\n\n\n<figure class=\"wp-block-image size-large\"><img decoding=\"async\" width=\"1024\" height=\"441\" src=\"https:\/\/rss-nmr.info\/wp-content\/uploads\/2024\/02\/diamants-bolivie-brazil-1024x441.png\" alt=\"\" class=\"wp-image-1282\" srcset=\"https:\/\/rss-nmr.info\/wp-content\/uploads\/2024\/02\/diamants-bolivie-brazil-1024x441.png 1024w, https:\/\/rss-nmr.info\/wp-content\/uploads\/2024\/02\/diamants-bolivie-brazil-300x129.png 300w, https:\/\/rss-nmr.info\/wp-content\/uploads\/2024\/02\/diamants-bolivie-brazil-768x331.png 768w, https:\/\/rss-nmr.info\/wp-content\/uploads\/2024\/02\/diamants-bolivie-brazil.png 1333w\" sizes=\"(max-width: 1024px) 100vw, 1024px\" \/><\/figure>\n\n\n\n<div data-wp-interactive=\"core\/file\" class=\"wp-block-file aligncenter\"><object data-wp-bind--hidden=\"!state.hasPdfPreview\" hidden class=\"wp-block-file__embed\" data=\"https:\/\/rss-nmr.info\/wp-content\/uploads\/2024\/02\/fholadesasopaulo-diamnte-1.pdf\" type=\"application\/pdf\" style=\"width:100%;height:600px\" aria-label=\"Contenu embarqu\u00e9 fholadesasopaulo-diamnte-1.\"><\/object><a id=\"wp-block-file--media-4e6b3778-f9e2-4808-8371-b276df9e0f73\" href=\"https:\/\/rss-nmr.info\/wp-content\/uploads\/2024\/02\/fholadesasopaulo-diamnte-1.pdf\">fholadesasopaulo-diamnte-1<\/a><a href=\"https:\/\/rss-nmr.info\/wp-content\/uploads\/2024\/02\/fholadesasopaulo-diamnte-1.pdf\" class=\"wp-block-file__button wp-element-button\" download aria-describedby=\"wp-block-file--media-4e6b3778-f9e2-4808-8371-b276df9e0f73\">T\u00e9l\u00e9charger<\/a><\/div>\n\n\n\n<figure class=\"wp-block-video\"><video height=\"1080\" style=\"aspect-ratio: 1528 \/ 1080;\" width=\"1528\" controls src=\"https:\/\/rss-nmr.info\/wp-content\/uploads\/2025\/09\/film-or-chine_musique-et-logo-fands.mp4\"><\/video><\/figure>\n\n\n\n<figure class=\"wp-block-image size-full\"><img decoding=\"async\" width=\"992\" height=\"421\" src=\"https:\/\/rss-nmr.info\/wp-content\/uploads\/2024\/02\/diamond-bolivia-.png\" alt=\"\" class=\"wp-image-1285\" srcset=\"https:\/\/rss-nmr.info\/wp-content\/uploads\/2024\/02\/diamond-bolivia-.png 992w, https:\/\/rss-nmr.info\/wp-content\/uploads\/2024\/02\/diamond-bolivia--300x127.png 300w, https:\/\/rss-nmr.info\/wp-content\/uploads\/2024\/02\/diamond-bolivia--768x326.png 768w\" sizes=\"(max-width: 992px) 100vw, 992px\" \/><\/figure>\n\n\n\n<figure class=\"wp-block-image size-full\"><img loading=\"lazy\" decoding=\"async\" width=\"993\" height=\"400\" src=\"https:\/\/rss-nmr.info\/wp-content\/uploads\/2024\/02\/beryl-bolivia-esmeralda-considerando-el-nombre-de-la-mina-.png\" alt=\"\" class=\"wp-image-1286\" srcset=\"https:\/\/rss-nmr.info\/wp-content\/uploads\/2024\/02\/beryl-bolivia-esmeralda-considerando-el-nombre-de-la-mina-.png 993w, https:\/\/rss-nmr.info\/wp-content\/uploads\/2024\/02\/beryl-bolivia-esmeralda-considerando-el-nombre-de-la-mina--300x121.png 300w, https:\/\/rss-nmr.info\/wp-content\/uploads\/2024\/02\/beryl-bolivia-esmeralda-considerando-el-nombre-de-la-mina--768x309.png 768w\" sizes=\"(max-width: 993px) 100vw, 993px\" \/><\/figure>\n\n\n\n<figure class=\"wp-block-image aligncenter size-full\"><img loading=\"lazy\" decoding=\"async\" width=\"419\" height=\"362\" src=\"https:\/\/rss-nmr.info\/wp-content\/uploads\/2025\/09\/cartouche-pour-page-rssnmr.jpg\" alt=\"\" class=\"wp-image-2070\" srcset=\"https:\/\/rss-nmr.info\/wp-content\/uploads\/2025\/09\/cartouche-pour-page-rssnmr.jpg 419w, https:\/\/rss-nmr.info\/wp-content\/uploads\/2025\/09\/cartouche-pour-page-rssnmr-300x259.jpg 300w\" sizes=\"(max-width: 419px) 100vw, 419px\" \/><\/figure>\n\n\n\n<figure class=\"wp-block-video aligncenter\"><video height=\"720\" style=\"aspect-ratio: 1280 \/ 720;\" width=\"1280\" controls src=\"https:\/\/rss-nmr.info\/wp-content\/uploads\/2025\/09\/rss-uk-fands-1.mp4\"><\/video><\/figure>\n","protected":false},"excerpt":{"rendered":"<p>\/ La Paz Frontieres Bolivie-Bresil a developper<\/p>\n","protected":false},"author":1,"featured_media":0,"parent":0,"menu_order":0,"comment_status":"closed","ping_status":"closed","template":"","meta":{"two_page_speed":[],"footnotes":""},"class_list":["post-1277","page","type-page","status-publish","hentry"],"_links":{"self":[{"href":"https:\/\/rss-nmr.info\/index.php\/wp-json\/wp\/v2\/pages\/1277","targetHints":{"allow":["GET"]}}],"collection":[{"href":"https:\/\/rss-nmr.info\/index.php\/wp-json\/wp\/v2\/pages"}],"about":[{"href":"https:\/\/rss-nmr.info\/index.php\/wp-json\/wp\/v2\/types\/page"}],"author":[{"embeddable":true,"href":"https:\/\/rss-nmr.info\/index.php\/wp-json\/wp\/v2\/users\/1"}],"replies":[{"embeddable":true,"href":"https:\/\/rss-nmr.info\/index.php\/wp-json\/wp\/v2\/comments?post=1277"}],"version-history":[{"count":7,"href":"https:\/\/rss-nmr.info\/index.php\/wp-json\/wp\/v2\/pages\/1277\/revisions"}],"predecessor-version":[{"id":2121,"href":"https:\/\/rss-nmr.info\/index.php\/wp-json\/wp\/v2\/pages\/1277\/revisions\/2121"}],"wp:attachment":[{"href":"https:\/\/rss-nmr.info\/index.php\/wp-json\/wp\/v2\/media?parent=1277"}],"curies":[{"name":"wp","href":"https:\/\/api.w.org\/{rel}","templated":true}]}}