{"id":1231,"date":"2024-02-03T18:03:07","date_gmt":"2024-02-03T22:03:07","guid":{"rendered":"https:\/\/rss-nmr.info\/?page_id=1231"},"modified":"2026-04-02T05:56:48","modified_gmt":"2026-04-02T09:56:48","slug":"eau","status":"publish","type":"page","link":"https:\/\/rss-nmr.info\/index.php\/eau\/","title":{"rendered":"Eau"},"content":{"rendered":"\n<figure class=\"wp-block-image alignwide size-large\"><img fetchpriority=\"high\" decoding=\"async\" width=\"1024\" height=\"571\" src=\"https:\/\/rss-nmr.info\/wp-content\/uploads\/2026\/04\/pt-des-usages-rss-1-1024x571.jpg\" alt=\"\" class=\"wp-image-2355\" srcset=\"https:\/\/rss-nmr.info\/wp-content\/uploads\/2026\/04\/pt-des-usages-rss-1-1024x571.jpg 1024w, https:\/\/rss-nmr.info\/wp-content\/uploads\/2026\/04\/pt-des-usages-rss-1-300x167.jpg 300w, https:\/\/rss-nmr.info\/wp-content\/uploads\/2026\/04\/pt-des-usages-rss-1-768x428.jpg 768w, https:\/\/rss-nmr.info\/wp-content\/uploads\/2026\/04\/pt-des-usages-rss-1-600x335.jpg 600w, https:\/\/rss-nmr.info\/wp-content\/uploads\/2026\/04\/pt-des-usages-rss-1.jpg 1434w\" sizes=\"(max-width: 1024px) 100vw, 1024px\" \/><\/figure>\n\n\n\n<!-- clock widget start -->\n<script type=\"text\/javascript\"> var css_file=document.createElement(\"link\"); css_file.setAttribute(\"rel\",\"stylesheet\"); css_file.setAttribute(\"type\",\"text\/css\"); css_file.setAttribute(\"href\",\"https:\/\/s.bookcdn.com\/\/css\/cl\/bw-cl-c22.css?v=0.0.1\"); document.getElementsByTagName(\"head\")[0].appendChild(css_file); <\/script> <div id=\"tw_22_114177258\"><div style=\"width:200px; height:px; margin: 0 auto;\"><a href=\"https:\/\/hotelmix.es\/time\/la-paz-13481\">La Paz<\/a><br\/><\/div><\/div> <script type=\"text\/javascript\"> function setWidgetData_114177258(data){ if(typeof(data) != 'undefined' && data.results.length > 0) { for(var i = 0; i < data.results.length; ++i) { var objMainBlock = ''; var params = data.results[i]; objMainBlock = document.getElementById('tw_'+params.widget_type+'_'+params.widget_id); if(objMainBlock !== null) objMainBlock.innerHTML = params.html_code; } } } var clock_timer_114177258 = -1; widgetSrc = \"https:\/\/widgets.booked.net\/time\/info?ver=2;domid=582;type=22;id=114177258;scode=;city_id=;wlangid=4;mode=1;details=0;background=ffffff;border_color=ffffff;color=686868;add_background=ffffff;add_color=333333;head_color=ffffff;border=0;transparent=0\"; var widgetUrl = location.href; widgetSrc += '&#038;ref=' + widgetUrl; var wstrackId = \"\"; if (wstrackId) { widgetSrc += ';wstrackId=' + wstrackId + ';' } var timeBookedScript = document.createElement(\"script\"); timeBookedScript.setAttribute(\"type\", \"text\/javascript\"); timeBookedScript.src = widgetSrc; document.body.appendChild(timeBookedScript); <\/script>\n<!-- clock widget end -->\n\n\n\n<div data-wp-interactive=\"core\/file\" class=\"wp-block-file alignwide\"><object data-wp-bind--hidden=\"!state.hasPdfPreview\" hidden class=\"wp-block-file__embed\" data=\"https:\/\/rss-nmr.info\/wp-content\/uploads\/2026\/04\/380721eng.pdf\" type=\"application\/pdf\" style=\"width:100%;height:600px\" aria-label=\"Contenu embarqu\u00e9 380721eng.\"><\/object><a id=\"wp-block-file--media-0abe5a55-14c4-46f1-87d1-756c428b9dc1\" href=\"https:\/\/rss-nmr.info\/wp-content\/uploads\/2026\/04\/380721eng.pdf\">380721eng<\/a><a href=\"https:\/\/rss-nmr.info\/wp-content\/uploads\/2026\/04\/380721eng.pdf\" class=\"wp-block-file__button wp-element-button\" download aria-describedby=\"wp-block-file--media-0abe5a55-14c4-46f1-87d1-756c428b9dc1\">T\u00e9l\u00e9charger<\/a><\/div>\n\n\n\n<h2 class=\"wp-block-heading\">\u201cPlus de 2 milliards de personnes soumis \u00e0 un stress hydrique\u201d<\/h2>\n\n\n\n<p>Le r\u00e9chauffement climatique et la mauvaise gestion des ressources en eau aggravent les s\u00e9cheresses partout dans le monde. Une situation qui met en danger des millions de personnes mais qui a aussi de graves cons\u00e9quences sociales et \u00e9conomiques.En 2018, 3,6 milliards de personnes n'ont pas eu un acc\u00e8s suffisant \u00e0 l'eau potable pendant au moins un mois. D'ici 2050, elles seront 5 milliards dans ce cas, alerte le nouveau rapport de l'OMM sur l\u2019eau dans le monde. Un rapport, qui contient les contributions d'une vingtaine d'organisations internationales, d'organismes de d\u00e9veloppement et d'instituts scientifiques, avance des chiffres tr\u00e8s inqui\u00e9tants sur la p\u00e9nurie qui menace les populations. Plus de 80 % des zones humides ont \u00e9t\u00e9 perdues depuis l'\u00e8re pr\u00e9industrielle dans le monde et ces 20 derni\u00e8res ann\u00e9es, le stockage de l'eau dans les terres a diminu\u00e9 d'un centim\u00e8tre par an, en tenant compte de la surface, du sous-sol mais aussi de l'humidit\u00e9 du sol, de la neige et de la glace. Au total, le nombre et la dur\u00e9e des s\u00e9cheresses a augment\u00e9 de 29 % en 20 ans.<\/p>\n\n\n\n<div data-wp-interactive=\"core\/file\" class=\"wp-block-file alignwide\"><object data-wp-bind--hidden=\"!state.hasPdfPreview\" hidden class=\"wp-block-file__embed\" data=\"https:\/\/rss-nmr.info\/wp-content\/uploads\/2026\/03\/FR-2006-03-30-L-eu-le-bien-le-plus-precieux-.pdf\" type=\"application\/pdf\" style=\"width:100%;height:600px\" aria-label=\"Contenu embarqu\u00e9 FR-2006-03-30-L eu le bien le plus precieux -.\"><\/object><a id=\"wp-block-file--media-f90a61dc-6385-4a81-b415-fd651fff2ab4\" href=\"https:\/\/rss-nmr.info\/wp-content\/uploads\/2026\/03\/FR-2006-03-30-L-eu-le-bien-le-plus-precieux-.pdf\">FR-2006-03-30-L eu le bien le plus precieux -<\/a><a href=\"https:\/\/rss-nmr.info\/wp-content\/uploads\/2026\/03\/FR-2006-03-30-L-eu-le-bien-le-plus-precieux-.pdf\" class=\"wp-block-file__button wp-element-button\" download aria-describedby=\"wp-block-file--media-f90a61dc-6385-4a81-b415-fd651fff2ab4\">T\u00e9l\u00e9charger<\/a><\/div>\n\n\n\n<figure class=\"wp-block-image alignwide size-full\"><img decoding=\"async\" width=\"556\" height=\"437\" src=\"https:\/\/rss-nmr.info\/wp-content\/uploads\/2024\/02\/eau1.png\" alt=\"\" class=\"wp-image-1232\" srcset=\"https:\/\/rss-nmr.info\/wp-content\/uploads\/2024\/02\/eau1.png 556w, https:\/\/rss-nmr.info\/wp-content\/uploads\/2024\/02\/eau1-300x236.png 300w\" sizes=\"(max-width: 556px) 100vw, 556px\" \/><\/figure>\n\n\n\n<div data-wp-interactive=\"core\/file\" class=\"wp-block-file alignwide\"><object data-wp-bind--hidden=\"!state.hasPdfPreview\" hidden class=\"wp-block-file__embed\" data=\"https:\/\/rss-nmr.info\/wp-content\/uploads\/2024\/02\/ru-water-Mongolia-Gobi-Desert-Search-for-groundwater.pdf\" type=\"application\/pdf\" style=\"width:100%;height:600px\" aria-label=\"Contenu embarqu\u00e9 ru-water-Mongolia-Gobi-Desert-Search-for-groundwater.\"><\/object><a id=\"wp-block-file--media-e739bcde-7f3a-429b-a00d-c3dcfa4d13d0\" href=\"https:\/\/rss-nmr.info\/wp-content\/uploads\/2024\/02\/ru-water-Mongolia-Gobi-Desert-Search-for-groundwater.pdf\">ru-water-Mongolia-Gobi-Desert-Search-for-groundwater<\/a><a href=\"https:\/\/rss-nmr.info\/wp-content\/uploads\/2024\/02\/ru-water-Mongolia-Gobi-Desert-Search-for-groundwater.pdf\" class=\"wp-block-file__button wp-element-button\" download aria-describedby=\"wp-block-file--media-e739bcde-7f3a-429b-a00d-c3dcfa4d13d0\">T\u00e9l\u00e9charger<br><\/a><\/div>\n\n\n\n<div data-wp-interactive=\"core\/file\" class=\"wp-block-file alignwide\"><object data-wp-bind--hidden=\"!state.hasPdfPreview\" hidden class=\"wp-block-file__embed\" data=\"https:\/\/rss-nmr.info\/wp-content\/uploads\/2024\/02\/ru-water-Mongolia-Gobi-Desert-search-for-underground-waters.pdf\" type=\"application\/pdf\" style=\"width:100%;height:600px\" aria-label=\"Contenu embarqu\u00e9 ru-water-Mongolia-Gobi-Desert-search-for-underground-waters.\"><\/object><a id=\"wp-block-file--media-6204ffcf-2f00-4881-b2bb-2688b9c5f287\" href=\"https:\/\/rss-nmr.info\/wp-content\/uploads\/2024\/02\/ru-water-Mongolia-Gobi-Desert-search-for-underground-waters.pdf\">ru-water-Mongolia-Gobi-Desert-search-for-underground-waters<\/a><a href=\"https:\/\/rss-nmr.info\/wp-content\/uploads\/2024\/02\/ru-water-Mongolia-Gobi-Desert-search-for-underground-waters.pdf\" class=\"wp-block-file__button wp-element-button\" download aria-describedby=\"wp-block-file--media-6204ffcf-2f00-4881-b2bb-2688b9c5f287\">T\u00e9l\u00e9charger<\/a><\/div>\n\n\n\n<figure class=\"wp-block-image alignwide size-full\"><img decoding=\"async\" width=\"556\" height=\"439\" src=\"https:\/\/rss-nmr.info\/wp-content\/uploads\/2024\/02\/eau2.png\" alt=\"\" class=\"wp-image-1235\" srcset=\"https:\/\/rss-nmr.info\/wp-content\/uploads\/2024\/02\/eau2.png 556w, https:\/\/rss-nmr.info\/wp-content\/uploads\/2024\/02\/eau2-300x237.png 300w\" sizes=\"(max-width: 556px) 100vw, 556px\" \/><\/figure>\n\n\n\n<div data-wp-interactive=\"core\/file\" class=\"wp-block-file alignwide\"><object data-wp-bind--hidden=\"!state.hasPdfPreview\" hidden class=\"wp-block-file__embed\" data=\"https:\/\/rss-nmr.info\/wp-content\/uploads\/2026\/03\/fr-2015-07-12-detection-eau-profonde-et-magmatique-REV-01-2026-03-27-1-converted-1.pdf\" type=\"application\/pdf\" style=\"width:100%;height:600px\" aria-label=\"Contenu embarqu\u00e9 fr-2015-07-12 detection eau profonde et magmatique REV 01 2026-03-27 (1) - converted.\"><\/object><a id=\"wp-block-file--media-1d28be1d-3a03-46a4-8140-ca8497f4751e\" href=\"https:\/\/rss-nmr.info\/wp-content\/uploads\/2026\/03\/fr-2015-07-12-detection-eau-profonde-et-magmatique-REV-01-2026-03-27-1-converted-1.pdf\">fr-2015-07-12 detection eau profonde et magmatique REV 01 2026-03-27 (1) - converted<\/a><a href=\"https:\/\/rss-nmr.info\/wp-content\/uploads\/2026\/03\/fr-2015-07-12-detection-eau-profonde-et-magmatique-REV-01-2026-03-27-1-converted-1.pdf\" class=\"wp-block-file__button wp-element-button\" download aria-describedby=\"wp-block-file--media-1d28be1d-3a03-46a4-8140-ca8497f4751e\">T\u00e9l\u00e9charger<\/a><\/div>\n\n\n\n<div data-wp-interactive=\"core\/file\" class=\"wp-block-file aligncenter\"><object data-wp-bind--hidden=\"!state.hasPdfPreview\" hidden class=\"wp-block-file__embed\" data=\"https:\/\/rss-nmr.info\/wp-content\/uploads\/2024\/02\/ru-waters-Crimea-Simferopol-district-Search-delineation-and-calculation-of-fresh-groundwater-resources.pdf\" type=\"application\/pdf\" style=\"width:100%;height:600px\" aria-label=\"Contenu embarqu\u00e9 ru-waters-Crimea-Simferopol-district-Search-delineation-and-calculation-of-fresh-groundwater-resources.\"><\/object><a id=\"wp-block-file--media-f94b9d7f-2fe2-453c-a73d-04c1ff38c303\" href=\"https:\/\/rss-nmr.info\/wp-content\/uploads\/2024\/02\/ru-waters-Crimea-Simferopol-district-Search-delineation-and-calculation-of-fresh-groundwater-resources.pdf\">ru-waters-Crimea-Simferopol-district-Search-delineation-and-calculation-of-fresh-groundwater-resources<\/a><a href=\"https:\/\/rss-nmr.info\/wp-content\/uploads\/2024\/02\/ru-waters-Crimea-Simferopol-district-Search-delineation-and-calculation-of-fresh-groundwater-resources.pdf\" class=\"wp-block-file__button wp-element-button\" download aria-describedby=\"wp-block-file--media-f94b9d7f-2fe2-453c-a73d-04c1ff38c303\">T\u00e9l\u00e9charger<br><\/a><\/div>\n\n\n\n<div data-wp-interactive=\"core\/file\" class=\"wp-block-file alignwide\"><object data-wp-bind--hidden=\"!state.hasPdfPreview\" hidden class=\"wp-block-file__embed\" data=\"https:\/\/rss-nmr.info\/wp-content\/uploads\/2026\/04\/uk-202604-01-Magmatic-water-and-Subterranean_Blueprints.pdf\" type=\"application\/pdf\" style=\"width:100%;height:600px\" aria-label=\"Contenu embarqu\u00e9 uk-202604-01-Magmatic water and Subterranean_Blueprints.\"><\/object><a id=\"wp-block-file--media-5bfb3f1e-e7a4-4cbe-b58f-b4ed6aef05b9\" href=\"https:\/\/rss-nmr.info\/wp-content\/uploads\/2026\/04\/uk-202604-01-Magmatic-water-and-Subterranean_Blueprints.pdf\">uk-202604-01-Magmatic water and Subterranean_Blueprints<\/a><a href=\"https:\/\/rss-nmr.info\/wp-content\/uploads\/2026\/04\/uk-202604-01-Magmatic-water-and-Subterranean_Blueprints.pdf\" class=\"wp-block-file__button wp-element-button\" download aria-describedby=\"wp-block-file--media-5bfb3f1e-e7a4-4cbe-b58f-b4ed6aef05b9\">T\u00e9l\u00e9charger<\/a><\/div>\n\n\n\n<div data-wp-interactive=\"core\/file\" class=\"wp-block-file aligncenter\"><object data-wp-bind--hidden=\"!state.hasPdfPreview\" hidden class=\"wp-block-file__embed\" data=\"https:\/\/rss-nmr.info\/wp-content\/uploads\/2024\/02\/ru-water-Sevastopol-Cape-Fiolent-Search-for-groundwater.pdf\" type=\"application\/pdf\" style=\"width:100%;height:600px\" aria-label=\"Contenu embarqu\u00e9 ru-water-Sevastopol-Cape-Fiolent-Search-for-groundwater.\"><\/object><a id=\"wp-block-file--media-7cdeed20-f2d9-4c99-9a60-183c1ef2972b\" href=\"https:\/\/rss-nmr.info\/wp-content\/uploads\/2024\/02\/ru-water-Sevastopol-Cape-Fiolent-Search-for-groundwater.pdf\">ru-water-Sevastopol-Cape-Fiolent-Search-for-groundwater<\/a><a href=\"https:\/\/rss-nmr.info\/wp-content\/uploads\/2024\/02\/ru-water-Sevastopol-Cape-Fiolent-Search-for-groundwater.pdf\" class=\"wp-block-file__button wp-element-button\" download aria-describedby=\"wp-block-file--media-7cdeed20-f2d9-4c99-9a60-183c1ef2972b\">T\u00e9l\u00e9charger<\/a><\/div>\n\n\n\n<div data-wp-interactive=\"core\/file\" class=\"wp-block-file alignwide\"><object data-wp-bind--hidden=\"!state.hasPdfPreview\" hidden class=\"wp-block-file__embed\" data=\"https:\/\/rss-nmr.info\/wp-content\/uploads\/2026\/03\/uk-2026-03-30-problematic-of-the-water.pdf\" type=\"application\/pdf\" style=\"width:100%;height:600px\" aria-label=\"Contenu embarqu\u00e9 uk-2026-03-30-problematic of the water.\"><\/object><a id=\"wp-block-file--media-8a6e3a24-5505-4958-8991-049835e22552\" href=\"https:\/\/rss-nmr.info\/wp-content\/uploads\/2026\/03\/uk-2026-03-30-problematic-of-the-water.pdf\">uk-2026-03-30-problematic of the water<\/a><a href=\"https:\/\/rss-nmr.info\/wp-content\/uploads\/2026\/03\/uk-2026-03-30-problematic-of-the-water.pdf\" class=\"wp-block-file__button wp-element-button\" download aria-describedby=\"wp-block-file--media-8a6e3a24-5505-4958-8991-049835e22552\">T\u00e9l\u00e9charger<\/a><\/div>\n\n\n\n<div data-wp-interactive=\"core\/file\" class=\"wp-block-file alignwide\"><object data-wp-bind--hidden=\"!state.hasPdfPreview\" hidden class=\"wp-block-file__embed\" data=\"https:\/\/rss-nmr.info\/wp-content\/uploads\/2024\/02\/ru-water-Sevastopol-the-village-of-Goncharnoe-Search-delineation-and-calculation-of-fresh-groundwater-resources.pdf\" type=\"application\/pdf\" style=\"width:100%;height:600px\" aria-label=\"Contenu embarqu\u00e9 ru-water-Sevastopol-the-village-of-Goncharnoe-Search-delineation-and-calculation-of-fresh-groundwater-resources.\"><\/object><a id=\"wp-block-file--media-d2988aa8-f584-4a9d-a3b6-460d83be2176\" href=\"https:\/\/rss-nmr.info\/wp-content\/uploads\/2024\/02\/ru-water-Sevastopol-the-village-of-Goncharnoe-Search-delineation-and-calculation-of-fresh-groundwater-resources.pdf\">ru-water-Sevastopol-the-village-of-Goncharnoe-Search-delineation-and-calculation-of-fresh-groundwater-resources<\/a><a href=\"https:\/\/rss-nmr.info\/wp-content\/uploads\/2024\/02\/ru-water-Sevastopol-the-village-of-Goncharnoe-Search-delineation-and-calculation-of-fresh-groundwater-resources.pdf\" class=\"wp-block-file__button wp-element-button\" download aria-describedby=\"wp-block-file--media-d2988aa8-f584-4a9d-a3b6-460d83be2176\">T\u00e9l\u00e9charger<\/a><\/div>\n\n\n\n<figure class=\"wp-block-image alignwide size-full\"><img loading=\"lazy\" decoding=\"async\" width=\"556\" height=\"440\" src=\"https:\/\/rss-nmr.info\/wp-content\/uploads\/2024\/02\/eau3.png\" alt=\"\" class=\"wp-image-1238\" srcset=\"https:\/\/rss-nmr.info\/wp-content\/uploads\/2024\/02\/eau3.png 556w, https:\/\/rss-nmr.info\/wp-content\/uploads\/2024\/02\/eau3-300x237.png 300w\" sizes=\"(max-width: 556px) 100vw, 556px\" \/><\/figure>\n\n\n\n<div data-wp-interactive=\"core\/file\" class=\"wp-block-file alignwide\"><object data-wp-bind--hidden=\"!state.hasPdfPreview\" hidden class=\"wp-block-file__embed\" data=\"https:\/\/rss-nmr.info\/wp-content\/uploads\/2026\/04\/uk-2026-04-01-The_Magmatic_Water_Engine.pdf\" type=\"application\/pdf\" style=\"width:100%;height:600px\" aria-label=\"Contenu embarqu\u00e9 uk-2026-04-01-The_Magmatic_Water_Engine.\"><\/object><a id=\"wp-block-file--media-833de14e-dbd6-4985-ab19-2cd096ea0a4b\" href=\"https:\/\/rss-nmr.info\/wp-content\/uploads\/2026\/04\/uk-2026-04-01-The_Magmatic_Water_Engine.pdf\">uk-2026-04-01-The_Magmatic_Water_Engine<\/a><a href=\"https:\/\/rss-nmr.info\/wp-content\/uploads\/2026\/04\/uk-2026-04-01-The_Magmatic_Water_Engine.pdf\" class=\"wp-block-file__button wp-element-button\" download aria-describedby=\"wp-block-file--media-833de14e-dbd6-4985-ab19-2cd096ea0a4b\">T\u00e9l\u00e9charger<\/a><\/div>\n\n\n\n<figure class=\"wp-block-image alignwide size-large\"><img loading=\"lazy\" decoding=\"async\" width=\"1024\" height=\"774\" src=\"https:\/\/rss-nmr.info\/wp-content\/uploads\/2026\/04\/eau-emirati-1-1-1024x774.jpg\" alt=\"\" class=\"wp-image-2311\" srcset=\"https:\/\/rss-nmr.info\/wp-content\/uploads\/2026\/04\/eau-emirati-1-1-1024x774.jpg 1024w, https:\/\/rss-nmr.info\/wp-content\/uploads\/2026\/04\/eau-emirati-1-1-300x227.jpg 300w, https:\/\/rss-nmr.info\/wp-content\/uploads\/2026\/04\/eau-emirati-1-1-768x580.jpg 768w, https:\/\/rss-nmr.info\/wp-content\/uploads\/2026\/04\/eau-emirati-1-1-600x453.jpg 600w, https:\/\/rss-nmr.info\/wp-content\/uploads\/2026\/04\/eau-emirati-1-1.jpg 1167w\" sizes=\"(max-width: 1024px) 100vw, 1024px\" \/><\/figure>\n\n\n\n<div data-wp-interactive=\"core\/file\" class=\"wp-block-file alignwide\"><object data-wp-bind--hidden=\"!state.hasPdfPreview\" hidden class=\"wp-block-file__embed\" data=\"https:\/\/rss-nmr.info\/wp-content\/uploads\/2026\/04\/380723fre.pdf\" type=\"application\/pdf\" style=\"width:100%;height:600px\" aria-label=\"Contenu embarqu\u00e9 380723fre.\"><\/object><a id=\"wp-block-file--media-15c2f8d8-b3b4-49b0-a154-d4547937b7d7\" href=\"https:\/\/rss-nmr.info\/wp-content\/uploads\/2026\/04\/380723fre.pdf\">380723fre<\/a><a href=\"https:\/\/rss-nmr.info\/wp-content\/uploads\/2026\/04\/380723fre.pdf\" class=\"wp-block-file__button wp-element-button\" download aria-describedby=\"wp-block-file--media-15c2f8d8-b3b4-49b0-a154-d4547937b7d7\">T\u00e9l\u00e9charger<\/a><\/div>\n\n\n\n<div data-wp-interactive=\"core\/file\" class=\"wp-block-file alignwide\"><object data-wp-bind--hidden=\"!state.hasPdfPreview\" hidden class=\"wp-block-file__embed\" data=\"https:\/\/rss-nmr.info\/wp-content\/uploads\/2026\/04\/ARA-2026-04-02-Earth_s_Hidden_Water_Machine.pdf\" type=\"application\/pdf\" style=\"width:100%;height:600px\" aria-label=\"Contenu embarqu\u00e9 ARA-2026-04-02-Earth_s_Hidden_Water_Machine.\"><\/object><a id=\"wp-block-file--media-ff5b4078-2495-429e-9c42-7be3c7ff595e\" href=\"https:\/\/rss-nmr.info\/wp-content\/uploads\/2026\/04\/ARA-2026-04-02-Earth_s_Hidden_Water_Machine.pdf\">ARA-2026-04-02-Earth_s_Hidden_Water_Machine<\/a><a href=\"https:\/\/rss-nmr.info\/wp-content\/uploads\/2026\/04\/ARA-2026-04-02-Earth_s_Hidden_Water_Machine.pdf\" class=\"wp-block-file__button wp-element-button\" download aria-describedby=\"wp-block-file--media-ff5b4078-2495-429e-9c42-7be3c7ff595e\">T\u00e9l\u00e9charger<\/a><\/div>\n\n\n\n<div data-wp-interactive=\"core\/file\" class=\"wp-block-file alignwide\"><object data-wp-bind--hidden=\"!state.hasPdfPreview\" hidden class=\"wp-block-file__embed\" data=\"https:\/\/rss-nmr.info\/wp-content\/uploads\/2026\/04\/382894spa-1.pdf\" type=\"application\/pdf\" style=\"width:100%;height:600px\" aria-label=\"Contenu embarqu\u00e9 382894spa.\"><\/object><a id=\"wp-block-file--media-d408d3d6-6115-4575-82a5-3a96401a7648\" href=\"https:\/\/rss-nmr.info\/wp-content\/uploads\/2026\/04\/382894spa-1.pdf\">382894spa<\/a><a href=\"https:\/\/rss-nmr.info\/wp-content\/uploads\/2026\/04\/382894spa-1.pdf\" class=\"wp-block-file__button wp-element-button\" download aria-describedby=\"wp-block-file--media-d408d3d6-6115-4575-82a5-3a96401a7648\">T\u00e9l\u00e9charger<\/a><\/div>\n\n\n\n<figure class=\"wp-block-image alignfull size-large\"><img loading=\"lazy\" decoding=\"async\" width=\"1024\" height=\"672\" src=\"https:\/\/rss-nmr.info\/wp-content\/uploads\/2026\/04\/fr-autre-usage-de-la-rss-nmr-1024x672.jpg\" alt=\"\" class=\"wp-image-2312\" srcset=\"https:\/\/rss-nmr.info\/wp-content\/uploads\/2026\/04\/fr-autre-usage-de-la-rss-nmr-1024x672.jpg 1024w, https:\/\/rss-nmr.info\/wp-content\/uploads\/2026\/04\/fr-autre-usage-de-la-rss-nmr-300x197.jpg 300w, https:\/\/rss-nmr.info\/wp-content\/uploads\/2026\/04\/fr-autre-usage-de-la-rss-nmr-768x504.jpg 768w, https:\/\/rss-nmr.info\/wp-content\/uploads\/2026\/04\/fr-autre-usage-de-la-rss-nmr-600x394.jpg 600w, https:\/\/rss-nmr.info\/wp-content\/uploads\/2026\/04\/fr-autre-usage-de-la-rss-nmr.jpg 1166w\" sizes=\"(max-width: 1024px) 100vw, 1024px\" \/><\/figure>\n\n\n\n<figure class=\"wp-block-image aligncenter size-full\"><img loading=\"lazy\" decoding=\"async\" width=\"419\" height=\"362\" src=\"https:\/\/rss-nmr.info\/wp-content\/uploads\/2025\/09\/cartouche-pour-page-rssnmr.jpg\" alt=\"\" class=\"wp-image-2070\" srcset=\"https:\/\/rss-nmr.info\/wp-content\/uploads\/2025\/09\/cartouche-pour-page-rssnmr.jpg 419w, https:\/\/rss-nmr.info\/wp-content\/uploads\/2025\/09\/cartouche-pour-page-rssnmr-300x259.jpg 300w\" sizes=\"(max-width: 419px) 100vw, 419px\" \/><\/figure>\n","protected":false},"excerpt":{"rendered":"<p>La Paz \u201cPlus de 2 milliards de personnes soumis \u00e0 un stress hydrique\u201d Le r\u00e9chauffement climatique et la mauvaise gestion des ressources en eau aggravent les s\u00e9cheresses partout dans le monde. Une situation qui met en danger des millions de personnes mais qui a aussi de graves cons\u00e9quences sociales et \u00e9conomiques.En 2018, 3,6 milliards de [&hellip;]<\/p>\n","protected":false},"author":1,"featured_media":0,"parent":0,"menu_order":0,"comment_status":"closed","ping_status":"closed","template":"","meta":{"two_page_speed":[],"footnotes":""},"class_list":["post-1231","page","type-page","status-publish","hentry"],"_links":{"self":[{"href":"https:\/\/rss-nmr.info\/index.php\/wp-json\/wp\/v2\/pages\/1231","targetHints":{"allow":["GET"]}}],"collection":[{"href":"https:\/\/rss-nmr.info\/index.php\/wp-json\/wp\/v2\/pages"}],"about":[{"href":"https:\/\/rss-nmr.info\/index.php\/wp-json\/wp\/v2\/types\/page"}],"author":[{"embeddable":true,"href":"https:\/\/rss-nmr.info\/index.php\/wp-json\/wp\/v2\/users\/1"}],"replies":[{"embeddable":true,"href":"https:\/\/rss-nmr.info\/index.php\/wp-json\/wp\/v2\/comments?post=1231"}],"version-history":[{"count":15,"href":"https:\/\/rss-nmr.info\/index.php\/wp-json\/wp\/v2\/pages\/1231\/revisions"}],"predecessor-version":[{"id":2365,"href":"https:\/\/rss-nmr.info\/index.php\/wp-json\/wp\/v2\/pages\/1231\/revisions\/2365"}],"wp:attachment":[{"href":"https:\/\/rss-nmr.info\/index.php\/wp-json\/wp\/v2\/media?parent=1231"}],"curies":[{"name":"wp","href":"https:\/\/api.w.org\/{rel}","templated":true}]}}